{"id":13396,"date":"2014-03-24T10:54:51","date_gmt":"2014-03-24T10:54:51","guid":{"rendered":"https:\/\/bridge300.qodeinteractive.com\/?page_id=13396"},"modified":"2024-07-25T16:12:16","modified_gmt":"2024-07-25T15:12:16","slug":"who-we-are","status":"publish","type":"page","link":"https:\/\/soldodubai.com\/en\/who-we-are\/","title":{"rendered":"ABOUT US"},"content":{"rendered":"<div data-elementor-type=\"wp-page\" data-elementor-id=\"13396\" class=\"elementor elementor-13396\">\n\t\t\t\t\t\t<section class=\"elementor-section elementor-top-section elementor-element elementor-element-5a549e92 elementor-section-boxed elementor-section-height-default elementor-section-height-default parallax_section_no qode_elementor_container_no\" data-id=\"5a549e92\" data-element_type=\"section\" data-e-type=\"section\">\n\t\t\t\t\t\t<div class=\"elementor-container elementor-column-gap-default\">\n\t\t\t\t\t<div class=\"elementor-column elementor-col-100 elementor-top-column elementor-element elementor-element-3d54dd53\" data-id=\"3d54dd53\" data-element_type=\"column\" data-e-type=\"column\">\n\t\t\t<div class=\"elementor-widget-wrap elementor-element-populated\">\n\t\t\t\t\t\t<div class=\"elementor-element elementor-element-3f6b71f1 elementor-widget__width-inherit elementor-widget elementor-widget-text-editor\" data-id=\"3f6b71f1\" data-element_type=\"widget\" data-e-type=\"widget\" data-widget_type=\"text-editor.default\">\n\t\t\t\t<div class=\"elementor-widget-container\">\n\t\t\t\t\t\t\t\t\t<h1 class=\"elementor-heading-title elementor-size-default\" style=\"text-align: center;\"><span style=\"color: #cfab5b;\">ABOUT US<\/span><\/h1>\n<h3>\u00a0<\/h3>\n<p>&nbsp;<\/p>\n<h3 style=\"text-align: center;\"><b>MEDIO ORIENTE TRAVEL &amp; TOURS LLC<\/b><\/h3>\n<p>&nbsp;<\/p>\n<p style=\"text-align: center;\">Sol do Dubai was born from the union of two entrepreneurs with over 10 years' experience in the tourism industry, who offer the most incredible experiences Dubai and the Emirates have to offer!<\/p>\n<p style=\"text-align: center;\">Sol do Dubai transforms every trip into an extraordinary adventure, where desert meets luxury and tradition meets modernity. We are committed to service excellence, ensuring that every customer takes home memories as brilliant as the Dubai sunrise.<\/p>\n<p style=\"text-align: center;\">Our team is available 7 days a week via various means of communication, such as WhatsApp, Instagram, Facebook and by phone.<\/p>\n<p style=\"text-align: center;\">Here's a list of things to do in and around Dubai that we've visited and tested to make sure you get the best value for money.<br \/>We also offer you a wide choice of hotels that we know well, so you can choose the best location for a perfect stay that respects your budget.<\/p>\n<div class=\"elementor-divider\">\u00a0<\/div>\n<p style=\"text-align: center;\"><br \/><\/p>\n<h2 style=\"text-align: center;\">FOUNDER<\/h2>\n<p align=\"center\"><strong><em>Ilham Khalladi &amp; Rita Salgado<\/em><\/strong><\/p>\n<p align=\"center\"><strong>Co-founder<\/strong><\/p>\n\n<div class=\"wp-block-spacer\" style=\"height: 25px;\" aria-hidden=\"true\">\u00a0<\/div>\n\t\t\t\t\t\t\t\t<\/div>\n\t\t\t\t<\/div>\n\t\t\t\t\t<\/div>\n\t\t<\/div>\n\t\t\t\t\t<\/div>\n\t\t<\/section>\n\t\t\t\t<section class=\"elementor-section elementor-top-section elementor-element elementor-element-ae4d217 elementor-section-boxed elementor-section-height-default elementor-section-height-default parallax_section_no qode_elementor_container_no\" data-id=\"ae4d217\" data-element_type=\"section\" data-e-type=\"section\">\n\t\t\t\t\t\t<div class=\"elementor-container elementor-column-gap-default\">\n\t\t\t\t\t<div class=\"elementor-column elementor-col-100 elementor-top-column elementor-element elementor-element-d619d14\" data-id=\"d619d14\" data-element_type=\"column\" data-e-type=\"column\">\n\t\t\t<div class=\"elementor-widget-wrap elementor-element-populated\">\n\t\t\t\t\t\t\t<\/div>\n\t\t<\/div>\n\t\t\t\t\t<\/div>\n\t\t<\/section>\n\t\t\t\t<\/div>","protected":false},"excerpt":{"rendered":"<p>WHO WE ARE MEDIO ORIENTE TRAVEL &amp; TOURS LLC Sol do Dubai was born from the union of two entrepreneurs with over 10 years of experience in the tourism industry, offering the most incredible experiences that Dubai and the Emirates have to offer....<\/p>","protected":false},"author":1,"featured_media":0,"parent":0,"menu_order":0,"comment_status":"open","ping_status":"open","template":"","meta":{"footnotes":""},"class_list":["post-13396","page","type-page","status-publish","hentry"],"rttpg_featured_image_url":null,"rttpg_author":{"display_name":"admin","author_link":"https:\/\/soldodubai.com\/en\/author\/admin\/"},"rttpg_comment":0,"rttpg_category":null,"rttpg_excerpt":"QUI SOMMES NOUS \u00a0 &nbsp; MEDIO ORIENTE TRAVEL &amp; TOURS LLC &nbsp; Sol do Dubai est n\u00e9 de l&rsquo;union de deux entrepreneurs ayant plus de 10 ans d&rsquo;exp\u00e9rience dans l&rsquo;industrie du tourisme, qui proposent les exp\u00e9riences les plus incroyables que Duba\u00ef et les \u00c9mirats ont...","_links":{"self":[{"href":"https:\/\/soldodubai.com\/en\/wp-json\/wp\/v2\/pages\/13396","targetHints":{"allow":["GET"]}}],"collection":[{"href":"https:\/\/soldodubai.com\/en\/wp-json\/wp\/v2\/pages"}],"about":[{"href":"https:\/\/soldodubai.com\/en\/wp-json\/wp\/v2\/types\/page"}],"author":[{"embeddable":true,"href":"https:\/\/soldodubai.com\/en\/wp-json\/wp\/v2\/users\/1"}],"replies":[{"embeddable":true,"href":"https:\/\/soldodubai.com\/en\/wp-json\/wp\/v2\/comments?post=13396"}],"version-history":[{"count":0,"href":"https:\/\/soldodubai.com\/en\/wp-json\/wp\/v2\/pages\/13396\/revisions"}],"wp:attachment":[{"href":"https:\/\/soldodubai.com\/en\/wp-json\/wp\/v2\/media?parent=13396"}],"curies":[{"name":"wp","href":"https:\/\/api.w.org\/{rel}","templated":true}]}}