{"id":18341,"date":"2019-12-23T09:35:37","date_gmt":"2019-12-23T09:35:37","guid":{"rendered":"https:\/\/bridge300.qodeinteractive.com\/?page_id=18341"},"modified":"2025-04-18T20:05:19","modified_gmt":"2025-04-18T19:05:19","slug":"sdb-mag","status":"publish","type":"page","link":"https:\/\/soldodubai.com\/en\/sdb-mag\/","title":{"rendered":"DUBAI MAG FLOOR"},"content":{"rendered":"<div data-elementor-type=\"wp-page\" data-elementor-id=\"18341\" class=\"elementor elementor-18341\">\n\t\t\t\t\t\t<section class=\"elementor-section elementor-top-section elementor-element elementor-element-ac3c99e elementor-section-full_width elementor-section-stretched elementor-section-height-default elementor-section-height-default parallax_section_no qode_elementor_container_no\" data-id=\"ac3c99e\" data-element_type=\"section\" data-e-type=\"section\" data-settings=\"{&quot;stretch_section&quot;:&quot;section-stretched&quot;}\">\n\t\t\t\t\t\t<div class=\"elementor-container elementor-column-gap-default\">\n\t\t\t\t\t<div class=\"elementor-column elementor-col-100 elementor-top-column elementor-element elementor-element-ccb5d09\" data-id=\"ccb5d09\" data-element_type=\"column\" data-e-type=\"column\">\n\t\t\t<div class=\"elementor-widget-wrap elementor-element-populated\">\n\t\t\t\t\t\t<div class=\"elementor-element elementor-element-f2b4352 elementor-widget elementor-widget-heading\" data-id=\"f2b4352\" data-element_type=\"widget\" data-e-type=\"widget\" data-widget_type=\"heading.default\">\n\t\t\t\t<div class=\"elementor-widget-container\">\n\t\t\t\t\t<h2 class=\"elementor-heading-title elementor-size-default\">ALL OUR TIPS<\/h2>\t\t\t\t<\/div>\n\t\t\t\t<\/div>\n\t\t\t\t<div class=\"elementor-element elementor-element-d8a2aab elementor-widget elementor-widget-html\" data-id=\"d8a2aab\" data-element_type=\"widget\" data-e-type=\"widget\" data-widget_type=\"html.default\">\n\t\t\t\t<div class=\"elementor-widget-container\">\n\t\t\t\t\t<style>\n@media only screen and (max-width: 767px){\n    .blog_holder.blog_pinterest{\n        margin: 0 2px!important;\n        width: 100%!important;\n    }\n}\n<\/style>\t\t\t\t<\/div>\n\t\t\t\t<\/div>\n\t\t\t\t<div class=\"elementor-element elementor-element-5d3bf2c elementor-widget-divider--view-line elementor-widget elementor-widget-divider\" data-id=\"5d3bf2c\" data-element_type=\"widget\" data-e-type=\"widget\" data-widget_type=\"divider.default\">\n\t\t\t\t<div class=\"elementor-widget-container\">\n\t\t\t\t\t\t\t<div class=\"elementor-divider\">\n\t\t\t<span class=\"elementor-divider-separator\">\n\t\t\t\t\t\t<\/span>\n\t\t<\/div>\n\t\t\t\t\t\t<\/div>\n\t\t\t\t<\/div>\n\t\t\t\t\t<\/div>\n\t\t<\/div>\n\t\t\t\t\t<\/div>\n\t\t<\/section>\n\t\t\t\t<section class=\"elementor-section elementor-top-section elementor-element elementor-element-acfc9d8 elementor-section-boxed elementor-section-height-default elementor-section-height-default parallax_section_no qode_elementor_container_no\" data-id=\"acfc9d8\" data-element_type=\"section\" data-e-type=\"section\">\n\t\t\t\t\t\t<div class=\"elementor-container elementor-column-gap-default\">\n\t\t\t\t\t<div class=\"elementor-column elementor-col-100 elementor-top-column elementor-element elementor-element-20fe98a\" data-id=\"20fe98a\" data-element_type=\"column\" data-e-type=\"column\">\n\t\t\t<div class=\"elementor-widget-wrap elementor-element-populated\">\n\t\t\t\t\t\t<div class=\"elementor-element elementor-element-54869c8 title_position_default title_hover_border_default title-default img_hover_animation_default grid-hover-overlay-type-always tpg-el-box-border-enable tpg-border-bottom-disable elementor-widget elementor-widget-tpg-grid-layout\" data-id=\"54869c8\" data-element_type=\"widget\" data-e-type=\"widget\" data-widget_type=\"tpg-grid-layout.default\">\n\t\t\t\t<div class=\"elementor-widget-container\">\n\t\t\t\t\t\t\t<div class=\"rt-container-fluid rt-tpg-container tpg-el-main-wrapper clearfix grid-layout4-main\"\n\t\t\t id=\"rt-tpg-container-51764028\"\n\t\t\t data-layout=\"grid-layout4\"\n\t\t\t data-grid-style=\"tpg-full-height\"\n\t\t\t data-sc-id=\"elementor\"\n\t\t\t data-el-settings=''\n\t\t\t data-el-query=''\n\t\t\t data-el-path=''\n\t\t>\n\t\t\t\t\t\t<div class='tpg-header-wrapper'>\n\t\t\t\t\t\t\t<\/div>\n\n\t\t\t<div data-title=\"Loading ...\" class=\"rt-row rt-content-loader grid-layout4 grid-behaviour tpg-full-height grid_layout_wrapper\">\n\t\t\t\t\n<div class=\"rt-col-md-4 rt-col-sm-6 rt-col-xs-12 default rt-grid-item\" data-id=\"2036687\">\n\t<div class=\"rt-holder tpg-post-holder\">\n\t\t<div class=\"rt-detail rt-el-content-wrapper\">\n\t\t\t\t\t\t\t<div class=\"rt-img-holder tpg-el-image-wrap has-thumbnail\">\n\t\t\t\t\t<a data-id=\"2036687\" href=\"https:\/\/soldodubai.com\/en\/activities-under-100-euros-copy-copy-copy-copy-copy-copy-copy\/\" class=\"tpg-post-link\" target=\"_self\">                        <img fetchpriority=\"high\" decoding=\"async\" src=\"https:\/\/soldodubai.com\/wp-content\/uploads\/2022\/08\/SAFARI-DUBAI-DESER-DUBAI-QUAD-BUGGY-SAFARI-AT-THE-TOP-ATLANTIS-BURJ-KHALIFA-DUBAI-MALL.jpg\"\n                             class=\"rt-img-responsive\"\n                             width=\"768\"\n                             height=\"975\"\n                             alt=\"WHAT TO DO IN DUBAI IN 48 HOURS?\">\n\t\t\t\t\t\t\n\t\t\t\t\t\t\t\n\t\t<\/a>\n\t\t        <div class=\"overlay grid-hover-content\"><\/div>\n\t\t\t\t\t\t<\/div>\n\t\t\t\n\t\t\t<div class=\"entry-title-wrapper\"><h3 class=\"entry-title\"><a data-id=\"2036687\" href=\"https:\/\/soldodubai.com\/en\/activities-under-100-euros-copy-copy-copy-copy-copy-copy-copy\/\" class=\"tpg-post-link\" target=\"_self\">WHAT TO DO IN DUBAI IN 48 HOURS?<\/a><\/h3><\/div>\n\t\t\t\n\t\t\t\t\t\t\t<div class=\"tpg-excerpt tpg-el-excerpt\">\n\t\t\t\t\t\t\t\t\t\t\t<div class=\"tpg-excerpt-inner\">\n\t\t\t\t\t\t\tCombine all the activities and visits below in 48 hours to make the most of Dubai: it's possible by passing through downtown Dubai, then its coastline and finally the desert of...\t\t\t\t\t\t<\/div>\n\t\t\t\t\t\t\t\t\t\t\t\t\t\t<\/div>\n\t\t\t\n\t\t\t\t\t<\/div>\n\t<\/div>\n<\/div>\n\n<div class=\"rt-col-md-4 rt-col-sm-6 rt-col-xs-12 default rt-grid-item\" data-id=\"2036681\">\n\t<div class=\"rt-holder tpg-post-holder\">\n\t\t<div class=\"rt-detail rt-el-content-wrapper\">\n\t\t\t\t\t\t\t<div class=\"rt-img-holder tpg-el-image-wrap has-thumbnail\">\n\t\t\t\t\t<a data-id=\"2036681\" href=\"https:\/\/soldodubai.com\/en\/activities-under-100-euros-copy-copy-copy-copy-copy-copy\/\" class=\"tpg-post-link\" target=\"_self\">                        <img decoding=\"async\" src=\"https:\/\/soldodubai.com\/wp-content\/uploads\/2022\/08\/DUBAI-BEACH-.jpg\"\n                             class=\"rt-img-responsive\"\n                             width=\"768\"\n                             height=\"512\"\n                             alt=\"TRAVELING ALONE IN DUBAI\">\n\t\t\t\t\t\t\n\t\t\t\t\t\t\t\n\t\t<\/a>\n\t\t        <div class=\"overlay grid-hover-content\"><\/div>\n\t\t\t\t\t\t<\/div>\n\t\t\t\n\t\t\t<div class=\"entry-title-wrapper\"><h3 class=\"entry-title\"><a data-id=\"2036681\" href=\"https:\/\/soldodubai.com\/en\/activities-under-100-euros-copy-copy-copy-copy-copy-copy\/\" class=\"tpg-post-link\" target=\"_self\">TRAVELING ALONE IN DUBAI<\/a><\/h3><\/div>\n\t\t\t\n\t\t\t\t\t\t\t<div class=\"tpg-excerpt tpg-el-excerpt\">\n\t\t\t\t\t\t\t\t\t\t\t<div class=\"tpg-excerpt-inner\">\n\t\t\t\t\t\t\tTravelling alone in Dubai is far from boring. There are plenty of activities, visits and discoveries for solo travellers. From fun to relaxation, the choice is yours...\t\t\t\t\t\t<\/div>\n\t\t\t\t\t\t\t\t\t\t\t\t\t\t<\/div>\n\t\t\t\n\t\t\t\t\t<\/div>\n\t<\/div>\n<\/div>\n\n<div class=\"rt-col-md-4 rt-col-sm-6 rt-col-xs-12 default rt-grid-item\" data-id=\"2036675\">\n\t<div class=\"rt-holder tpg-post-holder\">\n\t\t<div class=\"rt-detail rt-el-content-wrapper\">\n\t\t\t\t\t\t\t<div class=\"rt-img-holder tpg-el-image-wrap has-thumbnail\">\n\t\t\t\t\t<a data-id=\"2036675\" href=\"https:\/\/soldodubai.com\/en\/activities-under-100-euros-copy-copy-copy-copy-copy\/\" class=\"tpg-post-link\" target=\"_self\">                        <img decoding=\"async\" src=\"https:\/\/soldodubai.com\/wp-content\/uploads\/2022\/08\/dubai-.jpg\"\n                             class=\"rt-img-responsive\"\n                             width=\"768\"\n                             height=\"513\"\n                             alt=\"TRANSPORT IN DUBAI\">\n\t\t\t\t\t\t\n\t\t\t\t\t\t\t\n\t\t<\/a>\n\t\t        <div class=\"overlay grid-hover-content\"><\/div>\n\t\t\t\t\t\t<\/div>\n\t\t\t\n\t\t\t<div class=\"entry-title-wrapper\"><h3 class=\"entry-title\"><a data-id=\"2036675\" href=\"https:\/\/soldodubai.com\/en\/activities-under-100-euros-copy-copy-copy-copy-copy\/\" class=\"tpg-post-link\" target=\"_self\">TRANSPORT IN DUBAI<\/a><\/h3><\/div>\n\t\t\t\n\t\t\t\t\t\t\t<div class=\"tpg-excerpt tpg-el-excerpt\">\n\t\t\t\t\t\t\t\t\t\t\t<div class=\"tpg-excerpt-inner\">\n\t\t\t\t\t\t\tTAXI: Taxis are a good way to visit Dubai if you're only staying a few days. The cheapest option is the metro, but it takes longer and does not serve the beaches. Cabs...\t\t\t\t\t\t<\/div>\n\t\t\t\t\t\t\t\t\t\t\t\t\t\t<\/div>\n\t\t\t\n\t\t\t\t\t<\/div>\n\t<\/div>\n<\/div>\n\n<div class=\"rt-col-md-4 rt-col-sm-6 rt-col-xs-12 default rt-grid-item\" data-id=\"2036669\">\n\t<div class=\"rt-holder tpg-post-holder\">\n\t\t<div class=\"rt-detail rt-el-content-wrapper\">\n\t\t\t\t\t\t\t<div class=\"rt-img-holder tpg-el-image-wrap has-thumbnail\">\n\t\t\t\t\t<a data-id=\"2036669\" href=\"https:\/\/soldodubai.com\/en\/activities-under-100-euros-copy-copy-copy-copy\/\" class=\"tpg-post-link\" target=\"_self\">                        <img loading=\"lazy\" decoding=\"async\" src=\"https:\/\/soldodubai.com\/wp-content\/uploads\/2022\/08\/RESTAURANT-DUBAI-HOTEL-DUBAI-AQUAVNTURE-ATLANTIS-BURJ-KHALIFA-NIKKI-BEACH-DUBAI-MALL.jpg\"\n                             class=\"rt-img-responsive\"\n                             width=\"768\"\n                             height=\"512\"\n                             alt=\"FAMILY RESTAURANTS IN DUBAI\">\n\t\t\t\t\t\t\n\t\t\t\t\t\t\t\n\t\t<\/a>\n\t\t        <div class=\"overlay grid-hover-content\"><\/div>\n\t\t\t\t\t\t<\/div>\n\t\t\t\n\t\t\t<div class=\"entry-title-wrapper\"><h3 class=\"entry-title\"><a data-id=\"2036669\" href=\"https:\/\/soldodubai.com\/en\/activities-under-100-euros-copy-copy-copy-copy\/\" class=\"tpg-post-link\" target=\"_self\">FAMILY RESTAURANTS IN DUBAI<\/a><\/h3><\/div>\n\t\t\t\n\t\t\t\t\t\t\t<div class=\"tpg-excerpt tpg-el-excerpt\">\n\t\t\t\t\t\t\t\t\t\t\t<div class=\"tpg-excerpt-inner\">\n\t\t\t\t\t\t\tIn the category of best family restaurants in dubai: - Wavehouse located at Atlantis Palm Jumeirah: Bowling lanes, arcade games, playground, amusement machine...\t\t\t\t\t\t<\/div>\n\t\t\t\t\t\t\t\t\t\t\t\t\t\t<\/div>\n\t\t\t\n\t\t\t\t\t<\/div>\n\t<\/div>\n<\/div>\n\n<div class=\"rt-col-md-4 rt-col-sm-6 rt-col-xs-12 default rt-grid-item\" data-id=\"2036133\">\n\t<div class=\"rt-holder tpg-post-holder\">\n\t\t<div class=\"rt-detail rt-el-content-wrapper\">\n\t\t\t\t\t\t\t<div class=\"rt-img-holder tpg-el-image-wrap has-thumbnail\">\n\t\t\t\t\t<a data-id=\"2036133\" href=\"https:\/\/soldodubai.com\/en\/activities-under-100-euros\/\" class=\"tpg-post-link\" target=\"_self\">                        <img loading=\"lazy\" decoding=\"async\" src=\"https:\/\/soldodubai.com\/wp-content\/uploads\/2022\/06\/safari-dubai-desert-dubai-quad-buggy-jetski.-yacht-hotel-dubai-emirates-air-france-heure-de-dubai.jpg\"\n                             class=\"rt-img-responsive\"\n                             width=\"768\"\n                             height=\"473\"\n                             alt=\"ACTIVITIES COSTING LESS THAN 100 EUROS\">\n\t\t\t\t\t\t\n\t\t\t\t\t\t\t\n\t\t<\/a>\n\t\t        <div class=\"overlay grid-hover-content\"><\/div>\n\t\t\t\t\t\t<\/div>\n\t\t\t\n\t\t\t<div class=\"entry-title-wrapper\"><h3 class=\"entry-title\"><a data-id=\"2036133\" href=\"https:\/\/soldodubai.com\/en\/activities-under-100-euros\/\" class=\"tpg-post-link\" target=\"_self\">ACTIVITIES COSTING LESS THAN 100 EUROS<\/a><\/h3><\/div>\n\t\t\t\n\t\t\t\t\t\t\t<div class=\"tpg-excerpt tpg-el-excerpt\">\n\t\t\t\t\t\t\t\t\t\t\t<div class=\"tpg-excerpt-inner\">\n\t\t\t\t\t\t\tDubai the bling-bling city is no more. For almost a decade now, Dubai has been developing with the aim of offering everyone an unforgettable vacation on a budget. Here are a few...\t\t\t\t\t\t<\/div>\n\t\t\t\t\t\t\t\t\t\t\t\t\t\t<\/div>\n\t\t\t\n\t\t\t\t\t<\/div>\n\t<\/div>\n<\/div>\n\n<div class=\"rt-col-md-4 rt-col-sm-6 rt-col-xs-12 default rt-grid-item\" data-id=\"2036126\">\n\t<div class=\"rt-holder tpg-post-holder\">\n\t\t<div class=\"rt-detail rt-el-content-wrapper\">\n\t\t\t\t\t\t\t<div class=\"rt-img-holder tpg-el-image-wrap has-thumbnail\">\n\t\t\t\t\t<a data-id=\"2036126\" href=\"https:\/\/soldodubai.com\/en\/free-beach-dubai\/\" class=\"tpg-post-link\" target=\"_self\">                        <img loading=\"lazy\" decoding=\"async\" src=\"https:\/\/soldodubai.com\/wp-content\/uploads\/2022\/06\/dubai-beach-plage-dubai-JBR-dubai-marina-nikki-beach-drift-beach-nammos-white-beac-atalntis-burj-al-arab-burj-khalifa-scaled.jpg\"\n                             class=\"rt-img-responsive\"\n                             width=\"768\"\n                             height=\"512\"\n                             alt=\"5 OF DUBAI&#039;S BEST FREE BEACHES\">\n\t\t\t\t\t\t\n\t\t\t\t\t\t\t\n\t\t<\/a>\n\t\t        <div class=\"overlay grid-hover-content\"><\/div>\n\t\t\t\t\t\t<\/div>\n\t\t\t\n\t\t\t<div class=\"entry-title-wrapper\"><h3 class=\"entry-title\"><a data-id=\"2036126\" href=\"https:\/\/soldodubai.com\/en\/free-beach-dubai\/\" class=\"tpg-post-link\" target=\"_self\">5 OF DUBAI'S BEST FREE BEACHES<\/a><\/h3><\/div>\n\t\t\t\n\t\t\t\t\t\t\t<div class=\"tpg-excerpt tpg-el-excerpt\">\n\t\t\t\t\t\t\t\t\t\t\t<div class=\"tpg-excerpt-inner\">\n\t\t\t\t\t\t\tBuilt on the coast, Dubai is home to many beaches. Public beaches, private beaches, farniente, festive, bobo, there's something for everyone, and in this article we list...\t\t\t\t\t\t<\/div>\n\t\t\t\t\t\t\t\t\t\t\t\t\t\t<\/div>\n\t\t\t\n\t\t\t\t\t<\/div>\n\t<\/div>\n<\/div>\n\n<div class=\"rt-col-md-4 rt-col-sm-6 rt-col-xs-12 default rt-grid-item\" data-id=\"2035992\">\n\t<div class=\"rt-holder tpg-post-holder\">\n\t\t<div class=\"rt-detail rt-el-content-wrapper\">\n\t\t\t\t\t\t\t<div class=\"rt-img-holder tpg-el-image-wrap has-thumbnail\">\n\t\t\t\t\t<a data-id=\"2035992\" href=\"https:\/\/soldodubai.com\/en\/restaurant-dansant-dubai\/\" class=\"tpg-post-link\" target=\"_self\">                        <img loading=\"lazy\" decoding=\"async\" src=\"https:\/\/soldodubai.com\/wp-content\/uploads\/2022\/06\/Restaurant-dubai-dubai-club-nammos-nikki-beach-burj-al-arab-atlantis-burj-khalifa.jpg\"\n                             class=\"rt-img-responsive\"\n                             width=\"768\"\n                             height=\"432\"\n                             alt=\"SOME OF DUBAI&#039;S DANCING RESTAURANTS\">\n\t\t\t\t\t\t\n\t\t\t\t\t\t\t\n\t\t<\/a>\n\t\t        <div class=\"overlay grid-hover-content\"><\/div>\n\t\t\t\t\t\t<\/div>\n\t\t\t\n\t\t\t<div class=\"entry-title-wrapper\"><h3 class=\"entry-title\"><a data-id=\"2035992\" href=\"https:\/\/soldodubai.com\/en\/restaurant-dansant-dubai\/\" class=\"tpg-post-link\" target=\"_self\">SOME OF DUBAI'S DANCING RESTAURANTS<\/a><\/h3><\/div>\n\t\t\t\n\t\t\t\t\t\t\t<div class=\"tpg-excerpt tpg-el-excerpt\">\n\t\t\t\t\t\t\t\t\t\t\t<div class=\"tpg-excerpt-inner\">\n\t\t\t\t\t\t\tDubai, the Disneyland city, where everyone can create a program to suit their tastes. For the party-goers, Dubai is full of dancing venues, which you'll find in the...\t\t\t\t\t\t<\/div>\n\t\t\t\t\t\t\t\t\t\t\t\t\t\t<\/div>\n\t\t\t\n\t\t\t\t\t<\/div>\n\t<\/div>\n<\/div>\n\n<div class=\"rt-col-md-4 rt-col-sm-6 rt-col-xs-12 default rt-grid-item\" data-id=\"2035825\">\n\t<div class=\"rt-holder tpg-post-holder\">\n\t\t<div class=\"rt-detail rt-el-content-wrapper\">\n\t\t\t\t\t\t\t<div class=\"rt-img-holder tpg-el-image-wrap has-thumbnail\">\n\t\t\t\t\t<a data-id=\"2035825\" href=\"https:\/\/soldodubai.com\/en\/lete-in-dubai-with-mvd\/\" class=\"tpg-post-link\" target=\"_self\">                        <img loading=\"lazy\" decoding=\"async\" src=\"https:\/\/soldodubai.com\/wp-content\/uploads\/2022\/06\/dubai-hotel-dubai-heure-dubai-emirates-air-france-atlantis-burj-khalifa-voyage-dubai.jpg\"\n                             class=\"rt-img-responsive\"\n                             width=\"768\"\n                             height=\"576\"\n                             alt=\"SUMMER IN DUBAI (JUNE TO SEPTEMBER)\">\n\t\t\t\t\t\t\n\t\t\t\t\t\t\t\n\t\t<\/a>\n\t\t        <div class=\"overlay grid-hover-content\"><\/div>\n\t\t\t\t\t\t<\/div>\n\t\t\t\n\t\t\t<div class=\"entry-title-wrapper\"><h3 class=\"entry-title\"><a data-id=\"2035825\" href=\"https:\/\/soldodubai.com\/en\/lete-in-dubai-with-mvd\/\" class=\"tpg-post-link\" target=\"_self\">SUMMER IN DUBAI (JUNE TO SEPTEMBER)<\/a><\/h3><\/div>\n\t\t\t\n\t\t\t\t\t\t\t<div class=\"tpg-excerpt tpg-el-excerpt\">\n\t\t\t\t\t\t\t\t\t\t\t<div class=\"tpg-excerpt-inner\">\n\t\t\t\t\t\t\tSummer in Dubai with Sol do Dubai If you're coming to Dubai during the warmer months (May to early September) and you've got a lot of questions, here are some answers! Dubai is a...\t\t\t\t\t\t<\/div>\n\t\t\t\t\t\t\t\t\t\t\t\t\t\t<\/div>\n\t\t\t\n\t\t\t\t\t<\/div>\n\t<\/div>\n<\/div>\n\n<div class=\"rt-col-md-4 rt-col-sm-6 rt-col-xs-12 default rt-grid-item\" data-id=\"2026425\">\n\t<div class=\"rt-holder tpg-post-holder\">\n\t\t<div class=\"rt-detail rt-el-content-wrapper\">\n\t\t\t\t\t\t\t<div class=\"rt-img-holder tpg-el-image-wrap has-thumbnail\">\n\t\t\t\t\t<a data-id=\"2026425\" href=\"https:\/\/soldodubai.com\/en\/dubai-rooftops\/\" class=\"tpg-post-link\" target=\"_self\">                        <img loading=\"lazy\" decoding=\"async\" src=\"https:\/\/soldodubai.com\/wp-content\/uploads\/2021\/04\/rooftop-dubai-1-768x514.webp\"\n                             class=\"rt-img-responsive\"\n                             width=\"768\"\n                             height=\"514\"\n                             alt=\"DUBAI ROOFTOPS\">\n\t\t\t\t\t\t\n\t\t\t\t\t\t\t\n\t\t<\/a>\n\t\t        <div class=\"overlay grid-hover-content\"><\/div>\n\t\t\t\t\t\t<\/div>\n\t\t\t\n\t\t\t<div class=\"entry-title-wrapper\"><h3 class=\"entry-title\"><a data-id=\"2026425\" href=\"https:\/\/soldodubai.com\/en\/dubai-rooftops\/\" class=\"tpg-post-link\" target=\"_self\">DUBAI ROOFTOPS<\/a><\/h3><\/div>\n\t\t\t\n\t\t\t\t\t\t\t<div class=\"tpg-excerpt tpg-el-excerpt\">\n\t\t\t\t\t\t\t\t\t\t\t<div class=\"tpg-excerpt-inner\">\n\t\t\t\t\t\t\tIt's in your most elegant attire that we invite you to explore the city and visit its highest spots ever. And what better way to start than with a...\t\t\t\t\t\t<\/div>\n\t\t\t\t\t\t\t\t\t\t\t\t\t\t<\/div>\n\t\t\t\n\t\t\t\t\t<\/div>\n\t<\/div>\n<\/div>\n\t\t\t<\/div>\n\t\t\t<div class='rt-pagination-wrap' data-total-pages='2' data-posts-per-page='' data-type='pagination'><div class=\"rt-pagination\"><ul class=\"pagination-list\"><li class=\"active\"><span>1<\/span><\/li><li><a data-paged='2' href='https:\/\/soldodubai.com\/wp-json\/wp\/v2\/pages\/18341\/page\/2\/'>2<\/a><\/li><\/ul><\/div><\/div>\n\t\t<\/div>\n\t\t\t\t\t\t<\/div>\n\t\t\t\t<\/div>\n\t\t\t\t\t<\/div>\n\t\t<\/div>\n\t\t\t\t\t<\/div>\n\t\t<\/section>\n\t\t\t\t<section class=\"elementor-section elementor-top-section elementor-element elementor-element-b25bcd0 elementor-section-boxed elementor-section-height-default elementor-section-height-default parallax_section_no qode_elementor_container_no\" data-id=\"b25bcd0\" data-element_type=\"section\" data-e-type=\"section\">\n\t\t\t\t\t\t<div class=\"elementor-container elementor-column-gap-default\">\n\t\t\t\t\t<div class=\"elementor-column elementor-col-100 elementor-top-column elementor-element elementor-element-25fa155\" data-id=\"25fa155\" data-element_type=\"column\" data-e-type=\"column\">\n\t\t\t<div class=\"elementor-widget-wrap elementor-element-populated\">\n\t\t\t\t\t\t<div class=\"elementor-element elementor-element-3f3c073 elementor-widget elementor-widget-html\" data-id=\"3f3c073\" data-element_type=\"widget\" data-e-type=\"widget\" data-widget_type=\"html.default\">\n\t\t\t\t<div class=\"elementor-widget-container\">\n\t\t\t\t\t<style>\n    \n    .blog_holder.blog_pinterest.masonry_pagination {\n  display: none;\n}\n\n.pagination {\n  display: none;\n}\n    \n<\/style>\t\t\t\t<\/div>\n\t\t\t\t<\/div>\n\t\t\t\t\t<\/div>\n\t\t<\/div>\n\t\t\t\t\t<\/div>\n\t\t<\/section>\n\t\t\t\t<\/div>","protected":false},"excerpt":{"rendered":"<p>ALL OUR TIPS WHAT TO DO IN 48 HOURS IN DUBAI? Combine all the activities and visits below in 48 hours to make the most of Dubai: it's possible by passing through downtown Dubai, then its coastline and finally the desert of... TRAVELING ALONE IN DUBAI...<\/p>","protected":false},"author":1,"featured_media":0,"parent":0,"menu_order":0,"comment_status":"closed","ping_status":"closed","template":"blog-pinterest.php","meta":{"footnotes":""},"class_list":["post-18341","page","type-page","status-publish","hentry"],"rttpg_featured_image_url":null,"rttpg_author":{"display_name":"admin","author_link":"https:\/\/soldodubai.com\/en\/author\/admin\/"},"rttpg_comment":0,"rttpg_category":"","rttpg_excerpt":"TOUS NOS CONSEILS QUE FAIRE EN 48H \u00c0 DUBAI? Combiner toutes les activit\u00e9s et les visites ci-dessous en 48h pour profiter au maximum de Duba\u00ef\u00a0: c&rsquo;est possible en passant par le centre-ville de Duba\u00ef,\u00a0puis son littoral et pour finir le d\u00e9sert\u00a0de&#8230; VOYAGER SEUL(E) \u00c0 DUBAI...","_links":{"self":[{"href":"https:\/\/soldodubai.com\/en\/wp-json\/wp\/v2\/pages\/18341","targetHints":{"allow":["GET"]}}],"collection":[{"href":"https:\/\/soldodubai.com\/en\/wp-json\/wp\/v2\/pages"}],"about":[{"href":"https:\/\/soldodubai.com\/en\/wp-json\/wp\/v2\/types\/page"}],"author":[{"embeddable":true,"href":"https:\/\/soldodubai.com\/en\/wp-json\/wp\/v2\/users\/1"}],"replies":[{"embeddable":true,"href":"https:\/\/soldodubai.com\/en\/wp-json\/wp\/v2\/comments?post=18341"}],"version-history":[{"count":2,"href":"https:\/\/soldodubai.com\/en\/wp-json\/wp\/v2\/pages\/18341\/revisions"}],"predecessor-version":[{"id":2049571,"href":"https:\/\/soldodubai.com\/en\/wp-json\/wp\/v2\/pages\/18341\/revisions\/2049571"}],"wp:attachment":[{"href":"https:\/\/soldodubai.com\/en\/wp-json\/wp\/v2\/media?parent=18341"}],"curies":[{"name":"wp","href":"https:\/\/api.w.org\/{rel}","templated":true}]}}