{"id":13396,"date":"2014-03-24T10:54:51","date_gmt":"2014-03-24T10:54:51","guid":{"rendered":"https:\/\/bridge300.qodeinteractive.com\/?page_id=13396"},"modified":"2024-07-25T16:12:16","modified_gmt":"2024-07-25T15:12:16","slug":"quienes-somos","status":"publish","type":"page","link":"https:\/\/soldodubai.com\/es\/quienes-somos\/","title":{"rendered":"QUI\u00c9NES SOMOS"},"content":{"rendered":"<div data-elementor-type=\"wp-page\" data-elementor-id=\"13396\" class=\"elementor elementor-13396\">\n\t\t\t\t\t\t<section class=\"elementor-section elementor-top-section elementor-element elementor-element-5a549e92 elementor-section-boxed elementor-section-height-default elementor-section-height-default parallax_section_no qode_elementor_container_no\" data-id=\"5a549e92\" data-element_type=\"section\" data-e-type=\"section\">\n\t\t\t\t\t\t<div class=\"elementor-container elementor-column-gap-default\">\n\t\t\t\t\t<div class=\"elementor-column elementor-col-100 elementor-top-column elementor-element elementor-element-3d54dd53\" data-id=\"3d54dd53\" data-element_type=\"column\" data-e-type=\"column\">\n\t\t\t<div class=\"elementor-widget-wrap elementor-element-populated\">\n\t\t\t\t\t\t<div class=\"elementor-element elementor-element-3f6b71f1 elementor-widget__width-inherit elementor-widget elementor-widget-text-editor\" data-id=\"3f6b71f1\" data-element_type=\"widget\" data-e-type=\"widget\" data-widget_type=\"text-editor.default\">\n\t\t\t\t<div class=\"elementor-widget-container\">\n\t\t\t\t\t\t\t\t\t<h1 class=\"elementor-heading-title elementor-size-default\" style=\"text-align: center;\"><span style=\"color: #cfab5b;\">QUI\u00c9NES SOMOS<\/span><\/h1>\n<h3>\u00a0<\/h3>\n<p>&nbsp;<\/p>\n<h3 style=\"text-align: center;\"><b>MEDIO ORIENTE TRAVEL &amp; TOURS LLC<\/b><\/h3>\n<p>&nbsp;<\/p>\n<p style=\"text-align: center;\">Sol do Dubai nace de la uni\u00f3n de dos empresarios con m\u00e1s de 10 a\u00f1os de experiencia en el sector tur\u00edstico, \u00a1que ofrecen las experiencias m\u00e1s incre\u00edbles que Dubai y los Emiratos pueden ofrecer!<\/p>\n<p style=\"text-align: center;\">Sol do Dubai transforma cada viaje en una aventura extraordinaria, donde el desierto se encuentra con el lujo y la tradici\u00f3n con la modernidad. Estamos comprometidos con la excelencia en el servicio, garantizando que cada hu\u00e9sped se lleve a casa recuerdos tan brillantes como el amanecer de Dubai.<\/p>\n<p style=\"text-align: center;\">Nuestro equipo est\u00e1 disponible los 7 d\u00edas de la semana a trav\u00e9s de diversos medios de comunicaci\u00f3n, como WhatsApp, Instagram, Facebook y por tel\u00e9fono.<\/p>\n<p style=\"text-align: center;\">He aqu\u00ed una lista de cosas que hacer en Dubai y sus alrededores que hemos visitado y comprobado para asegurarnos de que obtiene la mejor relaci\u00f3n calidad-precio.<br \/>Tambi\u00e9n le ofrecemos una amplia selecci\u00f3n de hoteles que conocemos bien, para que pueda elegir la mejor ubicaci\u00f3n para una estancia perfecta que respete su presupuesto.<\/p>\n<div class=\"elementor-divider\">\u00a0<\/div>\n<p style=\"text-align: center;\"><br \/><\/p>\n<h2 style=\"text-align: center;\">FUNDADOR<\/h2>\n<p align=\"center\"><strong><em>Ilham Khalladi y Rita Salgado<\/em><\/strong><\/p>\n<p align=\"center\"><strong>Cofundador<\/strong><\/p>\n\n<div class=\"wp-block-spacer\" style=\"height: 25px;\" aria-hidden=\"true\">\u00a0<\/div>\n\t\t\t\t\t\t\t\t<\/div>\n\t\t\t\t<\/div>\n\t\t\t\t\t<\/div>\n\t\t<\/div>\n\t\t\t\t\t<\/div>\n\t\t<\/section>\n\t\t\t\t<section class=\"elementor-section elementor-top-section elementor-element elementor-element-ae4d217 elementor-section-boxed elementor-section-height-default elementor-section-height-default parallax_section_no qode_elementor_container_no\" data-id=\"ae4d217\" data-element_type=\"section\" data-e-type=\"section\">\n\t\t\t\t\t\t<div class=\"elementor-container elementor-column-gap-default\">\n\t\t\t\t\t<div class=\"elementor-column elementor-col-100 elementor-top-column elementor-element elementor-element-d619d14\" data-id=\"d619d14\" data-element_type=\"column\" data-e-type=\"column\">\n\t\t\t<div class=\"elementor-widget-wrap elementor-element-populated\">\n\t\t\t\t\t\t\t<\/div>\n\t\t<\/div>\n\t\t\t\t\t<\/div>\n\t\t<\/section>\n\t\t\t\t<\/div>","protected":false},"excerpt":{"rendered":"<p>QUIENES SOMOS MEDIO ORIENTE TRAVEL &amp; TOURS LLC Sol do Dubai nace de la uni\u00f3n de dos emprendedores con m\u00e1s de 10 a\u00f1os de experiencia en el sector tur\u00edstico, ofreciendo las experiencias m\u00e1s incre\u00edbles que Dubai y los Emiratos tienen que ofrecer....<\/p>","protected":false},"author":1,"featured_media":0,"parent":0,"menu_order":0,"comment_status":"open","ping_status":"open","template":"","meta":{"footnotes":""},"class_list":["post-13396","page","type-page","status-publish","hentry"],"rttpg_featured_image_url":null,"rttpg_author":{"display_name":"admin","author_link":"https:\/\/soldodubai.com\/es\/author\/admin\/"},"rttpg_comment":0,"rttpg_category":null,"rttpg_excerpt":"QUI SOMMES NOUS \u00a0 &nbsp; MEDIO ORIENTE TRAVEL &amp; TOURS LLC &nbsp; Sol do Dubai est n\u00e9 de l&rsquo;union de deux entrepreneurs ayant plus de 10 ans d&rsquo;exp\u00e9rience dans l&rsquo;industrie du tourisme, qui proposent les exp\u00e9riences les plus incroyables que Duba\u00ef et les \u00c9mirats ont...","_links":{"self":[{"href":"https:\/\/soldodubai.com\/es\/wp-json\/wp\/v2\/pages\/13396","targetHints":{"allow":["GET"]}}],"collection":[{"href":"https:\/\/soldodubai.com\/es\/wp-json\/wp\/v2\/pages"}],"about":[{"href":"https:\/\/soldodubai.com\/es\/wp-json\/wp\/v2\/types\/page"}],"author":[{"embeddable":true,"href":"https:\/\/soldodubai.com\/es\/wp-json\/wp\/v2\/users\/1"}],"replies":[{"embeddable":true,"href":"https:\/\/soldodubai.com\/es\/wp-json\/wp\/v2\/comments?post=13396"}],"version-history":[{"count":0,"href":"https:\/\/soldodubai.com\/es\/wp-json\/wp\/v2\/pages\/13396\/revisions"}],"wp:attachment":[{"href":"https:\/\/soldodubai.com\/es\/wp-json\/wp\/v2\/media?parent=13396"}],"curies":[{"name":"wp","href":"https:\/\/api.w.org\/{rel}","templated":true}]}}