{"id":18341,"date":"2019-12-23T09:35:37","date_gmt":"2019-12-23T09:35:37","guid":{"rendered":"https:\/\/bridge300.qodeinteractive.com\/?page_id=18341"},"modified":"2025-04-18T20:05:19","modified_gmt":"2025-04-18T19:05:19","slug":"sdb-mag","status":"publish","type":"page","link":"https:\/\/soldodubai.com\/es\/sdb-mag\/","title":{"rendered":"Sol do Dubai MAG"},"content":{"rendered":"<div data-elementor-type=\"wp-page\" data-elementor-id=\"18341\" class=\"elementor elementor-18341\">\n\t\t\t\t\t\t<section class=\"elementor-section elementor-top-section elementor-element elementor-element-ac3c99e elementor-section-full_width elementor-section-stretched elementor-section-height-default elementor-section-height-default parallax_section_no qode_elementor_container_no\" data-id=\"ac3c99e\" data-element_type=\"section\" data-e-type=\"section\" data-settings=\"{&quot;stretch_section&quot;:&quot;section-stretched&quot;}\">\n\t\t\t\t\t\t<div class=\"elementor-container elementor-column-gap-default\">\n\t\t\t\t\t<div class=\"elementor-column elementor-col-100 elementor-top-column elementor-element elementor-element-ccb5d09\" data-id=\"ccb5d09\" data-element_type=\"column\" data-e-type=\"column\">\n\t\t\t<div class=\"elementor-widget-wrap elementor-element-populated\">\n\t\t\t\t\t\t<div class=\"elementor-element elementor-element-f2b4352 elementor-widget elementor-widget-heading\" data-id=\"f2b4352\" data-element_type=\"widget\" data-e-type=\"widget\" data-widget_type=\"heading.default\">\n\t\t\t\t<div class=\"elementor-widget-container\">\n\t\t\t\t\t<h2 class=\"elementor-heading-title elementor-size-default\">TODOS NUESTROS CONSEJOS<\/h2>\t\t\t\t<\/div>\n\t\t\t\t<\/div>\n\t\t\t\t<div class=\"elementor-element elementor-element-d8a2aab elementor-widget elementor-widget-html\" data-id=\"d8a2aab\" data-element_type=\"widget\" data-e-type=\"widget\" data-widget_type=\"html.default\">\n\t\t\t\t<div class=\"elementor-widget-container\">\n\t\t\t\t\t<style>\n@media only screen and (max-width: 767px){\n    .blog_holder.blog_pinterest{\n        margin: 0 2px!important;\n        width: 100%!important;\n    }\n}\n<\/style>\t\t\t\t<\/div>\n\t\t\t\t<\/div>\n\t\t\t\t<div class=\"elementor-element elementor-element-5d3bf2c elementor-widget-divider--view-line elementor-widget elementor-widget-divider\" data-id=\"5d3bf2c\" data-element_type=\"widget\" data-e-type=\"widget\" data-widget_type=\"divider.default\">\n\t\t\t\t<div class=\"elementor-widget-container\">\n\t\t\t\t\t\t\t<div class=\"elementor-divider\">\n\t\t\t<span class=\"elementor-divider-separator\">\n\t\t\t\t\t\t<\/span>\n\t\t<\/div>\n\t\t\t\t\t\t<\/div>\n\t\t\t\t<\/div>\n\t\t\t\t\t<\/div>\n\t\t<\/div>\n\t\t\t\t\t<\/div>\n\t\t<\/section>\n\t\t\t\t<section class=\"elementor-section elementor-top-section elementor-element elementor-element-acfc9d8 elementor-section-boxed elementor-section-height-default elementor-section-height-default parallax_section_no qode_elementor_container_no\" data-id=\"acfc9d8\" data-element_type=\"section\" data-e-type=\"section\">\n\t\t\t\t\t\t<div class=\"elementor-container elementor-column-gap-default\">\n\t\t\t\t\t<div class=\"elementor-column elementor-col-100 elementor-top-column elementor-element elementor-element-20fe98a\" data-id=\"20fe98a\" data-element_type=\"column\" data-e-type=\"column\">\n\t\t\t<div class=\"elementor-widget-wrap elementor-element-populated\">\n\t\t\t\t\t\t<div class=\"elementor-element elementor-element-54869c8 title_position_default title_hover_border_default title-default img_hover_animation_default grid-hover-overlay-type-always tpg-el-box-border-enable tpg-border-bottom-disable elementor-widget elementor-widget-tpg-grid-layout\" data-id=\"54869c8\" data-element_type=\"widget\" data-e-type=\"widget\" data-widget_type=\"tpg-grid-layout.default\">\n\t\t\t\t<div class=\"elementor-widget-container\">\n\t\t\t\t\t\t\t<div class=\"rt-container-fluid rt-tpg-container tpg-el-main-wrapper clearfix grid-layout4-main\"\n\t\t\t id=\"rt-tpg-container-1951123940\"\n\t\t\t data-layout=\"grid-layout4\"\n\t\t\t data-grid-style=\"tpg-full-height\"\n\t\t\t data-sc-id=\"elementor\"\n\t\t\t data-el-settings=''\n\t\t\t data-el-query=''\n\t\t\t data-el-path=''\n\t\t>\n\t\t\t\t\t\t<div class='tpg-header-wrapper'>\n\t\t\t\t\t\t\t<\/div>\n\n\t\t\t<div data-title=\"Loading ...\" class=\"rt-row rt-content-loader grid-layout4 grid-behaviour tpg-full-height grid_layout_wrapper\">\n\t\t\t\t\n<div class=\"rt-col-md-4 rt-col-sm-6 rt-col-xs-12 default rt-grid-item\" data-id=\"2036687\">\n\t<div class=\"rt-holder tpg-post-holder\">\n\t\t<div class=\"rt-detail rt-el-content-wrapper\">\n\t\t\t\t\t\t\t<div class=\"rt-img-holder tpg-el-image-wrap has-thumbnail\">\n\t\t\t\t\t<a data-id=\"2036687\" href=\"https:\/\/soldodubai.com\/es\/actividades-de-menos-de-100-euros-copiar-copiar-copiar-copiar\/\" class=\"tpg-post-link\" target=\"_self\">                        <img fetchpriority=\"high\" decoding=\"async\" src=\"https:\/\/soldodubai.com\/wp-content\/uploads\/2022\/08\/SAFARI-DUBAI-DESER-DUBAI-QUAD-BUGGY-SAFARI-AT-THE-TOP-ATLANTIS-BURJ-KHALIFA-DUBAI-MALL.jpg\"\n                             class=\"rt-img-responsive\"\n                             width=\"768\"\n                             height=\"975\"\n                             alt=\"\u00bfQU\u00c9 SE PUEDE HACER EN DUBAI EN 48 HORAS?\">\n\t\t\t\t\t\t\n\t\t\t\t\t\t\t\n\t\t<\/a>\n\t\t        <div class=\"overlay grid-hover-content\"><\/div>\n\t\t\t\t\t\t<\/div>\n\t\t\t\n\t\t\t<div class=\"entry-title-wrapper\"><h3 class=\"entry-title\"><a data-id=\"2036687\" href=\"https:\/\/soldodubai.com\/es\/actividades-de-menos-de-100-euros-copiar-copiar-copiar-copiar\/\" class=\"tpg-post-link\" target=\"_self\">\u00bfQU\u00c9 SE PUEDE HACER EN DUBAI EN 48 HORAS?<\/a><\/h3><\/div>\n\t\t\t\n\t\t\t\t\t\t\t<div class=\"tpg-excerpt tpg-el-excerpt\">\n\t\t\t\t\t\t\t\t\t\t\t<div class=\"tpg-excerpt-inner\">\n\t\t\t\t\t\t\tCombine todas las actividades y visitas que le proponemos a continuaci\u00f3n en 48 horas para disfrutar al m\u00e1ximo de Dubai: es posible recorriendo el centro de la ciudad, despu\u00e9s su costa y por \u00faltimo el desierto de...\t\t\t\t\t\t<\/div>\n\t\t\t\t\t\t\t\t\t\t\t\t\t\t<\/div>\n\t\t\t\n\t\t\t\t\t<\/div>\n\t<\/div>\n<\/div>\n\n<div class=\"rt-col-md-4 rt-col-sm-6 rt-col-xs-12 default rt-grid-item\" data-id=\"2036681\">\n\t<div class=\"rt-holder tpg-post-holder\">\n\t\t<div class=\"rt-detail rt-el-content-wrapper\">\n\t\t\t\t\t\t\t<div class=\"rt-img-holder tpg-el-image-wrap has-thumbnail\">\n\t\t\t\t\t<a data-id=\"2036681\" href=\"https:\/\/soldodubai.com\/es\/actividades-de-menos-de-100-euros-copia-copia-copia-copia\/\" class=\"tpg-post-link\" target=\"_self\">                        <img decoding=\"async\" src=\"https:\/\/soldodubai.com\/wp-content\/uploads\/2022\/08\/DUBAI-BEACH-.jpg\"\n                             class=\"rt-img-responsive\"\n                             width=\"768\"\n                             height=\"512\"\n                             alt=\"VIAJAR SOLO A DUBAI\">\n\t\t\t\t\t\t\n\t\t\t\t\t\t\t\n\t\t<\/a>\n\t\t        <div class=\"overlay grid-hover-content\"><\/div>\n\t\t\t\t\t\t<\/div>\n\t\t\t\n\t\t\t<div class=\"entry-title-wrapper\"><h3 class=\"entry-title\"><a data-id=\"2036681\" href=\"https:\/\/soldodubai.com\/es\/actividades-de-menos-de-100-euros-copia-copia-copia-copia\/\" class=\"tpg-post-link\" target=\"_self\">VIAJAR SOLO A DUBAI<\/a><\/h3><\/div>\n\t\t\t\n\t\t\t\t\t\t\t<div class=\"tpg-excerpt tpg-el-excerpt\">\n\t\t\t\t\t\t\t\t\t\t\t<div class=\"tpg-excerpt-inner\">\n\t\t\t\t\t\t\tViajar solo por Dubai dista mucho de ser aburrido. Hay multitud de actividades, visitas y descubrimientos para los viajeros en solitario. Desde la diversi\u00f3n a la relajaci\u00f3n, la elecci\u00f3n es suya...\t\t\t\t\t\t<\/div>\n\t\t\t\t\t\t\t\t\t\t\t\t\t\t<\/div>\n\t\t\t\n\t\t\t\t\t<\/div>\n\t<\/div>\n<\/div>\n\n<div class=\"rt-col-md-4 rt-col-sm-6 rt-col-xs-12 default rt-grid-item\" data-id=\"2036675\">\n\t<div class=\"rt-holder tpg-post-holder\">\n\t\t<div class=\"rt-detail rt-el-content-wrapper\">\n\t\t\t\t\t\t\t<div class=\"rt-img-holder tpg-el-image-wrap has-thumbnail\">\n\t\t\t\t\t<a data-id=\"2036675\" href=\"https:\/\/soldodubai.com\/es\/actividades-de-menos-de-100-euros-copiar-copiar-copiar\/\" class=\"tpg-post-link\" target=\"_self\">                        <img decoding=\"async\" src=\"https:\/\/soldodubai.com\/wp-content\/uploads\/2022\/08\/dubai-.jpg\"\n                             class=\"rt-img-responsive\"\n                             width=\"768\"\n                             height=\"513\"\n                             alt=\"TRANSPORTE EN DUBAI\">\n\t\t\t\t\t\t\n\t\t\t\t\t\t\t\n\t\t<\/a>\n\t\t        <div class=\"overlay grid-hover-content\"><\/div>\n\t\t\t\t\t\t<\/div>\n\t\t\t\n\t\t\t<div class=\"entry-title-wrapper\"><h3 class=\"entry-title\"><a data-id=\"2036675\" href=\"https:\/\/soldodubai.com\/es\/actividades-de-menos-de-100-euros-copiar-copiar-copiar\/\" class=\"tpg-post-link\" target=\"_self\">TRANSPORTE EN DUBAI<\/a><\/h3><\/div>\n\t\t\t\n\t\t\t\t\t\t\t<div class=\"tpg-excerpt tpg-el-excerpt\">\n\t\t\t\t\t\t\t\t\t\t\t<div class=\"tpg-excerpt-inner\">\n\t\t\t\t\t\t\tTAXI: El taxi es una buena forma de visitar Dubai si s\u00f3lo se va a quedar unos d\u00edas. La opci\u00f3n m\u00e1s barata es el metro, pero tarda m\u00e1s y no llega a las playas. Los taxis...\t\t\t\t\t\t<\/div>\n\t\t\t\t\t\t\t\t\t\t\t\t\t\t<\/div>\n\t\t\t\n\t\t\t\t\t<\/div>\n\t<\/div>\n<\/div>\n\n<div class=\"rt-col-md-4 rt-col-sm-6 rt-col-xs-12 default rt-grid-item\" data-id=\"2036669\">\n\t<div class=\"rt-holder tpg-post-holder\">\n\t\t<div class=\"rt-detail rt-el-content-wrapper\">\n\t\t\t\t\t\t\t<div class=\"rt-img-holder tpg-el-image-wrap has-thumbnail\">\n\t\t\t\t\t<a data-id=\"2036669\" href=\"https:\/\/soldodubai.com\/es\/actividades-de-menos-de-100-euros-copia-copia-copia\/\" class=\"tpg-post-link\" target=\"_self\">                        <img loading=\"lazy\" decoding=\"async\" src=\"https:\/\/soldodubai.com\/wp-content\/uploads\/2022\/08\/RESTAURANT-DUBAI-HOTEL-DUBAI-AQUAVNTURE-ATLANTIS-BURJ-KHALIFA-NIKKI-BEACH-DUBAI-MALL.jpg\"\n                             class=\"rt-img-responsive\"\n                             width=\"768\"\n                             height=\"512\"\n                             alt=\"RESTAURANTES FAMILIARES EN DUBAI\">\n\t\t\t\t\t\t\n\t\t\t\t\t\t\t\n\t\t<\/a>\n\t\t        <div class=\"overlay grid-hover-content\"><\/div>\n\t\t\t\t\t\t<\/div>\n\t\t\t\n\t\t\t<div class=\"entry-title-wrapper\"><h3 class=\"entry-title\"><a data-id=\"2036669\" href=\"https:\/\/soldodubai.com\/es\/actividades-de-menos-de-100-euros-copia-copia-copia\/\" class=\"tpg-post-link\" target=\"_self\">RESTAURANTES FAMILIARES EN DUBAI<\/a><\/h3><\/div>\n\t\t\t\n\t\t\t\t\t\t\t<div class=\"tpg-excerpt tpg-el-excerpt\">\n\t\t\t\t\t\t\t\t\t\t\t<div class=\"tpg-excerpt-inner\">\n\t\t\t\t\t\t\tEn la categor\u00eda de los mejores restaurantes familiares de dubai: - Wavehouse situado en Atlantis Palm Jumeirah: Pistas de bolos, juegos de arcade, una zona de juegos, una...\t\t\t\t\t\t<\/div>\n\t\t\t\t\t\t\t\t\t\t\t\t\t\t<\/div>\n\t\t\t\n\t\t\t\t\t<\/div>\n\t<\/div>\n<\/div>\n\n<div class=\"rt-col-md-4 rt-col-sm-6 rt-col-xs-12 default rt-grid-item\" data-id=\"2036133\">\n\t<div class=\"rt-holder tpg-post-holder\">\n\t\t<div class=\"rt-detail rt-el-content-wrapper\">\n\t\t\t\t\t\t\t<div class=\"rt-img-holder tpg-el-image-wrap has-thumbnail\">\n\t\t\t\t\t<a data-id=\"2036133\" href=\"https:\/\/soldodubai.com\/es\/actividades-de-menos-de-100-euros\/\" class=\"tpg-post-link\" target=\"_self\">                        <img loading=\"lazy\" decoding=\"async\" src=\"https:\/\/soldodubai.com\/wp-content\/uploads\/2022\/06\/safari-dubai-desert-dubai-quad-buggy-jetski.-yacht-hotel-dubai-emirates-air-france-heure-de-dubai.jpg\"\n                             class=\"rt-img-responsive\"\n                             width=\"768\"\n                             height=\"473\"\n                             alt=\"ACTIVIDADES DE MENOS DE 100 EUROS\">\n\t\t\t\t\t\t\n\t\t\t\t\t\t\t\n\t\t<\/a>\n\t\t        <div class=\"overlay grid-hover-content\"><\/div>\n\t\t\t\t\t\t<\/div>\n\t\t\t\n\t\t\t<div class=\"entry-title-wrapper\"><h3 class=\"entry-title\"><a data-id=\"2036133\" href=\"https:\/\/soldodubai.com\/es\/actividades-de-menos-de-100-euros\/\" class=\"tpg-post-link\" target=\"_self\">ACTIVIDADES DE MENOS DE 100 EUROS<\/a><\/h3><\/div>\n\t\t\t\n\t\t\t\t\t\t\t<div class=\"tpg-excerpt tpg-el-excerpt\">\n\t\t\t\t\t\t\t\t\t\t\t<div class=\"tpg-excerpt-inner\">\n\t\t\t\t\t\t\tDubai, la ciudad del bling-bling, ya no existe. Desde hace casi una d\u00e9cada, Dubai se desarrolla con el objetivo de ofrecer a todo el mundo unas vacaciones inolvidables con un presupuesto ajustado. He aqu\u00ed algunas...\t\t\t\t\t\t<\/div>\n\t\t\t\t\t\t\t\t\t\t\t\t\t\t<\/div>\n\t\t\t\n\t\t\t\t\t<\/div>\n\t<\/div>\n<\/div>\n\n<div class=\"rt-col-md-4 rt-col-sm-6 rt-col-xs-12 default rt-grid-item\" data-id=\"2036126\">\n\t<div class=\"rt-holder tpg-post-holder\">\n\t\t<div class=\"rt-detail rt-el-content-wrapper\">\n\t\t\t\t\t\t\t<div class=\"rt-img-holder tpg-el-image-wrap has-thumbnail\">\n\t\t\t\t\t<a data-id=\"2036126\" href=\"https:\/\/soldodubai.com\/es\/playa-libre-dubai\/\" class=\"tpg-post-link\" target=\"_self\">                        <img loading=\"lazy\" decoding=\"async\" src=\"https:\/\/soldodubai.com\/wp-content\/uploads\/2022\/06\/dubai-beach-plage-dubai-JBR-dubai-marina-nikki-beach-drift-beach-nammos-white-beac-atalntis-burj-al-arab-burj-khalifa-scaled.jpg\"\n                             class=\"rt-img-responsive\"\n                             width=\"768\"\n                             height=\"512\"\n                             alt=\"5 DE LAS MEJORES PLAYAS GRATUITAS DE DUBAI\">\n\t\t\t\t\t\t\n\t\t\t\t\t\t\t\n\t\t<\/a>\n\t\t        <div class=\"overlay grid-hover-content\"><\/div>\n\t\t\t\t\t\t<\/div>\n\t\t\t\n\t\t\t<div class=\"entry-title-wrapper\"><h3 class=\"entry-title\"><a data-id=\"2036126\" href=\"https:\/\/soldodubai.com\/es\/playa-libre-dubai\/\" class=\"tpg-post-link\" target=\"_self\">5 DE LAS MEJORES PLAYAS GRATUITAS DE DUBAI<\/a><\/h3><\/div>\n\t\t\t\n\t\t\t\t\t\t\t<div class=\"tpg-excerpt tpg-el-excerpt\">\n\t\t\t\t\t\t\t\t\t\t\t<div class=\"tpg-excerpt-inner\">\n\t\t\t\t\t\t\tConstruida sobre la costa, Dubai alberga numerosas playas. Playas p\u00fablicas, privadas, de descanso, festivas, de moda, hay para todos los gustos, y en este art\u00edculo enumeramos...\t\t\t\t\t\t<\/div>\n\t\t\t\t\t\t\t\t\t\t\t\t\t\t<\/div>\n\t\t\t\n\t\t\t\t\t<\/div>\n\t<\/div>\n<\/div>\n\n<div class=\"rt-col-md-4 rt-col-sm-6 rt-col-xs-12 default rt-grid-item\" data-id=\"2035992\">\n\t<div class=\"rt-holder tpg-post-holder\">\n\t\t<div class=\"rt-detail rt-el-content-wrapper\">\n\t\t\t\t\t\t\t<div class=\"rt-img-holder tpg-el-image-wrap has-thumbnail\">\n\t\t\t\t\t<a data-id=\"2035992\" href=\"https:\/\/soldodubai.com\/es\/restaurante-dansant-dubai\/\" class=\"tpg-post-link\" target=\"_self\">                        <img loading=\"lazy\" decoding=\"async\" src=\"https:\/\/soldodubai.com\/wp-content\/uploads\/2022\/06\/Restaurant-dubai-dubai-club-nammos-nikki-beach-burj-al-arab-atlantis-burj-khalifa.jpg\"\n                             class=\"rt-img-responsive\"\n                             width=\"768\"\n                             height=\"432\"\n                             alt=\"ALGUNOS DE LOS RESTAURANTES CON BAILE DE DUBAI\">\n\t\t\t\t\t\t\n\t\t\t\t\t\t\t\n\t\t<\/a>\n\t\t        <div class=\"overlay grid-hover-content\"><\/div>\n\t\t\t\t\t\t<\/div>\n\t\t\t\n\t\t\t<div class=\"entry-title-wrapper\"><h3 class=\"entry-title\"><a data-id=\"2035992\" href=\"https:\/\/soldodubai.com\/es\/restaurante-dansant-dubai\/\" class=\"tpg-post-link\" target=\"_self\">ALGUNOS DE LOS RESTAURANTES CON BAILE DE DUBAI<\/a><\/h3><\/div>\n\t\t\t\n\t\t\t\t\t\t\t<div class=\"tpg-excerpt tpg-el-excerpt\">\n\t\t\t\t\t\t\t\t\t\t\t<div class=\"tpg-excerpt-inner\">\n\t\t\t\t\t\t\tDubai es una ciudad Disneylandia donde cada uno puede crear un programa a su gusto. Para los que les guste la fiesta, Dubai est\u00e1 llena de lugares para bailar, que encontrar\u00e1 en...\t\t\t\t\t\t<\/div>\n\t\t\t\t\t\t\t\t\t\t\t\t\t\t<\/div>\n\t\t\t\n\t\t\t\t\t<\/div>\n\t<\/div>\n<\/div>\n\n<div class=\"rt-col-md-4 rt-col-sm-6 rt-col-xs-12 default rt-grid-item\" data-id=\"2035825\">\n\t<div class=\"rt-holder tpg-post-holder\">\n\t\t<div class=\"rt-detail rt-el-content-wrapper\">\n\t\t\t\t\t\t\t<div class=\"rt-img-holder tpg-el-image-wrap has-thumbnail\">\n\t\t\t\t\t<a data-id=\"2035825\" href=\"https:\/\/soldodubai.com\/es\/lete-en-dubai-con-mvd\/\" class=\"tpg-post-link\" target=\"_self\">                        <img loading=\"lazy\" decoding=\"async\" src=\"https:\/\/soldodubai.com\/wp-content\/uploads\/2022\/06\/dubai-hotel-dubai-heure-dubai-emirates-air-france-atlantis-burj-khalifa-voyage-dubai.jpg\"\n                             class=\"rt-img-responsive\"\n                             width=\"768\"\n                             height=\"576\"\n                             alt=\"VERANO EN DUBAI (JUNIO A SEPTIEMBRE)\">\n\t\t\t\t\t\t\n\t\t\t\t\t\t\t\n\t\t<\/a>\n\t\t        <div class=\"overlay grid-hover-content\"><\/div>\n\t\t\t\t\t\t<\/div>\n\t\t\t\n\t\t\t<div class=\"entry-title-wrapper\"><h3 class=\"entry-title\"><a data-id=\"2035825\" href=\"https:\/\/soldodubai.com\/es\/lete-en-dubai-con-mvd\/\" class=\"tpg-post-link\" target=\"_self\">VERANO EN DUBAI (JUNIO A SEPTIEMBRE)<\/a><\/h3><\/div>\n\t\t\t\n\t\t\t\t\t\t\t<div class=\"tpg-excerpt tpg-el-excerpt\">\n\t\t\t\t\t\t\t\t\t\t\t<div class=\"tpg-excerpt-inner\">\n\t\t\t\t\t\t\tVerano en Dubai con Sol do Dubai Si va a venir a Dubai durante los meses m\u00e1s c\u00e1lidos (de mayo a principios de septiembre) y tiene muchas preguntas, \u00a1aqu\u00ed tiene algunas respuestas! Dubai es un...\t\t\t\t\t\t<\/div>\n\t\t\t\t\t\t\t\t\t\t\t\t\t\t<\/div>\n\t\t\t\n\t\t\t\t\t<\/div>\n\t<\/div>\n<\/div>\n\n<div class=\"rt-col-md-4 rt-col-sm-6 rt-col-xs-12 default rt-grid-item\" data-id=\"2026425\">\n\t<div class=\"rt-holder tpg-post-holder\">\n\t\t<div class=\"rt-detail rt-el-content-wrapper\">\n\t\t\t\t\t\t\t<div class=\"rt-img-holder tpg-el-image-wrap has-thumbnail\">\n\t\t\t\t\t<a data-id=\"2026425\" href=\"https:\/\/soldodubai.com\/es\/tejados-de-dubai\/\" class=\"tpg-post-link\" target=\"_self\">                        <img loading=\"lazy\" decoding=\"async\" src=\"https:\/\/soldodubai.com\/wp-content\/uploads\/2021\/04\/rooftop-dubai-1-768x514.webp\"\n                             class=\"rt-img-responsive\"\n                             width=\"768\"\n                             height=\"514\"\n                             alt=\"TEJADOS DE DUBAI\">\n\t\t\t\t\t\t\n\t\t\t\t\t\t\t\n\t\t<\/a>\n\t\t        <div class=\"overlay grid-hover-content\"><\/div>\n\t\t\t\t\t\t<\/div>\n\t\t\t\n\t\t\t<div class=\"entry-title-wrapper\"><h3 class=\"entry-title\"><a data-id=\"2026425\" href=\"https:\/\/soldodubai.com\/es\/tejados-de-dubai\/\" class=\"tpg-post-link\" target=\"_self\">TEJADOS DE DUBAI<\/a><\/h3><\/div>\n\t\t\t\n\t\t\t\t\t\t\t<div class=\"tpg-excerpt tpg-el-excerpt\">\n\t\t\t\t\t\t\t\t\t\t\t<div class=\"tpg-excerpt-inner\">\n\t\t\t\t\t\t\tAtaviado con sus mejores galas, le invitamos a explorar la ciudad y visitar algunos de los lugares m\u00e1s altos que jam\u00e1s haya visto. Y qu\u00e9 mejor manera de empezar que con un...\t\t\t\t\t\t<\/div>\n\t\t\t\t\t\t\t\t\t\t\t\t\t\t<\/div>\n\t\t\t\n\t\t\t\t\t<\/div>\n\t<\/div>\n<\/div>\n\t\t\t<\/div>\n\t\t\t<div class='rt-pagination-wrap' data-total-pages='2' data-posts-per-page='' data-type='pagination'><div class=\"rt-pagination\"><ul class=\"pagination-list\"><li class=\"active\"><span>1<\/span><\/li><li><a data-paged='2' href='https:\/\/soldodubai.com\/wp-json\/wp\/v2\/pages\/18341\/page\/2\/'>2<\/a><\/li><\/ul><\/div><\/div>\n\t\t<\/div>\n\t\t\t\t\t\t<\/div>\n\t\t\t\t<\/div>\n\t\t\t\t\t<\/div>\n\t\t<\/div>\n\t\t\t\t\t<\/div>\n\t\t<\/section>\n\t\t\t\t<section class=\"elementor-section elementor-top-section elementor-element elementor-element-b25bcd0 elementor-section-boxed elementor-section-height-default elementor-section-height-default parallax_section_no qode_elementor_container_no\" data-id=\"b25bcd0\" data-element_type=\"section\" data-e-type=\"section\">\n\t\t\t\t\t\t<div class=\"elementor-container elementor-column-gap-default\">\n\t\t\t\t\t<div class=\"elementor-column elementor-col-100 elementor-top-column elementor-element elementor-element-25fa155\" data-id=\"25fa155\" data-element_type=\"column\" data-e-type=\"column\">\n\t\t\t<div class=\"elementor-widget-wrap elementor-element-populated\">\n\t\t\t\t\t\t<div class=\"elementor-element elementor-element-3f3c073 elementor-widget elementor-widget-html\" data-id=\"3f3c073\" data-element_type=\"widget\" data-e-type=\"widget\" data-widget_type=\"html.default\">\n\t\t\t\t<div class=\"elementor-widget-container\">\n\t\t\t\t\t<style>\n    \n    .blog_holder.blog_pinterest.masonry_pagination {\n  display: none;\n}\n\n.pagination {\n  display: none;\n}\n    \n<\/style>\t\t\t\t<\/div>\n\t\t\t\t<\/div>\n\t\t\t\t\t<\/div>\n\t\t<\/div>\n\t\t\t\t\t<\/div>\n\t\t<\/section>\n\t\t\t\t<\/div>","protected":false},"excerpt":{"rendered":"<p>TODOS NUESTROS CONSEJOS \u00bfQU\u00c9 HACER EN 48 HORAS EN DUB\u00c1I? Combine todas las actividades y visitas que le proponemos a continuaci\u00f3n en 48 horas para disfrutar al m\u00e1ximo de Dubai: es posible recorriendo el centro de la ciudad, despu\u00e9s su costa y por \u00faltimo el desierto de... VIAJAR SOLO POR DUB\u00c1I...<\/p>","protected":false},"author":1,"featured_media":0,"parent":0,"menu_order":0,"comment_status":"closed","ping_status":"closed","template":"blog-pinterest.php","meta":{"footnotes":""},"class_list":["post-18341","page","type-page","status-publish","hentry"],"rttpg_featured_image_url":null,"rttpg_author":{"display_name":"admin","author_link":"https:\/\/soldodubai.com\/es\/author\/admin\/"},"rttpg_comment":0,"rttpg_category":"","rttpg_excerpt":"TOUS NOS CONSEILS QUE FAIRE EN 48H \u00c0 DUBAI? Combiner toutes les activit\u00e9s et les visites ci-dessous en 48h pour profiter au maximum de Duba\u00ef\u00a0: c&rsquo;est possible en passant par le centre-ville de Duba\u00ef,\u00a0puis son littoral et pour finir le d\u00e9sert\u00a0de&#8230; VOYAGER SEUL(E) \u00c0 DUBAI...","_links":{"self":[{"href":"https:\/\/soldodubai.com\/es\/wp-json\/wp\/v2\/pages\/18341","targetHints":{"allow":["GET"]}}],"collection":[{"href":"https:\/\/soldodubai.com\/es\/wp-json\/wp\/v2\/pages"}],"about":[{"href":"https:\/\/soldodubai.com\/es\/wp-json\/wp\/v2\/types\/page"}],"author":[{"embeddable":true,"href":"https:\/\/soldodubai.com\/es\/wp-json\/wp\/v2\/users\/1"}],"replies":[{"embeddable":true,"href":"https:\/\/soldodubai.com\/es\/wp-json\/wp\/v2\/comments?post=18341"}],"version-history":[{"count":2,"href":"https:\/\/soldodubai.com\/es\/wp-json\/wp\/v2\/pages\/18341\/revisions"}],"predecessor-version":[{"id":2049571,"href":"https:\/\/soldodubai.com\/es\/wp-json\/wp\/v2\/pages\/18341\/revisions\/2049571"}],"wp:attachment":[{"href":"https:\/\/soldodubai.com\/es\/wp-json\/wp\/v2\/media?parent=18341"}],"curies":[{"name":"wp","href":"https:\/\/api.w.org\/{rel}","templated":true}]}}