{"id":2024406,"date":"2021-02-18T14:45:44","date_gmt":"2021-02-18T13:45:44","guid":{"rendered":"http:\/\/13.36.35.205\/?page_id=2024406"},"modified":"2024-05-17T15:08:50","modified_gmt":"2024-05-17T14:08:50","slug":"condiciones-de-reembolso","status":"publish","type":"page","link":"https:\/\/soldodubai.com\/es\/condiciones-de-reembolso\/","title":{"rendered":"Condiciones de reembolso"},"content":{"rendered":"<div data-elementor-type=\"wp-page\" data-elementor-id=\"2024406\" class=\"elementor elementor-2024406\">\n\t\t\t\t\t\t<section class=\"elementor-section elementor-top-section elementor-element elementor-element-ad86265 elementor-section-boxed elementor-section-height-default elementor-section-height-default parallax_section_no qode_elementor_container_no\" data-id=\"ad86265\" data-element_type=\"section\" data-e-type=\"section\">\n\t\t\t\t\t\t<div class=\"elementor-container elementor-column-gap-default\">\n\t\t\t\t\t<div class=\"elementor-column elementor-col-100 elementor-top-column elementor-element elementor-element-4e466ee\" data-id=\"4e466ee\" data-element_type=\"column\" data-e-type=\"column\">\n\t\t\t<div class=\"elementor-widget-wrap elementor-element-populated\">\n\t\t\t\t\t\t<div class=\"elementor-element elementor-element-2550978 elementor-widget elementor-widget-heading\" data-id=\"2550978\" data-element_type=\"widget\" data-e-type=\"widget\" data-widget_type=\"heading.default\">\n\t\t\t\t<div class=\"elementor-widget-container\">\n\t\t\t\t\t<h2 class=\"elementor-heading-title elementor-size-default\">Condiciones de reembolso<\/h2>\t\t\t\t<\/div>\n\t\t\t\t<\/div>\n\t\t\t\t<div class=\"elementor-element elementor-element-f2fcd53 elementor-widget-divider--view-line elementor-widget elementor-widget-divider\" data-id=\"f2fcd53\" data-element_type=\"widget\" data-e-type=\"widget\" data-widget_type=\"divider.default\">\n\t\t\t\t<div class=\"elementor-widget-container\">\n\t\t\t\t\t\t\t<div class=\"elementor-divider\">\n\t\t\t<span class=\"elementor-divider-separator\">\n\t\t\t\t\t\t<\/span>\n\t\t<\/div>\n\t\t\t\t\t\t<\/div>\n\t\t\t\t<\/div>\n\t\t\t\t\t<\/div>\n\t\t<\/div>\n\t\t\t\t\t<\/div>\n\t\t<\/section>\n\t\t\t\t<section class=\"elementor-section elementor-top-section elementor-element elementor-element-84f9ee1 elementor-section-content-middle elementor-section-boxed elementor-section-height-default elementor-section-height-default parallax_section_no qode_elementor_container_no\" data-id=\"84f9ee1\" data-element_type=\"section\" data-e-type=\"section\" data-settings=\"{&quot;animation&quot;:&quot;none&quot;}\">\n\t\t\t\t\t\t<div class=\"elementor-container elementor-column-gap-narrow\">\n\t\t\t\t\t<div class=\"elementor-column elementor-col-100 elementor-top-column elementor-element elementor-element-2950e6d\" data-id=\"2950e6d\" data-element_type=\"column\" data-e-type=\"column\">\n\t\t\t<div class=\"elementor-widget-wrap elementor-element-populated\">\n\t\t\t\t\t\t<div class=\"elementor-element elementor-element-9d44cf5 elementor-widget elementor-widget-text-editor\" data-id=\"9d44cf5\" data-element_type=\"widget\" data-e-type=\"widget\" data-widget_type=\"text-editor.default\">\n\t\t\t\t<div class=\"elementor-widget-container\">\n\t\t\t\t\t\t\t\t\t<p style=\"text-align: justify;\"><b>Pol\u00edtica de anulaci\u00f3n<\/b><\/p><p style=\"text-align: justify;\">En caso de cancelaci\u00f3n con m\u00e1s de 48 horas de antelaci\u00f3n a la fecha de la actividad elegida: reembolso de 100 % excepto para las actividades para las que aparezca la menci\u00f3n \"Actividad no reembolsable\" antes del pago en el bot\u00f3n A\u00f1adir a la cesta.<\/p><p style=\"text-align: justify;\">En caso de cancelaci\u00f3n 48 horas o menos antes de la actividad: sin reembolso salvo en circunstancias excepcionales. P\u00f3ngase en contacto con nuestro servicio de atenci\u00f3n al cliente por correo electr\u00f3nico en book@soldodubai.com para realizar su solicitud, que ser\u00e1 examinada y, si es posible, negociada con nuestros proveedores de servicios.<\/p><p style=\"text-align: justify;\">Se cobrar\u00e1 el importe \u00edntegro en caso de no presentarse y si no se realiza la actividad. No es posible ning\u00fan reembolso despu\u00e9s del evento.<\/p><p style=\"text-align: justify;\">Cuando una actividad est\u00e1 marcada como \"canjeable\", s\u00f3lo se aplica a la fecha elegida.<\/p><p style=\"text-align: justify;\">Si una actividad est\u00e1 marcada como \"reembolsable condicionalmente\", significa que podremos negociar un reembolso con el proveedor del servicio sobre la base de su prueba de cancelaci\u00f3n. El proveedor del servicio decidir\u00e1 entonces si le concede o no el reembolso.\u00a0<\/p><p style=\"text-align: justify;\">Cuando una actividad est\u00e1 marcada como \"no reembolsable salvo en circunstancias excepcionales\", significa que si conseguimos revender sus entradas, podremos reembolsarle la reserva.<\/p><p style=\"text-align: justify;\"><b>Pol\u00edtica de reprogramaci\u00f3n<\/b><\/p><p style=\"text-align: justify;\">S\u00f3lo se ofrece una reprogramaci\u00f3n gratuita, excepto para las actividades en las que se indique, antes del pago, que la reprogramaci\u00f3n es imposible, lo que se justifica con la menci\u00f3n \"no intercambiable\". Esto deber\u00e1 comunicarse como m\u00e1ximo 48 horas antes de la fecha elegida para la actividad. En este caso, y en caso de m\u00faltiples solicitudes de cambio, estas acciones se facturar\u00e1n a 30% del importe de la actividad, por persona.<\/p><p style=\"text-align: justify;\">Si no se recibe una solicitud de reprogramaci\u00f3n con 48 horas de antelaci\u00f3n, \u00e9sta ser\u00e1 rechazada y no se efectuar\u00e1 ning\u00fan reembolso.<\/p><p style=\"text-align: justify;\">Los programas no pueden cancelarse por mal tiempo. S\u00f3lo el socio est\u00e1 en condiciones de juzgar si una actividad puede llevarse a cabo por su seguridad y de acuerdo con las \u00f3rdenes recibidas de las autoridades.<\/p>\t\t\t\t\t\t\t\t<\/div>\n\t\t\t\t<\/div>\n\t\t\t\t\t<\/div>\n\t\t<\/div>\n\t\t\t\t\t<\/div>\n\t\t<\/section>\n\t\t\t\t<\/div>","protected":false},"excerpt":{"rendered":"<p>Condiciones de reembolso Pol\u00edtica de cancelaci\u00f3n En caso de cancelaci\u00f3n con m\u00e1s de 48 horas de antelaci\u00f3n a la fecha de la actividad elegida: reembolso de 100 % excepto para las actividades para las que aparezca la menci\u00f3n \"Actividad no reembolsable\" antes del pago en el bot\u00f3n A\u00f1adir a la cesta. En caso de...<\/p>","protected":false},"author":1,"featured_media":0,"parent":0,"menu_order":0,"comment_status":"closed","ping_status":"closed","template":"full_width.php","meta":{"footnotes":""},"class_list":["post-2024406","page","type-page","status-publish","hentry"],"rttpg_featured_image_url":null,"rttpg_author":{"display_name":"admin","author_link":"https:\/\/soldodubai.com\/es\/author\/admin\/"},"rttpg_comment":0,"rttpg_category":null,"rttpg_excerpt":"Conditions de remboursement Politique d\u2019annulation En cas d\u2019annulation sup\u00e9rieure \u00e0 48 heures avant la date d\u2019activit\u00e9 choisie: remboursement \u00e0 hauteur de 100\u00a0% sauf pour les activit\u00e9s dont la mention \u201cActivit\u00e9 non-remboursable\u201d est affich\u00e9 avant le paiement au niveau du bouton \u00a0Ajouter au panier. En cas...","_links":{"self":[{"href":"https:\/\/soldodubai.com\/es\/wp-json\/wp\/v2\/pages\/2024406","targetHints":{"allow":["GET"]}}],"collection":[{"href":"https:\/\/soldodubai.com\/es\/wp-json\/wp\/v2\/pages"}],"about":[{"href":"https:\/\/soldodubai.com\/es\/wp-json\/wp\/v2\/types\/page"}],"author":[{"embeddable":true,"href":"https:\/\/soldodubai.com\/es\/wp-json\/wp\/v2\/users\/1"}],"replies":[{"embeddable":true,"href":"https:\/\/soldodubai.com\/es\/wp-json\/wp\/v2\/comments?post=2024406"}],"version-history":[{"count":0,"href":"https:\/\/soldodubai.com\/es\/wp-json\/wp\/v2\/pages\/2024406\/revisions"}],"wp:attachment":[{"href":"https:\/\/soldodubai.com\/es\/wp-json\/wp\/v2\/media?parent=2024406"}],"curies":[{"name":"wp","href":"https:\/\/api.w.org\/{rel}","templated":true}]}}