{"id":23081,"date":"2021-01-03T12:13:34","date_gmt":"2021-01-03T11:13:34","guid":{"rendered":"http:\/\/13.36.35.205\/activite-copy\/"},"modified":"2024-06-13T18:04:47","modified_gmt":"2024-06-13T17:04:47","slug":"informacion-legal","status":"publish","type":"page","link":"https:\/\/soldodubai.com\/es\/informacion-legal\/","title":{"rendered":"Informaci\u00f3n legal"},"content":{"rendered":"<div data-elementor-type=\"wp-page\" data-elementor-id=\"23081\" class=\"elementor elementor-23081\">\n\t\t\t\t\t\t<section class=\"elementor-section elementor-top-section elementor-element elementor-element-ad86265 elementor-section-boxed elementor-section-height-default elementor-section-height-default parallax_section_no qode_elementor_container_no\" data-id=\"ad86265\" data-element_type=\"section\" data-e-type=\"section\">\n\t\t\t\t\t\t<div class=\"elementor-container elementor-column-gap-default\">\n\t\t\t\t\t<div class=\"elementor-column elementor-col-100 elementor-top-column elementor-element elementor-element-4e466ee\" data-id=\"4e466ee\" data-element_type=\"column\" data-e-type=\"column\">\n\t\t\t<div class=\"elementor-widget-wrap elementor-element-populated\">\n\t\t\t\t\t\t<div class=\"elementor-element elementor-element-2550978 elementor-widget elementor-widget-heading\" data-id=\"2550978\" data-element_type=\"widget\" data-e-type=\"widget\" data-widget_type=\"heading.default\">\n\t\t\t\t<div class=\"elementor-widget-container\">\n\t\t\t\t\t<h2 class=\"elementor-heading-title elementor-size-default\">AVISOS LEGALES\n<\/h2>\t\t\t\t<\/div>\n\t\t\t\t<\/div>\n\t\t\t\t<div class=\"elementor-element elementor-element-f2fcd53 elementor-widget-divider--view-line elementor-widget elementor-widget-divider\" data-id=\"f2fcd53\" data-element_type=\"widget\" data-e-type=\"widget\" data-widget_type=\"divider.default\">\n\t\t\t\t<div class=\"elementor-widget-container\">\n\t\t\t\t\t\t\t<div class=\"elementor-divider\">\n\t\t\t<span class=\"elementor-divider-separator\">\n\t\t\t\t\t\t<\/span>\n\t\t<\/div>\n\t\t\t\t\t\t<\/div>\n\t\t\t\t<\/div>\n\t\t\t\t\t<\/div>\n\t\t<\/div>\n\t\t\t\t\t<\/div>\n\t\t<\/section>\n\t\t\t\t<section class=\"elementor-section elementor-top-section elementor-element elementor-element-84f9ee1 elementor-section-content-middle elementor-section-boxed elementor-section-height-default elementor-section-height-default parallax_section_no qode_elementor_container_no\" data-id=\"84f9ee1\" data-element_type=\"section\" data-e-type=\"section\" data-settings=\"{&quot;animation&quot;:&quot;none&quot;}\">\n\t\t\t\t\t\t<div class=\"elementor-container elementor-column-gap-narrow\">\n\t\t\t\t\t<div class=\"elementor-column elementor-col-100 elementor-top-column elementor-element elementor-element-2950e6d\" data-id=\"2950e6d\" data-element_type=\"column\" data-e-type=\"column\">\n\t\t\t<div class=\"elementor-widget-wrap elementor-element-populated\">\n\t\t\t\t\t\t<div class=\"elementor-element elementor-element-884d160 elementor-widget elementor-widget-heading\" data-id=\"884d160\" data-element_type=\"widget\" data-e-type=\"widget\" data-widget_type=\"heading.default\">\n\t\t\t\t<div class=\"elementor-widget-container\">\n\t\t\t\t\t<h3 class=\"elementor-heading-title elementor-size-default\">TERRENO DE DUBAI\n<\/h3>\t\t\t\t<\/div>\n\t\t\t\t<\/div>\n\t\t\t\t<div class=\"elementor-element elementor-element-9d44cf5 elementor-widget elementor-widget-text-editor\" data-id=\"9d44cf5\" data-element_type=\"widget\" data-e-type=\"widget\" data-widget_type=\"text-editor.default\">\n\t\t\t\t<div class=\"elementor-widget-container\">\n\t\t\t\t\t\t\t\t\t<p>De conformidad con lo dispuesto en los art\u00edculos 6-III y 19 de la Ley n\u00ba 2004-575 de 21 de junio de 2004 sobre la confianza en la econom\u00eda digital, conocida como L.C.E.N., se informa a los usuarios y visitantes del sitio web de que <code>PLANTA DUBAI<\/code> este aviso legal.<\/p><p>La p\u00e1gina web\u00a0<code>PLANTA DUBAI<\/code> puede consultarse en la siguiente direcci\u00f3n\u00a0<a href=\"https:\/\/soldodubai.com\/es\/?elementor_library=accueil\">https:\/\/soldodubai.com<\/a>\u00a0(en adelante \"el Sitio\"). El acceso y uso del Sitio est\u00e1n sujetos al presente \"Aviso Legal\" detallado a continuaci\u00f3n, as\u00ed como a las leyes y\/o reglamentos aplicables.<\/p><p>La conexi\u00f3n, el uso y el acceso a este Sitio implican la aceptaci\u00f3n plena y sin reservas por parte del internauta de todas las disposiciones del presente Aviso Legal.<\/p>\t\t\t\t\t\t\t\t<\/div>\n\t\t\t\t<\/div>\n\t\t\t\t<div class=\"elementor-element elementor-element-4894aa2 elementor-widget elementor-widget-bridge_old_accordion\" data-id=\"4894aa2\" data-element_type=\"widget\" data-e-type=\"widget\" data-widget_type=\"bridge_old_accordion.default\">\n\t\t\t\t<div class=\"elementor-widget-container\">\n\t\t\t\t\t\n        <div class=\"q_accordion_holder wpb_content_element not-column-inherit clearfix accordion without_icon\" data-active-tab=\"1\">\n\n            \n\t\t\t\t<h5 class=\"clearfix title-holder\" style=\"\"><span class=\"accordion_mark left_mark\"><span class=\"accordion_mark_icon\"><\/span><\/span><span class=\"tab-title\">ART\u00cdCULO 1 - INFORMACI\u00d3N LEGAL<\/span><span class=\"accordion_mark right_mark\"><span class=\"accordion_mark_icon\"><\/span><\/span><\/h5>\n\t\t\t\t<div  class=\"accordion_content no_icon\">\n\t\t\t<div class=\"accordion_content_inner\">\n\t\t\t\t<p style=\"text-align: justify;\">De conformidad con el art\u00edculo 6 de la Ley n\u00ba 2004-575 de 21 de junio de 2004 sobre la confianza en la econom\u00eda digital, este art\u00edculo especifica la identidad de las distintas partes implicadas en su aplicaci\u00f3n y seguimiento.<\/p><p style=\"text-align: justify;\">La p\u00e1gina web de Sol do Dubai ha sido dise\u00f1ada por :<\/p><p style=\"text-align: justify;\">PERLE IN<\/p><p style=\"text-align: justify;\">con domicilio social en la siguiente direcci\u00f3n: 157 bld Macdonald 75019 Par\u00eds, y registrada con el siguiente n\u00famero: 80393776200026.<\/p><p style=\"text-align: justify;\">Direcci\u00f3n de correo electr\u00f3nico :\u00a0<span style=\"color: #cfab5b;\"><a style=\"color: #cfab5b;\" href=\"mailto:contact@perle-in.com\">contact@perle-in.com<\/a><\/span><\/p><p style=\"text-align: justify;\">P\u00e1gina web : <span style=\"color: #3366ff;\"><a style=\"color: #3366ff;\" href=\"http:\/\/www.perle-in.com\">www.perle-in.com<\/a><\/span><\/p><p style=\"text-align: justify;\">en adelante \"el dise\u00f1ador<\/p><p style=\"text-align: justify;\">La p\u00e1gina web de Sol do Dubai ha sido dise\u00f1ada por :<\/p><div class=\"result-frame svelte-1a37brm\">MEDIO ORIENTE TRAVEL &amp; TOURS LLC<\/div><div>\u00a0<\/div><div class=\"result-frame svelte-1a37brm\">Direcci\u00f3n de correo electr\u00f3nico : <a href=\"mailto:contact@soldodubai.com\"><span style=\"color: #cfab5b;\">infos@soldodubai.com<\/span><\/a><\/div><p style=\"text-align: justify;\">en adelante \"el Editor<\/p><p style=\"text-align: justify;\">El director de la publicaci\u00f3n es :<\/p><p style=\"text-align: justify;\">Ilham Khalladi y Rita Salgado<\/p><p style=\"text-align: justify;\">Director comercial de desarrollo<\/p><div class=\"result-frame svelte-1a37brm\">MEDIO ORIENTE TRAVEL &amp; TOURS LLC<\/div><div>\u00a0<\/div><div class=\"result-frame svelte-1a37brm\">Direcci\u00f3n de correo electr\u00f3nico :infos@soldodubai.com<\/div><p style=\"text-align: justify;\">en adelante \"el Director de la Publicaci\u00f3n\" y \"el Responsable de la Protecci\u00f3n de Datos<\/p><p style=\"text-align: justify;\">El sitio web de Sol do Dubai est\u00e1 alojado en :<\/p><p style=\"text-align: justify;\">Luxemburgo, Amazon Web Services EMEA SARL (\"AWS Europa\") cuyo domicilio social se encuentra en la siguiente direcci\u00f3n: 38 Avenue John F. Kennedy, L-1855 Luxemburgo, Gran Ducado de Luxemburgo<\/p><p style=\"text-align: justify;\">denominado en lo sucesivo \"el Anfitri\u00f3n\".<\/p><p style=\"text-align: justify;\">Se consideran usuarios todos los internautas que navegan, leen, ven y utilizan el sitio web de Sol do Dubai.<\/p><p style=\"text-align: justify;\">en adelante los \"Usuarios<\/p>\n\t\t\t<\/div>\n\t\t\t\t<\/div>\n\n\t\t\t\t<h5 class=\"clearfix title-holder\" style=\"\"><span class=\"accordion_mark left_mark\"><span class=\"accordion_mark_icon\"><\/span><\/span><span class=\"tab-title\"> ART\u00cdCULO 2 - ACCESIBILIDAD<\/span><span class=\"accordion_mark right_mark\"><span class=\"accordion_mark_icon\"><\/span><\/span><\/h5>\n\t\t\t\t<div  class=\"accordion_content no_icon\">\n\t\t\t<div class=\"accordion_content_inner\">\n\t\t\t\t<p>En principio, el Sitio es accesible a los usuarios 24 horas al d\u00eda, 7 d\u00edas a la semana, salvo interrupci\u00f3n, programada o no, por motivos de mantenimiento o en caso de fuerza mayor.<br \/>En caso de imposibilidad de acceso al Sitio, \u00e9ste se compromete a hacer todo lo posible para restablecer el acceso. El Sitio no podr\u00e1 ser considerado responsable de ning\u00fan da\u00f1o resultante de su indisponibilidad.<\/p>\n\t\t\t<\/div>\n\t\t\t\t<\/div>\n\n\t\t\t\t<h5 class=\"clearfix title-holder\" style=\"\"><span class=\"accordion_mark left_mark\"><span class=\"accordion_mark_icon\"><\/span><\/span><span class=\"tab-title\">ART\u00cdCULO 3 - DATOS PERSONALES Y RGPD<\/span><span class=\"accordion_mark right_mark\"><span class=\"accordion_mark_icon\"><\/span><\/span><\/h5>\n\t\t\t\t<div  class=\"accordion_content no_icon\">\n\t\t\t<div class=\"accordion_content_inner\">\n\t\t\t\t<div class=\"wpb_text_column wpb_content_element\"><div class=\"wpb_wrapper\"><p>El Cliente est\u00e1 informado de la normativa relativa a las comunicaciones de marketing, la ley de 21 de junio de 2014 para la confianza en la Econom\u00eda Digital, la Ley de Protecci\u00f3n de Datos de 06 de agosto 2004 y el Reglamento General de Protecci\u00f3n de Datos (RGPD: n\u00b0 2016-679).<\/p><h4>3.1 RESPONSABLES DE LA RECOGIDA DE DATOS PERSONALES<\/h4><p>Para los Datos Personales recogidos en relaci\u00f3n con la creaci\u00f3n de la cuenta personal del Usuario y la navegaci\u00f3n en el Sitio, el responsable del tratamiento de los Datos Personales es: Sol do Dubai, representada por Ilham Khalladi &amp; Rita Salgado, su representante legal.<\/p><p>Como responsable del tratamiento de los datos que recoge, Sol do Dubai se compromete a respetar las disposiciones legales vigentes. En particular, le corresponde establecer las finalidades de su tratamiento de datos, proporcionar a sus prospectos y clientes, a partir de la recogida de su consentimiento, toda la informaci\u00f3n sobre el tratamiento de sus datos personales y mantener un registro de tratamiento conforme a la realidad. Cada vez que Sol do Dubai procesa datos personales, Sol do Dubai toma todas las medidas razonables para garantizar la exactitud y pertinencia de los datos personales con respecto a los fines para los que Sol do Dubai los procesa.<\/p><h4>3.2 FINALIDAD DE LOS DATOS RECOGIDOS<\/h4><p>Sol do Dubai puede procesar algunos o todos sus datos personales:<\/p><ul><li>permitir la navegaci\u00f3n en el Sitio y la gesti\u00f3n y trazabilidad de los servicios solicitados por el usuario: datos de conexi\u00f3n y utilizaci\u00f3n del Sitio, facturaci\u00f3n, historial de pedidos, etc. ;<\/li><li>para prevenir y combatir el fraude inform\u00e1tico (spamming, hacking, etc.): equipo inform\u00e1tico utilizado para la navegaci\u00f3n, direcci\u00f3n IP, contrase\u00f1a (hash), etc;<\/li><li>para mejorar la navegaci\u00f3n en el Sitio: datos de conexi\u00f3n y de utilizaci\u00f3n;<\/li><li>para realizar encuestas de satisfacci\u00f3n opcionales sobre Sol do Dubai: direcci\u00f3n de correo electr\u00f3nico ;<\/li><li>y para las campa\u00f1as de comunicaci\u00f3n (sms, correo electr\u00f3nico): n\u00famero de tel\u00e9fono, direcci\u00f3n de correo electr\u00f3nico.<\/li><\/ul><p>Sol do Dubai no vende sus datos personales, que s\u00f3lo se utilizan con fines estad\u00edsticos y de an\u00e1lisis.<\/p><h4>3.3 DERECHO DE ACCESO, RECTIFICACI\u00d3N Y OPOSICI\u00d3N<\/h4><p>De conformidad con la normativa europea vigente, los usuarios de Sol do Dubai tienen los siguientes derechos:<\/p><ul><li>derecho de acceso (art\u00edculo 15 RGPD) y rectificaci\u00f3n (art\u00edculo 16 RGPD), actualizaci\u00f3n e integridad de los datos de los Usuarios derecho a bloquear o borrar los datos personales de los Usuarios (art\u00edculo 17 RGPD), si son inexactos, incompletos, ambiguos, obsoletos, o cuya recogida, utilizaci\u00f3n, comunicaci\u00f3n o almacenamiento est\u00e9 prohibido;<\/li><li>el derecho a retirar el consentimiento en cualquier momento (art\u00edculo 13-2c RGPD);<\/li><li>el derecho a restringir el tratamiento de los datos de los usuarios (art\u00edculo 18 del RGPD);<\/li><li>el derecho a oponerse al tratamiento de los datos de los usuarios (art\u00edculo 21 del RGPD);<\/li><li>el derecho a la portabilidad de los datos facilitados por los Usuarios, cuando dichos datos sean objeto de un tratamiento automatizado basado en su consentimiento o en un contrato (art\u00edculo 20 del RGPD);<\/li><li>y el derecho a definir el destino de los datos de los Usuarios tras su fallecimiento y a elegir a qui\u00e9n Sol do Dubai debe comunicar (o no) sus datos a un tercero que haya designado previamente.<\/li><\/ul><p>Una vez que Sol do DubaiI tenga conocimiento del fallecimiento de un Usuario y en ausencia de instrucciones por su parte, Sol do Dubai se compromete a destruir sus datos, salvo que su conservaci\u00f3n sea necesaria a efectos probatorios o para cumplir una obligaci\u00f3n legal.<\/p><p>Si el Usuario desea conocer el uso que Sol do Dubai hace de sus Datos Personales, solicitar la rectificaci\u00f3n de los mismos u oponerse a su tratamiento, podr\u00e1 dirigirse por escrito a Sol do Dubai en la siguiente direcci\u00f3n:<\/p><p>PLANTA DUBAI<br \/>MEDIO ORIENTE TRAVEL &amp; TOURS LLC<\/p><p>En este caso, el Usuario deber\u00e1 indicar los Datos Personales que desea que Sol do Dubai rectifique, actualice o suprima, identific\u00e1ndose de forma precisa con una copia de un documento de identidad (carn\u00e9 de identidad o pasaporte).<\/p><p>Las solicitudes de supresi\u00f3n de Datos Personales estar\u00e1n sujetas a las obligaciones impuestas a Sol do Dubai por la ley, en particular en lo que respecta a la conservaci\u00f3n o archivo de documentos. Por \u00faltimo, los Usuarios de Sol do Dubai podr\u00e1n presentar una reclamaci\u00f3n ante las autoridades de control, incluido el <a href=\"https:\/\/www.cnil.fr\/fr\/plaintes\" target=\"_blank\" rel=\"noopener noreferrer\">CNIL<\/a>.<\/p><h4>3.4 NO DIVULGACI\u00d3N DE DATOS PERSONALES<\/h4><p>Sol do Dubai no procesar\u00e1, alojar\u00e1 ni transferir\u00e1 la Informaci\u00f3n recopilada de sus Clientes a un pa\u00eds fuera de la Uni\u00f3n Europea o reconocido como \"no adecuado\" por la Comisi\u00f3n Europea sin informar previamente al cliente. Sin embargo, Sol do Dubai sigue siendo libre de elegir a sus subcontratistas t\u00e9cnicos y comerciales siempre que ofrezcan garant\u00edas suficientes con respecto a los requisitos del Reglamento General de Protecci\u00f3n de Datos (GDPR: n.\u00ba 2016-679).<\/p><p>Sol do Dubai se compromete a tomar todas las precauciones necesarias para preservar la seguridad de las Informaciones y, en particular, que no sean reveladas a personas no autorizadas. No obstante, si se pone en conocimiento de Sol do Dubai un incidente que afecte a la integridad o confidencialidad de la Informaci\u00f3n del Cliente, deber\u00e1 informarle lo antes posible y comunicarle las medidas correctoras adoptadas. Adem\u00e1s, Sol do Dubai no recoge ning\u00fan \"dato sensible\".<\/p><p>Los Datos Personales del Usuario podr\u00e1n ser tratados por las filiales y subcontratistas de Sol do Dubai (proveedores de servicios) exclusivamente para alcanzar los fines de la presente pol\u00edtica.<\/p><p>Dentro de los l\u00edmites de sus respectivas responsabilidades y para los fines expuestos anteriormente, las principales personas susceptibles de tener acceso a los datos de los usuarios de MES Sol do Dubai son principalmente nuestros agentes del servicio de atenci\u00f3n al cliente.<\/p><h4>3.5 TIPOS DE DATOS RECOGIDOS<\/h4><p>En lo que respecta a los usuarios de la p\u00e1gina web de Sol do Dubai, recogemos los siguientes datos imprescindibles para el funcionamiento del servicio, que se conservar\u00e1n durante un periodo m\u00e1ximo de 24 meses tras la finalizaci\u00f3n de la relaci\u00f3n contractual:<\/p><p>Registro: Nombre, Direcci\u00f3n, Tel\u00e9fono de contacto, E-mail, Contrase\u00f1a<\/p><p>Los datos de pago son gestionados por nuestro socio externo seguro Stripe.<\/p><p>tipo de cliente, cargo, empresa, apellidos, nombre, localidad, c\u00f3digo postal, correo electr\u00f3nico, tel\u00e9fono, fecha del evento, tipo de evento, f\u00f3rmula requerida, n\u00famero de invitados, n\u00famero de habitaciones, tipo de men\u00fa, petici\u00f3n especial.<\/p><p>Sol do Dubai tambi\u00e9n recopila informaci\u00f3n para mejorar la experiencia del usuario y proporcionar asesoramiento contextualizado: IP, dispositivo, navegador.<\/p><p>Estos datos se conservan durante un periodo m\u00e1ximo de 24 meses tras la finalizaci\u00f3n de la relaci\u00f3n contractual.<\/p><\/div><\/div><div class=\"vc_empty_space\">\u00a0<\/div>\n\t\t\t<\/div>\n\t\t\t\t<\/div>\n\n\t\t\t\t<h5 class=\"clearfix title-holder\" style=\"\"><span class=\"accordion_mark left_mark\"><span class=\"accordion_mark_icon\"><\/span><\/span><span class=\"tab-title\">ART\u00cdCULO 4 - POL\u00cdTICA DE COOKIES<\/span><span class=\"accordion_mark right_mark\"><span class=\"accordion_mark_icon\"><\/span><\/span><\/h5>\n\t\t\t\t<div  class=\"accordion_content no_icon\">\n\t\t\t<div class=\"accordion_content_inner\">\n\t\t\t\t<div class=\"wpb_text_column wpb_content_element\"><div class=\"wpb_wrapper\"><p>La web de SOL DE DUBA\u00cf puede utilizar \"cookies\" para procesar estad\u00edsticas e informaci\u00f3n sobre el tr\u00e1fico, facilitar la navegaci\u00f3n y mejorar el servicio para mayor comodidad del Usuario.<br \/>De conformidad con la legislaci\u00f3n europea, la p\u00e1gina web de SOL DE DUBA\u00cf ha actualizado su pol\u00edtica de confidencialidad en materia de cookies. Los usuarios son libres de aceptar o rechazar las cookies de todos los sitios web modificando la configuraci\u00f3n de su navegador de Internet.<\/p><\/div><\/div>\n\t\t\t<\/div>\n\t\t\t\t<\/div>\n\n\t\t\t\t<h5 class=\"clearfix title-holder\" style=\"\"><span class=\"accordion_mark left_mark\"><span class=\"accordion_mark_icon\"><\/span><\/span><span class=\"tab-title\">ART\u00cdCULO 5 - LEY APLICABLE Y JURISDICCI\u00d3N<\/span><span class=\"accordion_mark right_mark\"><span class=\"accordion_mark_icon\"><\/span><\/span><\/h5>\n\t\t\t\t<div  class=\"accordion_content no_icon\">\n\t\t\t<div class=\"accordion_content_inner\">\n\t\t\t\t<div class=\"wpb_text_column wpb_content_element\"><div class=\"wpb_wrapper\"><p>El presente Aviso Legal se rige por la legislaci\u00f3n emirat\u00ed. En caso de litigio y a falta de acuerdo amistoso, \u00e9ste se someter\u00e1 a los tribunales emirat\u00edes - Tribunal del DIFC, de conformidad con las normas de competencia vigentes.<\/p><\/div><\/div>\n\t\t\t<\/div>\n\t\t\t\t<\/div>\n\n\t\t\t\t<h5 class=\"clearfix title-holder\" style=\"\"><span class=\"accordion_mark left_mark\"><span class=\"accordion_mark_icon\"><\/span><\/span><span class=\"tab-title\">ART\u00cdCULO 6 - CONTACTO<\/span><span class=\"accordion_mark right_mark\"><span class=\"accordion_mark_icon\"><\/span><\/span><\/h5>\n\t\t\t\t<div  class=\"accordion_content no_icon\">\n\t\t\t<div class=\"accordion_content_inner\">\n\t\t\t\t<div class=\"wpb_text_column wpb_content_element\"><div class=\"wpb_wrapper\"><p>Para denunciar contenidos o actividades ilegales, los usuarios pueden ponerse en contacto con el editor en la siguiente direcci\u00f3n:\u00a0<a href=\"mailto:contact@soldodubai.com\">infos@soldodubai.com<\/a>o por correo certificado con acuse de recibo dirigido al Editor a la direcci\u00f3n especificada en este Aviso Legal.<\/p><\/div><\/div>\n\t\t\t<\/div>\n\t\t\t\t<\/div>\n\n        <\/div>\n\n        \t\t\t\t<\/div>\n\t\t\t\t<\/div>\n\t\t\t\t\t<\/div>\n\t\t<\/div>\n\t\t\t\t\t<\/div>\n\t\t<\/section>\n\t\t\t\t<\/div>","protected":false},"excerpt":{"rendered":"<p>AVISOS LEGALES SITIO Sol do Dubai De conformidad con las disposiciones de los art\u00edculos 6-III y 19 de la Ley n\u00ba 2004-575 de 21 de junio de 2004 sobre la confianza en la econom\u00eda digital, conocida como L.C.E.N., se informa a los usuarios y visitantes del sitio Sol do Dubai...<\/p>","protected":false},"author":1,"featured_media":0,"parent":0,"menu_order":0,"comment_status":"closed","ping_status":"closed","template":"full_width.php","meta":{"footnotes":""},"class_list":["post-23081","page","type-page","status-publish","hentry"],"rttpg_featured_image_url":null,"rttpg_author":{"display_name":"admin","author_link":"https:\/\/soldodubai.com\/es\/author\/admin\/"},"rttpg_comment":0,"rttpg_category":null,"rttpg_excerpt":"MENTIONS L\u00c9GALES SITE Sol do Dubai Conform\u00e9ment aux dispositions des Articles 6-III et 19 de la Loi n\u00b02004-575 du 21 juin 2004 pour la Confiance dans l\u2019\u00e9conomie num\u00e9rique, dite L.C.E.N., il est port\u00e9 \u00e0 la connaissance des utilisateurs et visiteurs du site Sol do Dubai...","_links":{"self":[{"href":"https:\/\/soldodubai.com\/es\/wp-json\/wp\/v2\/pages\/23081","targetHints":{"allow":["GET"]}}],"collection":[{"href":"https:\/\/soldodubai.com\/es\/wp-json\/wp\/v2\/pages"}],"about":[{"href":"https:\/\/soldodubai.com\/es\/wp-json\/wp\/v2\/types\/page"}],"author":[{"embeddable":true,"href":"https:\/\/soldodubai.com\/es\/wp-json\/wp\/v2\/users\/1"}],"replies":[{"embeddable":true,"href":"https:\/\/soldodubai.com\/es\/wp-json\/wp\/v2\/comments?post=23081"}],"version-history":[{"count":0,"href":"https:\/\/soldodubai.com\/es\/wp-json\/wp\/v2\/pages\/23081\/revisions"}],"wp:attachment":[{"href":"https:\/\/soldodubai.com\/es\/wp-json\/wp\/v2\/media?parent=23081"}],"curies":[{"name":"wp","href":"https:\/\/api.w.org\/{rel}","templated":true}]}}