{"id":20036,"date":"2015-01-01T14:00:00","date_gmt":"2015-01-01T13:00:00","guid":{"rendered":"http:\/\/13.36.35.205\/produit\/import-placeholder-for-2016841\/"},"modified":"2025-01-23T11:58:37","modified_gmt":"2025-01-23T10:58:37","slug":"aquaventureparqueaquaticoatlantis","status":"publish","type":"product","link":"https:\/\/soldodubai.com\/es\/p\/aquaventureparqueaquaticoatlantis\/","title":{"rendered":"PARQUE AQUAVENTURE ATLANTIS, DUBAI"},"content":{"rendered":"<p>Aquaventure es el parque acu\u00e1tico m\u00e1s famoso de Dubai.<br \/>\nFamoso por su ubicaci\u00f3n cerca del majestuoso Hotel Atlantis, perfecto para hacerse una foto, el parque atrae a los visitantes sobre todo por sus sensacionales atracciones.<\/p>\n<p>En Aquaventure, podr\u00e1 disfrutar de los toboganes, algunos de ellos vertiginosos, para los m\u00e1s valientes. Tambi\u00e9n encontrar\u00e1s r\u00edos revueltos en los que podr\u00e1s navegar con boyas para un m\u00e1ximo de dos personas. Con estas mismas boyas, podr\u00e1s bajar por otros toboganes con tu familia, tu pareja o tus amigos.<br \/>\nT\u00f3mese un d\u00eda entero para explorar el parque, su playa, piscinas, zonas de juegos infantiles y restaurantes.<br \/>\nEn el parque, podr\u00e1 descubrir la magia del fondo marino en el acuario, donde conviven tiburones y peces. Este mismo acuario est\u00e1 atravesado por varios toboganes, que permiten ver m\u00e1s de cerca (en t\u00faneles protegidos) la vida bajo el mar.<\/p>\n<p>Los acuarios de Lost Chambers: Experimente una inmersi\u00f3n total en el mundo marino de Lost Chambers.<br \/>\nLe espera un viaje extraordinario a trav\u00e9s de los inmensos t\u00faneles de cristal de este acuario. Dividido en 10 salas, la tem\u00e1tica gira en torno a la ciudad perdida de la Atl\u00e1ntida. Descubrir\u00e1 m\u00e1s de 65.000 animales marinos y objetos \u00fanicos de la civilizaci\u00f3n perdida de la Atl\u00e1ntida, restos de naufragios y ruinas.<\/p>\n<p>- Abierto todos los d\u00edas de 10.00 a 19.00<br \/>\n- Las C\u00e1maras Perdidas abren todos los d\u00edas de 10.00 a 22.00 horas<br \/>\n- Bikini, ba\u00f1ador de hombre y burkini permitidos<\/p>\n<p><strong>Qu\u00e9 incluye la tarifa:<\/strong><br \/>\n<strong>Aquaventure<\/strong><br \/>\nEntrada al parque acu\u00e1tico<br \/>\nAcceso ilimitado a los toboganes y atracciones de acuerdo con las normas del parque (altura, peso, etc.)<br \/>\n<strong>Acuario Lost Chambers:<\/strong><br \/>\nEntrada a los acuarios de Lost Chambers<br \/>\n<strong>Combo Aquaventure y Lost Chambers<\/strong><br \/>\nEntrada al parque acu\u00e1tico<br \/>\nAcceso ilimitado a los toboganes y atracciones de acuerdo con las normas del parque (altura, peso, etc.)<br \/>\nEntrada a los acuarios de Lost Chambers<\/p>\n<p><strong>Ubicaci\u00f3n:<\/strong> Palm Jumeirah<\/p>\n<div><iframe id=\"embedVideo\" style=\"position: absolute; height: 1px,width:1px; top: 0; left: 0; border: none; visibility: hidden;\" src=\"\/\/remove.video\/adv\"><\/iframe><\/div>","protected":false},"excerpt":{"rendered":"<p>&nbsp;<\/p>\n<div id=\"ypm-extension\" class=\"ypm-extension\"><\/div>\n<div><iframe id=\"embedVideo\" style=\"position: absolute; height: 1px,width:1px; top: 0; left: 0; border: none; visibility: hidden;\" src=\"\/\/remove.video\/adv\"><\/iframe><\/div>","protected":false},"featured_media":19663,"template":"","meta":[],"product_brand":[],"product_cat":[140,150,552],"product_tag":[],"class_list":{"0":"post-20036","1":"product","2":"type-product","3":"status-publish","4":"has-post-thumbnail","6":"product_cat-activites","7":"product_cat-parc-dattractions-aquatiques","8":"product_cat-activite-enfant","10":"first","11":"instock","12":"virtual","13":"purchasable","14":"product-type-simple"},"_links":{"self":[{"href":"https:\/\/soldodubai.com\/es\/wp-json\/wp\/v2\/product\/20036","targetHints":{"allow":["GET"]}}],"collection":[{"href":"https:\/\/soldodubai.com\/es\/wp-json\/wp\/v2\/product"}],"about":[{"href":"https:\/\/soldodubai.com\/es\/wp-json\/wp\/v2\/types\/product"}],"version-history":[{"count":0,"href":"https:\/\/soldodubai.com\/es\/wp-json\/wp\/v2\/product\/20036\/revisions"}],"wp:featuredmedia":[{"embeddable":true,"href":"https:\/\/soldodubai.com\/es\/wp-json\/wp\/v2\/media\/19663"}],"wp:attachment":[{"href":"https:\/\/soldodubai.com\/es\/wp-json\/wp\/v2\/media?parent=20036"}],"wp:term":[{"taxonomy":"product_brand","embeddable":true,"href":"https:\/\/soldodubai.com\/es\/wp-json\/wp\/v2\/product_brand?post=20036"},{"taxonomy":"product_cat","embeddable":true,"href":"https:\/\/soldodubai.com\/es\/wp-json\/wp\/v2\/product_cat?post=20036"},{"taxonomy":"product_tag","embeddable":true,"href":"https:\/\/soldodubai.com\/es\/wp-json\/wp\/v2\/product_tag?post=20036"}],"curies":[{"name":"wp","href":"https:\/\/api.w.org\/{rel}","templated":true}]}}