{"id":20037,"date":"2020-12-16T12:21:00","date_gmt":"2020-12-16T11:21:00","guid":{"rendered":"http:\/\/13.36.35.205\/produit\/import-placeholder-for-2016883\/"},"modified":"2025-01-22T16:37:05","modified_gmt":"2025-01-22T15:37:05","slug":"moto-acuatica-2","status":"publish","type":"product","link":"https:\/\/soldodubai.com\/es\/p\/moto-acuatica-2\/","title":{"rendered":"EXCURSI\u00d3N EN MOTO ACU\u00c1TICA Y\/O FLYBOARD, DUBAI"},"content":{"rendered":"<p>Aproveche las \u00faltimas y ultrarr\u00e1pidas motos acu\u00e1ticas para recorrer la costa de Dubai. Esta agencia, que cuenta con un equipo de franc\u00f3fonos, angl\u00f3fonos y arab\u00f3fonos, ofrece excursiones guiadas en moto acu\u00e1tica que le acercar\u00e1n al hotel de 5 estrellas m\u00e1s codiciado del mundo, el Burj Al Arab. Pero eso no es todo: tambi\u00e9n podr\u00e1 llegar a las orillas del puerto deportivo de Dubai, un popular distrito que alberga los rascacielos m\u00e1s altos del emirato, el lugar perfecto para hacer una pose. Por \u00faltimo, para un recorrido a\u00fan m\u00e1s grandioso, puede rodear una de las construcciones m\u00e1s maravillosas de la humanidad, la Palm Jumeirah, y admirar al mismo tiempo el hotel Atlantis.<\/p>\n<p>- Abierto todos los d\u00edas desde las 9 de la ma\u00f1ana hasta la puesta de sol<br \/>\n- A partir de 16 a\u00f1os para volar<br \/>\n- Pasajeros mayores de 4 a\u00f1os con autorizaci\u00f3n paterna<br \/>\n- Sin necesidad de permiso<\/p>\n<p><strong>Qu\u00e9 incluye la tarifa:<\/strong><br \/>\nSu sesi\u00f3n guiada con un profesional (franc\u00f3fono previa solicitud en el momento de la reserva)<br \/>\nSus fotos y v\u00eddeos<br \/>\n1 botella de agua<\/p>\n<p><strong>Ubicaci\u00f3n:<\/strong> Umm Suqeimm, carretera de Jumeirah<\/p>\n<div><iframe id=\"embedVideo\" style=\"position: absolute; height: 1px,width:1px; top: 0; left: 0; border: none; visibility: hidden;\" src=\"\/\/remove.video\/adv\"><\/iframe><\/div>","protected":false},"excerpt":{"rendered":"<p>&nbsp;<\/p>\n<div><iframe id=\"embedVideo\" style=\"position: absolute; height: 1px,width:1px; top: 0; left: 0; border: none; visibility: hidden;\" src=\"\/\/remove.video\/adv\"><\/iframe><\/div>","protected":false},"featured_media":19702,"template":"","meta":[],"product_brand":[],"product_cat":[150],"product_tag":[],"class_list":{"0":"post-20037","1":"product","2":"type-product","3":"status-publish","4":"has-post-thumbnail","6":"product_cat-parc-dattractions-aquatiques","8":"first","9":"instock","10":"featured","11":"shipping-taxable","12":"purchasable","13":"product-type-simple"},"_links":{"self":[{"href":"https:\/\/soldodubai.com\/es\/wp-json\/wp\/v2\/product\/20037","targetHints":{"allow":["GET"]}}],"collection":[{"href":"https:\/\/soldodubai.com\/es\/wp-json\/wp\/v2\/product"}],"about":[{"href":"https:\/\/soldodubai.com\/es\/wp-json\/wp\/v2\/types\/product"}],"version-history":[{"count":0,"href":"https:\/\/soldodubai.com\/es\/wp-json\/wp\/v2\/product\/20037\/revisions"}],"wp:featuredmedia":[{"embeddable":true,"href":"https:\/\/soldodubai.com\/es\/wp-json\/wp\/v2\/media\/19702"}],"wp:attachment":[{"href":"https:\/\/soldodubai.com\/es\/wp-json\/wp\/v2\/media?parent=20037"}],"wp:term":[{"taxonomy":"product_brand","embeddable":true,"href":"https:\/\/soldodubai.com\/es\/wp-json\/wp\/v2\/product_brand?post=20037"},{"taxonomy":"product_cat","embeddable":true,"href":"https:\/\/soldodubai.com\/es\/wp-json\/wp\/v2\/product_cat?post=20037"},{"taxonomy":"product_tag","embeddable":true,"href":"https:\/\/soldodubai.com\/es\/wp-json\/wp\/v2\/product_tag?post=20037"}],"curies":[{"name":"wp","href":"https:\/\/api.w.org\/{rel}","templated":true}]}}