{"id":20038,"date":"2020-12-17T12:21:00","date_gmt":"2020-12-17T11:21:00","guid":{"rendered":"http:\/\/13.36.35.205\/produit\/import-placeholder-for-2016892\/"},"modified":"2024-08-02T16:16:19","modified_gmt":"2024-08-02T15:16:19","slug":"safaritradicional","status":"publish","type":"product","link":"https:\/\/soldodubai.com\/es\/p\/safaritradicional\/","title":{"rendered":"SAFARI DE DESCUBRIMIENTO CON CENA TRADICIONAL"},"content":{"rendered":"<p style=\"text-align: justify;\">A bordo de Land Rovers de \u00e9poca, que los brit\u00e1nicos dejaron a los beduinos en la d\u00e9cada de 1970, partir\u00e1 para observar la flora y la fauna del desierto emirat\u00ed. Este recorrido de una hora incluye varias paradas en las que podr\u00e1 aprender m\u00e1s sobre el desierto de los Emiratos y sus habitantes. Durante esta actividad, ir\u00e1 en busca de fauna salvaje, y podr\u00e1 avistar gacelas y ant\u00edlopes. Este paseo guiado termina en un magn\u00edfico campamento beduino donde la cena se servir\u00e1 en la mesa para los entrantes y en forma de buf\u00e9 para los platos principales y los postres. En este campamento, todo se cocina de forma tradicional, desde el caf\u00e9 y el pan hasta la carne y los bu\u00f1uelos. Podr\u00e1 dar un corto paseo en camello hasta el campamento y hacerse la henna. Este campamento tambi\u00e9n dispone de habitaciones para los que decidan pasar la noche. M\u00e1s informaci\u00f3n aqu\u00ed.<\/p>\n<p style=\"text-align: justify;\">- Ni\u00f1os de 5 a 11 a\u00f1os<br \/>\n- Se recomienda un coche privado a las familias con ni\u00f1os menores de 5 a\u00f1os.<br \/>\n- Autorizado para embarazadas de hasta 6 meses<br \/>\n- Salida entre las 14.30 y las 16.30 seg\u00fan la temporada<br \/>\n- Regreso entre las 21.30 y las 23.30 seg\u00fan la temporada<\/p>\n<p><strong>Composici\u00f3n de la cena :<\/strong><br \/>\nElija en su pedido si desea una comida vegetariana, kosher, vegana o sin gluten.<br \/>\nEnsaladas libanesas, Fattoush y Tabbouleh<br \/>\nCrema de hummus y crema de berenjena con pan emirat\u00ed<br \/>\nCarne a la parrilla y pollo marinado<br \/>\nCordero a fuego lento con especias emirat\u00edes<br \/>\nArroz blanco y especiado<br \/>\nFruta y bu\u00f1uelos emirat\u00edes<br \/>\nAgua, t\u00e9 y caf\u00e9 emirat\u00ed<br \/>\nZumo de frutas<\/p>\n<p style=\"text-align: justify;\"><strong>Qu\u00e9 incluye el precio:<\/strong><br \/>\nTraslados de ida y vuelta desde su hotel<br \/>\nUna hora en un Land Rover antiguo<br \/>\nSu gu\u00eda<br \/>\nCena, Chicha<br \/>\nAplicaci\u00f3n de la henna<br \/>\nEl corto paseo en camello<br \/>\nEl espect\u00e1culo emirat\u00ed<\/p>\n<p><strong>Ubicaci\u00f3n:<\/strong> Reserva de conservaci\u00f3n del desierto de Dubai<\/p>\n<p>Puede combinar esta actividad con la noche en el desierto o la noche en el desierto y amanecer en globo aerost\u00e1tico. Encontrar\u00e1 descripciones de estas dos actividades en nuestro sitio web haciendo clic en los enlaces siguientes:<br \/>\n<a href=\"https:\/\/soldodubai.com\/es\/p\/nuit-dans-le-desert-safari-decouverte\/\">Noche en el desierto<\/a><br \/>\n<a href=\"https:\/\/soldodubai.com\/es\/p\/tour-en-montgolfiere\/\">Amanecer en globo aerost\u00e1tico<\/a><\/p>\n<div id=\"ypm-extension\" class=\"ypm-extension\"><\/div>","protected":false},"excerpt":{"rendered":"<p>A bordo de Land Rovers de \u00e9poca, dejados a los beduinos por los brit\u00e1nicos en los a\u00f1os 70, partir\u00e1 para observar la flora y la fauna del desierto emirat\u00ed. Este recorrido de una hora incluye una serie de paradas en las que podr\u00e1 conocer...<\/p>","protected":false},"featured_media":23278,"template":"","meta":[],"product_brand":[],"product_cat":[140,437,536,553,552],"product_tag":[],"class_list":{"0":"post-20038","1":"product","2":"type-product","3":"status-publish","4":"has-post-thumbnail","6":"product_cat-activites","7":"product_cat-activites-dans-le-desert-activites","8":"product_cat-activites-dans-le-desert","9":"product_cat-activite-couple","10":"product_cat-activite-enfant","12":"first","13":"instock","14":"virtual","15":"purchasable","16":"product-type-simple"},"_links":{"self":[{"href":"https:\/\/soldodubai.com\/es\/wp-json\/wp\/v2\/product\/20038","targetHints":{"allow":["GET"]}}],"collection":[{"href":"https:\/\/soldodubai.com\/es\/wp-json\/wp\/v2\/product"}],"about":[{"href":"https:\/\/soldodubai.com\/es\/wp-json\/wp\/v2\/types\/product"}],"version-history":[{"count":0,"href":"https:\/\/soldodubai.com\/es\/wp-json\/wp\/v2\/product\/20038\/revisions"}],"wp:featuredmedia":[{"embeddable":true,"href":"https:\/\/soldodubai.com\/es\/wp-json\/wp\/v2\/media\/23278"}],"wp:attachment":[{"href":"https:\/\/soldodubai.com\/es\/wp-json\/wp\/v2\/media?parent=20038"}],"wp:term":[{"taxonomy":"product_brand","embeddable":true,"href":"https:\/\/soldodubai.com\/es\/wp-json\/wp\/v2\/product_brand?post=20038"},{"taxonomy":"product_cat","embeddable":true,"href":"https:\/\/soldodubai.com\/es\/wp-json\/wp\/v2\/product_cat?post=20038"},{"taxonomy":"product_tag","embeddable":true,"href":"https:\/\/soldodubai.com\/es\/wp-json\/wp\/v2\/product_tag?post=20038"}],"curies":[{"name":"wp","href":"https:\/\/api.w.org\/{rel}","templated":true}]}}