{"id":20040,"date":"2020-12-16T12:21:00","date_gmt":"2020-12-16T11:21:00","guid":{"rendered":"http:\/\/13.36.35.205\/produit\/import-placeholder-for-2016801\/"},"modified":"2024-08-02T16:27:55","modified_gmt":"2024-08-02T15:27:55","slug":"cruzeirocomjantar","status":"publish","type":"product","link":"https:\/\/soldodubai.com\/es\/p\/cruzeirocomjantar\/","title":{"rendered":"CENA CRUCERO, PUERTO DEPORTIVO DE DUBAI"},"content":{"rendered":"<p>El crucero con cena tiene lugar en un barco grande y perfectamente distribuido, lo que permite a los hu\u00e9spedes disfrutar del crucero con comodidad.<br \/>\nRecibido por el capit\u00e1n y su tripulaci\u00f3n, el excelente servicio comienza en el muelle con un photocall, habitual en los actos sociales, ante el que un fot\u00f3grafo inmortaliza su entrada a bordo (tambi\u00e9n puede utilizar sus propias c\u00e1maras para capturar este momento). Puede elegir entre sentarse en la sala inferior, climatizada y cubierta, o en la superior, abierta y preferible para admirar la ciudad iluminada.<\/p>\n<p>Se ofrece un buf\u00e9 de entrantes, platos principales y postres. En la mesa se sirve agua, zumo, refrescos, caf\u00e9 y t\u00e9.<\/p>\n<p>Durante todo el crucero suena m\u00fasica internacional y, en determinadas veladas, una banda de m\u00fasicos se encarga de ambientar el barco.<\/p>\n<p>Partiendo del puerto de Dubai Marina, el barco se dirigir\u00e1 al coraz\u00f3n del puerto deportivo antes de continuar su recorrido por la bah\u00eda de Jumeirah Beach Residence, pasando junto a la noria.<br \/>\nEl crucero dura un total de 90 minutos, de 20:30 a 22:00 horas.<\/p>\n<p><strong>Qu\u00e9 incluye la tarifa:<\/strong><br \/>\nSu crucero de 90 minutos<br \/>\nCena buffet libre<br \/>\nBebidas fr\u00edas y calientes ilimitadas<\/p>\n<p><strong>Ubicaci\u00f3n:<\/strong> Puerto deportivo de Dubai<\/p>\n<div><iframe id=\"embedVideo\" style=\"position: absolute; height: 1px,width:1px; top: 0; left: 0; border: none; visibility: hidden;\" src=\"\/\/remove.video\/adv\"><\/iframe><\/div>","protected":false},"excerpt":{"rendered":"<p>&nbsp;<\/p>\n<div id=\"ypm-extension\" class=\"ypm-extension\"><\/div>\n<div><iframe id=\"embedVideo\" style=\"position: absolute; height: 1px,width:1px; top: 0; left: 0; border: none; visibility: hidden;\" src=\"\/\/remove.video\/adv\"><\/iframe><\/div>","protected":false},"featured_media":19641,"template":"","meta":[],"product_brand":[],"product_cat":[150,553],"product_tag":[],"class_list":{"0":"post-20040","1":"product","2":"type-product","3":"status-publish","4":"has-post-thumbnail","6":"product_cat-parc-dattractions-aquatiques","7":"product_cat-activite-couple","9":"first","10":"instock","11":"virtual","12":"purchasable","13":"product-type-simple"},"_links":{"self":[{"href":"https:\/\/soldodubai.com\/es\/wp-json\/wp\/v2\/product\/20040","targetHints":{"allow":["GET"]}}],"collection":[{"href":"https:\/\/soldodubai.com\/es\/wp-json\/wp\/v2\/product"}],"about":[{"href":"https:\/\/soldodubai.com\/es\/wp-json\/wp\/v2\/types\/product"}],"version-history":[{"count":0,"href":"https:\/\/soldodubai.com\/es\/wp-json\/wp\/v2\/product\/20040\/revisions"}],"wp:featuredmedia":[{"embeddable":true,"href":"https:\/\/soldodubai.com\/es\/wp-json\/wp\/v2\/media\/19641"}],"wp:attachment":[{"href":"https:\/\/soldodubai.com\/es\/wp-json\/wp\/v2\/media?parent=20040"}],"wp:term":[{"taxonomy":"product_brand","embeddable":true,"href":"https:\/\/soldodubai.com\/es\/wp-json\/wp\/v2\/product_brand?post=20040"},{"taxonomy":"product_cat","embeddable":true,"href":"https:\/\/soldodubai.com\/es\/wp-json\/wp\/v2\/product_cat?post=20040"},{"taxonomy":"product_tag","embeddable":true,"href":"https:\/\/soldodubai.com\/es\/wp-json\/wp\/v2\/product_tag?post=20040"}],"curies":[{"name":"wp","href":"https:\/\/api.w.org\/{rel}","templated":true}]}}