{"id":20042,"date":"2020-12-16T12:21:00","date_gmt":"2020-12-16T11:21:00","guid":{"rendered":"http:\/\/13.36.35.205\/produit\/import-placeholder-for-2016804\/"},"modified":"2024-08-02T16:34:19","modified_gmt":"2024-08-02T15:34:19","slug":"espetaculolaperle","status":"publish","type":"product","link":"https:\/\/soldodubai.com\/es\/p\/espetaculolaperle\/","title":{"rendered":"ESPECT\u00c1CULO LA PERLE, DUBAI"},"content":{"rendered":"<p>La Perle cuenta con un elenco de 65 artistas, entre actores, acr\u00f3batas, acr\u00f3batas acu\u00e1ticos y acr\u00f3batas a\u00e9reos. Prep\u00e1rese para quedar hipnotizado.<br \/>\nEl espect\u00e1culo, de hora y media de duraci\u00f3n, se desarrolla delante de usted, con los artistas lanz\u00e1ndose a la piscina del escenario y volando por el teatro a alturas espectaculares, creando una experiencia visual cautivadora tanto en el escenario como sobre \u00e9l.<br \/>\nLa Perle es el primer espect\u00e1culo que se representa en la regi\u00f3n, con un teatro propio.<\/p>\n<p>Este teatro de dise\u00f1o exclusivo crea una experiencia \u00fanica para los espectadores, ya que cada asiento garantiza una magn\u00edfica vista del espect\u00e1culo.<br \/>\nEl teatro, con capacidad para 1.300 espectadores y s\u00f3lo 14 filas, ofrece una experiencia \u00edntima que le sit\u00faa justo delante de la acci\u00f3n.<\/p>\n<p>Elija entre 3 categor\u00edas de asientos: Bronce, Plata y Oro.  PD: Elija un asiento de la categor\u00eda Plata o Bronce para no recibir las finas part\u00edculas de agua que emanan del escenario, que en algunos casos est\u00e1 amortiguado o incluso inundado.<br \/>\nTodos los asientos tienen una hermosa y despejada vista del escenario.<\/p>\n<p><strong>Qu\u00e9 incluye la tarifa:<\/strong><br \/>\nSu participaci\u00f3n en el espect\u00e1culo La Perle en la categor\u00eda elegida<\/p>\n<p><strong>Ubicaci\u00f3n:<\/strong> Ciudad de Habtoor<\/p>","protected":false},"excerpt":{"rendered":"<p>La Perle cuenta con un elenco de 65 artistas, desde c\u00f3micos y acr\u00f3batas hasta acr\u00f3batas acu\u00e1ticos y a\u00e9reos. Prep\u00e1rese para quedar hipnotizado. El espect\u00e1culo de hora y media se desarrolla ante usted, con los artistas zambull\u00e9ndose en la piscina del escenario y volando por el...<\/p>","protected":false},"featured_media":19648,"template":"","meta":[],"product_brand":[],"product_cat":[138,553],"product_tag":[],"class_list":{"0":"post-20042","1":"product","2":"type-product","3":"status-publish","4":"has-post-thumbnail","6":"product_cat-activites-en-ville-parcs-dattractions","7":"product_cat-activite-couple","9":"first","10":"instock","11":"virtual","12":"purchasable","13":"product-type-simple"},"_links":{"self":[{"href":"https:\/\/soldodubai.com\/es\/wp-json\/wp\/v2\/product\/20042","targetHints":{"allow":["GET"]}}],"collection":[{"href":"https:\/\/soldodubai.com\/es\/wp-json\/wp\/v2\/product"}],"about":[{"href":"https:\/\/soldodubai.com\/es\/wp-json\/wp\/v2\/types\/product"}],"version-history":[{"count":0,"href":"https:\/\/soldodubai.com\/es\/wp-json\/wp\/v2\/product\/20042\/revisions"}],"wp:featuredmedia":[{"embeddable":true,"href":"https:\/\/soldodubai.com\/es\/wp-json\/wp\/v2\/media\/19648"}],"wp:attachment":[{"href":"https:\/\/soldodubai.com\/es\/wp-json\/wp\/v2\/media?parent=20042"}],"wp:term":[{"taxonomy":"product_brand","embeddable":true,"href":"https:\/\/soldodubai.com\/es\/wp-json\/wp\/v2\/product_brand?post=20042"},{"taxonomy":"product_cat","embeddable":true,"href":"https:\/\/soldodubai.com\/es\/wp-json\/wp\/v2\/product_cat?post=20042"},{"taxonomy":"product_tag","embeddable":true,"href":"https:\/\/soldodubai.com\/es\/wp-json\/wp\/v2\/product_tag?post=20042"}],"curies":[{"name":"wp","href":"https:\/\/api.w.org\/{rel}","templated":true}]}}