{"id":20044,"date":"2019-12-24T12:21:00","date_gmt":"2019-12-24T11:21:00","guid":{"rendered":"http:\/\/13.36.35.205\/produit\/import-placeholder-for-2016812\/"},"modified":"2024-08-19T13:11:00","modified_gmt":"2024-08-19T12:11:00","slug":"cruzeiromusandamcomalmoco","status":"publish","type":"product","link":"https:\/\/soldodubai.com\/es\/p\/cruzeiromusandamcomalmoco\/","title":{"rendered":"CRUCERO MUSANDAM CON ALMUERZO, OM\u00c1N"},"content":{"rendered":"<p>Al amanecer, partir\u00e1 hacia Om\u00e1n, para admirar su exuberante entorno natural y sus suntuosos fiordos sacados de una postal.<br \/>\nTras 2 horas de trayecto en coche, har\u00e1 una primera parada para cruzar la frontera, y despu\u00e9s, en 1 hora m\u00e1s de viaje, llegar\u00e1 al barco en el que navegar\u00e1 todo el d\u00eda.<\/p>\n<p>Durante este crucero, descubrir\u00e1 los fiordos y sus historias contadas por un gu\u00eda de habla inglesa o francesa, as\u00ed como los delfines salvajes, rayas y peque\u00f1os tiburones de Om\u00e1n.<br \/>\nEl crucero incluir\u00e1 varias pausas en las que podr\u00e1 nadar en las cristalinas aguas de Om\u00e1n y explorar el fondo marino con el equipo que se le proporcionar\u00e1.<br \/>\nSe servir\u00e1 un almuerzo reci\u00e9n preparado y habr\u00e1 bebidas disponibles durante toda la excursi\u00f3n.<\/p>\n<p>- La excursi\u00f3n dura aproximadamente 11 horas<br \/>\n- Salida entre las 5.00 y las 7.00 horas seg\u00fan la temporada<br \/>\n- Apto para todos los p\u00fablicos<br \/>\n- 3 horas ida y 3 horas vuelta<br \/>\n- Su pasaporte debe ser v\u00e1lido (fecha de caducidad) durante al menos 6 meses a partir de la fecha de su viaje.<br \/>\n- Los titulares de pasaportes que no sean de la Uni\u00f3n Europea deben obtener previamente de las autoridades emirat\u00edes un visado para entradas m\u00faltiples.<\/p>\n<p><strong>Qu\u00e9 incluye la tarifa:<\/strong><br \/>\nTraslados de ida y vuelta a su hotel en Dubai, Sharjah y Ras Al Khaimah (Los participantes procedentes de ABU DHABI tendr\u00e1n que reunirse con el conductor en Dubai o elegir traslados privados, p\u00f3ngase en contacto con nosotros).<br \/>\nVisado de entrada en Om\u00e1n<br \/>\nSu crucero de 5 horas<br \/>\nEquipo de buceo (aletas, tubo)<br \/>\nAlmuerzo y bebidas ilimitados<br \/>\nEl gu\u00eda y la tripulaci\u00f3n<\/p>\n<p><strong>IMPORTANTE<\/strong> S\u00f3lo los participantes de los pa\u00edses que figuran en esta lista podr\u00e1n obtener un visado para entrar en Om\u00e1n. Si no tiene la nacionalidad de uno de estos pa\u00edses, lamentamos no poder acogerle en esta actividad: Alemania, Andorra, Austria, B\u00e9lgica, Bulgaria, Croacia, Dinamarca, Eslovaquia, Eslovenia, Espa\u00f1a, Estonia, Finlandia, Francia, Grecia, Hungr\u00eda, Irlanda, Islandia, Italia, Lituania, Luxemburgo, Malta, M\u00f3naco, Noruega, Pa\u00edses Bajos, Polonia, Portugal, Rep\u00fablica Checa, Ruman\u00eda, Espa\u00f1a, Suecia, Suiza, Chipre, Serbia, Reino Unido, Ucrania, Georgia, Argentina, Colombia, Brasil, Chile, Paraguay, Uruguay, Australia, Brunei, Jap\u00f3n, Hong Kong, Malasia, Nueva Zelanda, Seychelles, Singapur, Corea del Sur, Estados Unidos, Rusia, China, Kazajst\u00e1n...<\/p>\n<p><strong>Ubicaci\u00f3n:<\/strong> Musandam<\/p>","protected":false},"excerpt":{"rendered":"<p>Al amanecer, partir\u00e1 hacia Om\u00e1n, para admirar su exuberante entorno natural y sus suntuosos fiordos sacados directamente de una postal. Tras 2 horas de carretera, har\u00e1 su primera parada para cruzar la frontera, seguida de otra 1 hora de...<\/p>","protected":false},"featured_media":19650,"template":"","meta":[],"product_brand":[],"product_cat":[150,553,552],"product_tag":[],"class_list":{"0":"post-20044","1":"product","2":"type-product","3":"status-publish","4":"has-post-thumbnail","6":"product_cat-parc-dattractions-aquatiques","7":"product_cat-activite-couple","8":"product_cat-activite-enfant","10":"first","11":"instock","12":"featured","13":"shipping-taxable","14":"purchasable","15":"product-type-simple"},"_links":{"self":[{"href":"https:\/\/soldodubai.com\/es\/wp-json\/wp\/v2\/product\/20044","targetHints":{"allow":["GET"]}}],"collection":[{"href":"https:\/\/soldodubai.com\/es\/wp-json\/wp\/v2\/product"}],"about":[{"href":"https:\/\/soldodubai.com\/es\/wp-json\/wp\/v2\/types\/product"}],"version-history":[{"count":0,"href":"https:\/\/soldodubai.com\/es\/wp-json\/wp\/v2\/product\/20044\/revisions"}],"wp:featuredmedia":[{"embeddable":true,"href":"https:\/\/soldodubai.com\/es\/wp-json\/wp\/v2\/media\/19650"}],"wp:attachment":[{"href":"https:\/\/soldodubai.com\/es\/wp-json\/wp\/v2\/media?parent=20044"}],"wp:term":[{"taxonomy":"product_brand","embeddable":true,"href":"https:\/\/soldodubai.com\/es\/wp-json\/wp\/v2\/product_brand?post=20044"},{"taxonomy":"product_cat","embeddable":true,"href":"https:\/\/soldodubai.com\/es\/wp-json\/wp\/v2\/product_cat?post=20044"},{"taxonomy":"product_tag","embeddable":true,"href":"https:\/\/soldodubai.com\/es\/wp-json\/wp\/v2\/product_tag?post=20044"}],"curies":[{"name":"wp","href":"https:\/\/api.w.org\/{rel}","templated":true}]}}