{"id":20045,"date":"2019-12-30T12:21:00","date_gmt":"2019-12-30T11:21:00","guid":{"rendered":"http:\/\/13.36.35.205\/produit\/import-placeholder-for-2016875\/"},"modified":"2025-01-22T16:38:24","modified_gmt":"2025-01-22T15:38:24","slug":"nadarcomgolfinhosatlantis","status":"publish","type":"product","link":"https:\/\/soldodubai.com\/es\/p\/nadarcomgolfinhosatlantis\/","title":{"rendered":"NADAR CON DELFINES Y PARQUE ACU\u00c1TICO, ATLANTIS"},"content":{"rendered":"<p>Situado dentro del majestuoso hotel Atlantis The Palm, Dolphin Bay es uno de los h\u00e1bitats de delfines m\u00e1s sofisticados del mundo. Aqu\u00ed tendr\u00e1 la oportunidad de conocer, tocar y nadar con los delfines en un grupo reducido durante una sesi\u00f3n de 30 minutos. Esta sesi\u00f3n se divide entre el nado con el delf\u00edn y las explicaciones de su instructor. Un momento memorable garantizado. Adem\u00e1s de esta actividad, tambi\u00e9n tendr\u00e1 acceso al parque acu\u00e1tico Atlantis, Aquaventure Waterpark, y a su playa privada, Aquaventure Beach.<\/p>\n<p><strong>INTERACCI\u00d3N CON EL DELF\u00cdN<\/strong><br \/>\nRe\u00fanase con su delf\u00edn en aguas poco profundas para disfrutar de un momento \u00edntimo de baile, mimos y besos.<br \/>\nSin edad m\u00ednima, gratis para menores de 3 a\u00f1os<br \/>\n<strong>Qu\u00e9 incluye la tarifa:<\/strong><br \/>\nInteractuar con los delfines en grupo<br \/>\nEntrada al parque acu\u00e1tico Atlantis Aquaventure<br \/>\nLa combinaci\u00f3n<\/p>\n<p><strong>NADAR CON EL DELF\u00cdN<\/strong><br \/>\nRe\u00fanase y nade en aguas profundas con su delf\u00edn en grupo, para un momento de complicidad, sesi\u00f3n de 30 minutos.<br \/>\nA partir de los 8 a\u00f1os<br \/>\n<strong>Qu\u00e9 incluye la tarifa:<\/strong><br \/>\nSu ba\u00f1o con el delf\u00edn<br \/>\nEntrada al parque acu\u00e1tico Atlantis Aquaventure<br \/>\nLa combinaci\u00f3n<\/p>\n<p>Importante: De acuerdo con la normativa de Atlantis:<br \/>\n- Los ni\u00f1os menores de 8 a\u00f1os s\u00f3lo podr\u00e1n interactuar con el delf\u00edn y deber\u00e1n ir acompa\u00f1ados de un adulto mayor de 18 a\u00f1os, que tambi\u00e9n deber\u00e1 elegir plaza.<br \/>\n- Si desea acompa\u00f1ar a un participante a la piscina, deber\u00e1 abonar la suma de <span class=\"woocommerce-Price-amount amount\"><bdi>91.00&nbsp;<span class=\"woocommerce-Price-currencySymbol\">$<\/span><\/bdi><\/span> en la entrada del parque (precio para adultos y ni\u00f1os), que tambi\u00e9n le permitir\u00e1 tomar fotos y v\u00eddeos de los participantes.<\/p>\n<p><strong>Ubicaci\u00f3n:<\/strong> Palm Jumeirah<\/p>","protected":false},"excerpt":{"rendered":"<p>Situado dentro del majestuoso hotel Atlantis The Palm, Dolphin Bay es uno de los h\u00e1bitats de delfines m\u00e1s sofisticados del mundo. Aqu\u00ed tendr\u00e1 la oportunidad de conocer, tocar y nadar con los delfines en un grupo reducido durante una sesi\u00f3n de 30 minutos. Esta sesi\u00f3n...<\/p>","protected":false},"featured_media":19684,"template":"","meta":[],"product_brand":[],"product_cat":[150,552],"product_tag":[],"class_list":{"0":"post-20045","1":"product","2":"type-product","3":"status-publish","4":"has-post-thumbnail","6":"product_cat-parc-dattractions-aquatiques","7":"product_cat-activite-enfant","9":"first","10":"instock","11":"featured","12":"virtual","13":"purchasable","14":"product-type-simple"},"_links":{"self":[{"href":"https:\/\/soldodubai.com\/es\/wp-json\/wp\/v2\/product\/20045","targetHints":{"allow":["GET"]}}],"collection":[{"href":"https:\/\/soldodubai.com\/es\/wp-json\/wp\/v2\/product"}],"about":[{"href":"https:\/\/soldodubai.com\/es\/wp-json\/wp\/v2\/types\/product"}],"version-history":[{"count":0,"href":"https:\/\/soldodubai.com\/es\/wp-json\/wp\/v2\/product\/20045\/revisions"}],"wp:featuredmedia":[{"embeddable":true,"href":"https:\/\/soldodubai.com\/es\/wp-json\/wp\/v2\/media\/19684"}],"wp:attachment":[{"href":"https:\/\/soldodubai.com\/es\/wp-json\/wp\/v2\/media?parent=20045"}],"wp:term":[{"taxonomy":"product_brand","embeddable":true,"href":"https:\/\/soldodubai.com\/es\/wp-json\/wp\/v2\/product_brand?post=20045"},{"taxonomy":"product_cat","embeddable":true,"href":"https:\/\/soldodubai.com\/es\/wp-json\/wp\/v2\/product_cat?post=20045"},{"taxonomy":"product_tag","embeddable":true,"href":"https:\/\/soldodubai.com\/es\/wp-json\/wp\/v2\/product_tag?post=20045"}],"curies":[{"name":"wp","href":"https:\/\/api.w.org\/{rel}","templated":true}]}}