{"id":20046,"date":"2015-01-01T12:00:00","date_gmt":"2015-01-01T11:00:00","guid":{"rendered":"http:\/\/13.36.35.205\/produit\/import-placeholder-for-2016893\/"},"modified":"2025-01-23T11:47:29","modified_gmt":"2025-01-23T10:47:29","slug":"safarinodeserto","status":"publish","type":"product","link":"https:\/\/soldodubai.com\/es\/p\/safarinodeserto\/","title":{"rendered":"SAFARIS POR EL DESIERTO, QUAD OPCIONAL, BUGGY, CENA BEDUINA"},"content":{"rendered":"<p>Este safari consiste en un recorrido en 4\u00d74, con distintos grados de emoci\u00f3n seg\u00fan el tipo de veh\u00edculo elegido, por el desierto emirat\u00ed por la ma\u00f1ana o por la tarde (al atardecer). Durante esta actividad, un conductor le recoger\u00e1 en su hotel para llevarle al coraz\u00f3n del desierto. La excursi\u00f3n incluye una parada inicial de 30 minutos, seg\u00fan la temporada, durante la cual el conductor desinfla los neum\u00e1ticos del veh\u00edculo para evitar que se hunda en la arena. Durante esta pausa, podr\u00e1 estirar las piernas, refrescarse o disfrutar de una sesi\u00f3n de quad o buggy por las dunas, acompa\u00f1ado por un gu\u00eda y en un grupo reducido.<\/p>\n<p>A continuaci\u00f3n, un sensacional paseo por las dunas en 4x4 y una pausa para hacer fotos y probar el sandboard. La opci\u00f3n del coche privado permite al conductor adaptar su velocidad sobre las dunas.<\/p>\n<p>Para la opci\u00f3n de cena beduina, llegar\u00e1 al campamento beduino, enclavado en el coraz\u00f3n de las dunas, al final de la puesta de sol. A la entrada, un reba\u00f1o de camellos le dar\u00e1 la bienvenida para un breve paseo, si lo desea. Su conductor le guiar\u00e1 al interior del campamento y le indicar\u00e1 su mesa. La cena se sirve en forma de buf\u00e9 libre, con un espect\u00e1culo de danza oriental y tragafuegos.<\/p>\n<p>-La silla de paseo tambi\u00e9n puede acomodar a ni\u00f1os de 1 a\u00f1o o m\u00e1s coloc\u00e1ndolos en su regazo para su comodidad y seguridad.<br \/>\n-Duraci\u00f3n de la excursi\u00f3n: aprox. 4,5 horas por la ma\u00f1ana sin cena o aprox. 6 horas con cena.<br \/>\n-No se requiere licencia para quads o buggies<br \/>\n-Hay que tener al menos 15 a\u00f1os para conducir un quad, y 6 a\u00f1os para ser pasajero.<br \/>\n-Hay que tener 18 a\u00f1os o m\u00e1s para conducir el buggy o el quad manual, y 1 a\u00f1o para ser pasajero en el buggy.<br \/>\n-Las mujeres embarazadas s\u00f3lo pueden hacerlo en coches privados y por indicaci\u00f3n de su m\u00e9dico.<\/p>\n<p>Salida por la ma\u00f1ana entre las 08:00 y las 09:00<br \/>\nHora de salida por la tarde entre:<br \/>\n12.30\/13.30 -&gt; de diciembre a mediados de febrero<br \/>\n13.00\/2.00 -&gt; de mediados de febrero a finales de abril, octubre y noviembre<br \/>\n14.00 \/ 15.00 -&gt;Mayo<br \/>\n15.00\/16.00 -&gt; de junio a finales de septiembre<\/p>\n<p><strong>Safari por la ma\u00f1ana y\/o al atardecer; Qu\u00e9 incluye el precio<\/strong>,<br \/>\nViaje de ida y vuelta a su hotel o residencia<br \/>\nUna hora de paseo por las dunas en un veh\u00edculo 4x4 con aire acondicionado<br \/>\nPaseo guiado en quad\/buggy por el coraz\u00f3n del desierto, si lo desea<br \/>\nSandboarding (no obligatorio)<\/p>\n<p>&nbsp;<\/p>\n<p><strong>Safari al atardecer con cena beduina; Qu\u00e9 incluye el precio<\/strong><br \/>\nViaje de ida y vuelta a su hotel o residencia<br \/>\nUna hora de paseo por las dunas en un veh\u00edculo 4x4 con aire acondicionado<br \/>\nPaseo guiado en quad\/buggy por el coraz\u00f3n del desierto, si lo desea<br \/>\nSandboarding (no obligatorio)<br \/>\nCena buffet<br \/>\nEspect\u00e1culo oriental y tragafuegos<br \/>\nChicha en la sala dedicada (no obligatoria)<br \/>\nEl corto paseo en camello por el campamento beduino (no obligatorio)<br \/>\nEl tatuaje de henna (no obligatorio)<\/p>\n<p><strong>Composici\u00f3n de la cena<\/strong><br \/>\nEnsalada libanesa Fattoush y Tabbouleh<br \/>\nCrema de hummus y berenjena<br \/>\nFalafel y salsa de tahini<br \/>\nPollo y ternera a la parrilla<br \/>\nArroz con especias<br \/>\nFideos chinos<br \/>\nVerduras en salsa<br \/>\nFruta<br \/>\nBu\u00f1uelos emirat\u00edes<br \/>\nAgua, refrescos, t\u00e9<\/p>\n<p>&nbsp;<\/p>\n<p>&nbsp;<\/p>\n<div id=\"ypm-extension\" class=\"ypm-extension\"><\/div>","protected":false},"excerpt":{"rendered":"<p>Este safari es un paseo en 4\u00d74, con distintos grados de emoci\u00f3n seg\u00fan el tipo de veh\u00edculo elegido, por el desierto emirat\u00ed por la ma\u00f1ana o por la tarde (al atardecer). Durante esta actividad, un conductor le recoger\u00e1 en su hotel para llevarle al coraz\u00f3n del...<\/p>","protected":false},"featured_media":2045107,"template":"","meta":[],"product_brand":[],"product_cat":[437,553,552],"product_tag":[],"class_list":{"0":"post-20046","1":"product","2":"type-product","3":"status-publish","4":"has-post-thumbnail","6":"product_cat-activites-dans-le-desert-activites","7":"product_cat-activite-couple","8":"product_cat-activite-enfant","10":"first","11":"instock","12":"shipping-taxable","13":"purchasable","14":"product-type-simple"},"_links":{"self":[{"href":"https:\/\/soldodubai.com\/es\/wp-json\/wp\/v2\/product\/20046","targetHints":{"allow":["GET"]}}],"collection":[{"href":"https:\/\/soldodubai.com\/es\/wp-json\/wp\/v2\/product"}],"about":[{"href":"https:\/\/soldodubai.com\/es\/wp-json\/wp\/v2\/types\/product"}],"version-history":[{"count":0,"href":"https:\/\/soldodubai.com\/es\/wp-json\/wp\/v2\/product\/20046\/revisions"}],"wp:featuredmedia":[{"embeddable":true,"href":"https:\/\/soldodubai.com\/es\/wp-json\/wp\/v2\/media\/2045107"}],"wp:attachment":[{"href":"https:\/\/soldodubai.com\/es\/wp-json\/wp\/v2\/media?parent=20046"}],"wp:term":[{"taxonomy":"product_brand","embeddable":true,"href":"https:\/\/soldodubai.com\/es\/wp-json\/wp\/v2\/product_brand?post=20046"},{"taxonomy":"product_cat","embeddable":true,"href":"https:\/\/soldodubai.com\/es\/wp-json\/wp\/v2\/product_cat?post=20046"},{"taxonomy":"product_tag","embeddable":true,"href":"https:\/\/soldodubai.com\/es\/wp-json\/wp\/v2\/product_tag?post=20046"}],"curies":[{"name":"wp","href":"https:\/\/api.w.org\/{rel}","templated":true}]}}