{"id":20047,"date":"2020-12-16T12:21:00","date_gmt":"2020-12-16T11:21:00","guid":{"rendered":"http:\/\/13.36.35.205\/produit\/import-placeholder-for-2016814\/"},"modified":"2024-08-02T16:22:34","modified_gmt":"2024-08-02T15:22:34","slug":"passeiodecamelo","status":"publish","type":"product","link":"https:\/\/soldodubai.com\/es\/p\/passeiodecamelo\/","title":{"rendered":"PASEO EN CAMELLO CON CENA TRADICIONAL"},"content":{"rendered":"<p style=\"text-align: left;\">Retroceda en el tiempo hasta la \u00e9poca beduina de los a\u00f1os veinte, cuando el camello era el \u00fanico medio de locomoci\u00f3n.<\/p>\n<p style=\"text-align: left;\">Durante esta actividad muy exclusiva, reviva la vida de los beduinos y disfrute de un paseo en camello en el coraz\u00f3n de la reserva protegida del Desierto Rojo de Dubai, perteneciente a la familia real.<\/p>\n<p style=\"text-align: left;\">Este paseo tiene lugar por la tarde y va seguido de una comida tradicional beduina servida en un campamento enclavado en las dunas.<\/p>\n<p style=\"text-align: left;\">Tras dejarle en un 4X4 en el desierto, su camello le estar\u00e1 esperando para un paseo inicial de 45 minutos, seguido de una pausa durante la que observar\u00e1 la caza de un halc\u00f3n y le servir\u00e1n una bebida refrescante. Tras esta pausa, le conducir\u00e1n en un Land Rover de \u00e9poca hasta el lugar donde cenar\u00e1. Unos minutos de trayecto por las dunas para llegar a su destino.<\/p>\n<p style=\"text-align: left;\">Por la noche, la actividad se completar\u00e1 con canciones y bailes emirat\u00edes.<br \/>\nComo recuerdo, puede irse con un tatuaje de henna incluido en su actividad.<\/p>\n<p>- Excursi\u00f3n de 6 horas<br \/>\n- Las mujeres embarazadas y los ni\u00f1os menores de 5 a\u00f1os no podr\u00e1n participar.<br \/>\n- Salida por la tarde entre las 14.30 y las 16.30 horas, seg\u00fan la temporada<br \/>\n- Regreso entre las 20.30 y las 22.30 horas, seg\u00fan la temporada<\/p>\n<p><strong>Composici\u00f3n de la cena :<\/strong><br \/>\nPor favor, elija en su pedido si desea una comida vegetariana, kosher, vegana o sin gluten.<br \/>\nEnsaladas libanesas, Fattoush y Tabbouleh<br \/>\nCrema de hummus y crema de berenjena con pan emirat\u00ed<br \/>\nCarne a la parrilla y pollo marinado<br \/>\nCordero a fuego lento con especias emirat\u00edes<br \/>\nArroz blanco y especiado<br \/>\nFruta y bu\u00f1uelos emirat\u00edes<br \/>\nAgua, t\u00e9 y caf\u00e9 emirat\u00ed<br \/>\nZumo de frutas<\/p>\n<p><strong>Qu\u00e9 incluye la tarifa:<\/strong><br \/>\nTraslados de ida y vuelta desde su hotel<br \/>\nEl paseo en camello de 45 minutos<br \/>\nCena tradicional emirat\u00ed<br \/>\nLa pausa de la henna<br \/>\nEl espect\u00e1culo emirat\u00ed<br \/>\nDemostraci\u00f3n de cetrer\u00eda<\/p>\n<p><strong>Ubicaci\u00f3n:<\/strong> Reserva de conservaci\u00f3n del desierto de Dubai<\/p>\n<p>Puede combinar esta actividad con la noche en el desierto o la noche en el desierto y amanecer en globo aerost\u00e1tico. Encontrar\u00e1 descripciones de estas dos actividades en nuestro sitio web haciendo clic en los enlaces siguientes:<br \/>\n<a href=\"https:\/\/soldodubai.com\/es\/p\/nuit-dans-le-desert-safari-decouverte\/\">Noche en el desierto<\/a><br \/>\n<a href=\"https:\/\/soldodubai.com\/es\/p\/tour-en-montgolfiere\/\">Amanecer en globo aerost\u00e1tico<\/a><\/p>\n<div id=\"ypm-extension\" class=\"ypm-extension\"><\/div>","protected":false},"excerpt":{"rendered":"<p>Retroceda en el tiempo hasta la \u00e9poca beduina de los a\u00f1os 20, cuando el camello era el \u00fanico medio de locomoci\u00f3n. Durante esta actividad muy exclusiva, reviva la vida de los beduinos y disfrute de un paseo en camello en el coraz\u00f3n de la reserva protegida del Desierto Rojo...<\/p>","protected":false},"featured_media":19656,"template":"","meta":[],"product_brand":[],"product_cat":[437,536,553],"product_tag":[],"class_list":{"0":"post-20047","1":"product","2":"type-product","3":"status-publish","4":"has-post-thumbnail","6":"product_cat-activites-dans-le-desert-activites","7":"product_cat-activites-dans-le-desert","8":"product_cat-activite-couple","10":"first","11":"instock","12":"virtual","13":"purchasable","14":"product-type-simple"},"_links":{"self":[{"href":"https:\/\/soldodubai.com\/es\/wp-json\/wp\/v2\/product\/20047","targetHints":{"allow":["GET"]}}],"collection":[{"href":"https:\/\/soldodubai.com\/es\/wp-json\/wp\/v2\/product"}],"about":[{"href":"https:\/\/soldodubai.com\/es\/wp-json\/wp\/v2\/types\/product"}],"version-history":[{"count":0,"href":"https:\/\/soldodubai.com\/es\/wp-json\/wp\/v2\/product\/20047\/revisions"}],"wp:featuredmedia":[{"embeddable":true,"href":"https:\/\/soldodubai.com\/es\/wp-json\/wp\/v2\/media\/19656"}],"wp:attachment":[{"href":"https:\/\/soldodubai.com\/es\/wp-json\/wp\/v2\/media?parent=20047"}],"wp:term":[{"taxonomy":"product_brand","embeddable":true,"href":"https:\/\/soldodubai.com\/es\/wp-json\/wp\/v2\/product_brand?post=20047"},{"taxonomy":"product_cat","embeddable":true,"href":"https:\/\/soldodubai.com\/es\/wp-json\/wp\/v2\/product_cat?post=20047"},{"taxonomy":"product_tag","embeddable":true,"href":"https:\/\/soldodubai.com\/es\/wp-json\/wp\/v2\/product_tag?post=20047"}],"curies":[{"name":"wp","href":"https:\/\/api.w.org\/{rel}","templated":true}]}}