{"id":20048,"date":"2020-12-16T12:21:00","date_gmt":"2020-12-16T11:21:00","guid":{"rendered":"http:\/\/13.36.35.205\/produit\/import-placeholder-for-2016815\/"},"modified":"2025-01-22T16:38:13","modified_gmt":"2025-01-22T15:38:13","slug":"noitenodesertocomsafari","status":"publish","type":"product","link":"https:\/\/soldodubai.com\/es\/p\/noitenodesertocomsafari\/","title":{"rendered":"NOCHE EN EL DESIERTO Y SAFARI DE DESCUBRIMIENTO CON CENA Y DESAYUNO TRADICIONALES"},"content":{"rendered":"<p>A bordo de Land Rovers de \u00e9poca, que los brit\u00e1nicos dejaron a los beduinos en los a\u00f1os setenta, partir\u00e1 para observar la flora y la fauna del desierto emirat\u00ed.<br \/>\nEste recorrido de una hora incluye varias paradas en las que podr\u00e1 aprender m\u00e1s sobre el desierto de los Emiratos y sus habitantes.<br \/>\nDurante esta actividad, ir\u00e1 en busca de fauna salvaje, y es posible que vea gacelas y ant\u00edlopes.<br \/>\nEsta visita guiada termina en un magn\u00edfico campamento beduino donde la cena se servir\u00e1 en la mesa para los entrantes y en forma de buf\u00e9 para los platos principales y los postres.<\/p>\n<p>En este campamento, todo se cocina de forma tradicional, desde el caf\u00e9 y el pan hasta la carne y los bu\u00f1uelos. Puede dar un corto paseo en camello hasta el campamento y hacerse aplicar la henna.<br \/>\nEs en este campamento donde se instalar\u00e1 en su habitaci\u00f3n exclusiva, equipada con camas y todas las comodidades que necesite. El campamento est\u00e1 equipado con duchas y aseos, pero no dispone de Wi-Fi ni televisi\u00f3n.<br \/>\nPor las ma\u00f1anas se sirve el desayuno.<\/p>\n<p>- Ni\u00f1os de 1 a 11 a\u00f1os<br \/>\n- Autorizado para embarazadas de hasta 6 meses<br \/>\n- Salida entre las 14.30 y las 16.30 seg\u00fan la temporada<br \/>\n- Regreso entre las 9.00 y las 10.00 horas seg\u00fan la temporada<\/p>\n<p><strong>Composici\u00f3n del desayuno :<\/strong><br \/>\nAl hacer la reserva, elija si prefiere una comida vegetariana, vegana, kosher o sin gluten.<br \/>\nFruta<br \/>\nEmbutidos y salm\u00f3n ahumado<br \/>\nHuevos Benedictinos, Huevos Florentinos, tortilla<br \/>\nEnsaladas<br \/>\nAlmidones<br \/>\nQueso<br \/>\nPan<br \/>\nAgua, zumo, t\u00e9, caf\u00e9<br \/>\n<strong>Composici\u00f3n de la cena :<\/strong><br \/>\nEnsaladas libanesas, Fattoush y Tabbouleh<br \/>\nCrema de hummus y crema de berenjena con pan emirat\u00ed<br \/>\nCarne a la parrilla y pollo marinado<br \/>\nCordero a fuego lento con especias emirat\u00edes<br \/>\nArroz blanco y especiado<br \/>\nFruta y bu\u00f1uelos emirat\u00edes<br \/>\nAgua, t\u00e9 y caf\u00e9 emirat\u00ed<br \/>\nZumo de frutas<\/p>\n<p><strong>Qu\u00e9 incluye la tarifa:<\/strong><br \/>\nTraslados de ida y vuelta desde su hotel<br \/>\nUna hora en un Land Rover antiguo<br \/>\nSu gu\u00eda<br \/>\nCena y desayuno tradicional emirat\u00ed<br \/>\nChicha<br \/>\nAplicaci\u00f3n de henna si lo desea<br \/>\nUn corto paseo en camello si lo desea<br \/>\nEspect\u00e1culo tradicional emirat\u00ed<br \/>\nSu habitaci\u00f3n totalmente equipada<\/p>\n<p><strong>Ubicaci\u00f3n:<\/strong> Reserva de conservaci\u00f3n del desierto de Dubai<\/p>\n<p>Puede combinar esta actividad con un amanecer en globo aerost\u00e1tico. Encontrar\u00e1 una descripci\u00f3n de esta actividad en nuestro sitio web haciendo clic en el siguiente enlace:<br \/>\n<a href=\"https:\/\/soldodubai.com\/es\/p\/tour-en-montgolfiere\/\">Amanecer en globo aerost\u00e1tico<\/a><\/p>\n<div id=\"ypm-extension\" class=\"ypm-extension\"><\/div>","protected":false},"excerpt":{"rendered":"<p>&nbsp;<\/p>\n<div id=\"ypm-extension\" class=\"ypm-extension\"><\/div>","protected":false},"featured_media":19661,"template":"","meta":[],"product_brand":[],"product_cat":[437,553],"product_tag":[],"class_list":{"0":"post-20048","1":"product","2":"type-product","3":"status-publish","4":"has-post-thumbnail","6":"product_cat-activites-dans-le-desert-activites","7":"product_cat-activite-couple","9":"first","10":"instock","11":"virtual","12":"purchasable","13":"product-type-simple"},"_links":{"self":[{"href":"https:\/\/soldodubai.com\/es\/wp-json\/wp\/v2\/product\/20048","targetHints":{"allow":["GET"]}}],"collection":[{"href":"https:\/\/soldodubai.com\/es\/wp-json\/wp\/v2\/product"}],"about":[{"href":"https:\/\/soldodubai.com\/es\/wp-json\/wp\/v2\/types\/product"}],"version-history":[{"count":0,"href":"https:\/\/soldodubai.com\/es\/wp-json\/wp\/v2\/product\/20048\/revisions"}],"wp:featuredmedia":[{"embeddable":true,"href":"https:\/\/soldodubai.com\/es\/wp-json\/wp\/v2\/media\/19661"}],"wp:attachment":[{"href":"https:\/\/soldodubai.com\/es\/wp-json\/wp\/v2\/media?parent=20048"}],"wp:term":[{"taxonomy":"product_brand","embeddable":true,"href":"https:\/\/soldodubai.com\/es\/wp-json\/wp\/v2\/product_brand?post=20048"},{"taxonomy":"product_cat","embeddable":true,"href":"https:\/\/soldodubai.com\/es\/wp-json\/wp\/v2\/product_cat?post=20048"},{"taxonomy":"product_tag","embeddable":true,"href":"https:\/\/soldodubai.com\/es\/wp-json\/wp\/v2\/product_tag?post=20048"}],"curies":[{"name":"wp","href":"https:\/\/api.w.org\/{rel}","templated":true}]}}