{"id":20049,"date":"2020-12-16T12:21:00","date_gmt":"2020-12-16T11:21:00","guid":{"rendered":"http:\/\/13.36.35.205\/produit\/import-placeholder-for-2016840\/"},"modified":"2024-08-02T16:32:59","modified_gmt":"2024-08-02T15:32:59","slug":"espectaculodegolfinhos","status":"publish","type":"product","link":"https:\/\/soldodubai.com\/es\/p\/espectaculodegolfinhos\/","title":{"rendered":"ESPECT\u00c1CULO DE DELFINES Y LEONES MARINOS, DUBAI"},"content":{"rendered":"<p>Situado en el Creek Park de Dubai, este espect\u00e1culo de 45 minutos presenta a talentosos delfines y focas que realizan incre\u00edbles trucos.<\/p>\n<p>Un equipo de animadores est\u00e1 presente durante todo el espect\u00e1culo para interactuar con el p\u00fablico y hacer que participe.<\/p>\n<p>En el men\u00fa: piruetas de delfines, un partido de voleibol entre focas y sorprendentes acrobacias realizadas por el equipo de animaci\u00f3n. Usted y sus hijos se sorprender\u00e1n y reir\u00e1n a carcajadas, y el d\u00eda ser\u00e1 inolvidable. Podr\u00e1 elegir entre dos zonas de asientos: la zona normal, donde los asientos est\u00e1n libres, y la zona VIP, situada en el centro del auditorio.<br \/>\nConsejo Sol do Dubai: El recinto est\u00e1 bien distribuido (luna y asientos altos), por lo que cada asiento, ya sea VIP o normal, le permitir\u00e1 disfrutar al m\u00e1ximo del espect\u00e1culo.<\/p>\n<p><strong>Qu\u00e9 incluye la tarifa:<\/strong><br \/>\nSu entrada para el espect\u00e1culo de 45 minutos<\/p>\n<p><strong>Ubicaci\u00f3n:<\/strong> Arroyo de Dubai<\/p>","protected":false},"excerpt":{"rendered":"<p>Situado en el Creek Park de Dubai, este espect\u00e1culo de 45 minutos presenta a delfines y focas con talento que realizan trucos incre\u00edbles. Un equipo de animadores est\u00e1 presente durante todo el espect\u00e1culo para interactuar con el p\u00fablico y conseguir que...<\/p>","protected":false},"featured_media":19662,"template":"","meta":[],"product_brand":[],"product_cat":[138,552],"product_tag":[],"class_list":{"0":"post-20049","1":"product","2":"type-product","3":"status-publish","4":"has-post-thumbnail","6":"product_cat-activites-en-ville-parcs-dattractions","7":"product_cat-activite-enfant","9":"first","10":"instock","11":"virtual","12":"purchasable","13":"product-type-simple"},"_links":{"self":[{"href":"https:\/\/soldodubai.com\/es\/wp-json\/wp\/v2\/product\/20049","targetHints":{"allow":["GET"]}}],"collection":[{"href":"https:\/\/soldodubai.com\/es\/wp-json\/wp\/v2\/product"}],"about":[{"href":"https:\/\/soldodubai.com\/es\/wp-json\/wp\/v2\/types\/product"}],"version-history":[{"count":0,"href":"https:\/\/soldodubai.com\/es\/wp-json\/wp\/v2\/product\/20049\/revisions"}],"wp:featuredmedia":[{"embeddable":true,"href":"https:\/\/soldodubai.com\/es\/wp-json\/wp\/v2\/media\/19662"}],"wp:attachment":[{"href":"https:\/\/soldodubai.com\/es\/wp-json\/wp\/v2\/media?parent=20049"}],"wp:term":[{"taxonomy":"product_brand","embeddable":true,"href":"https:\/\/soldodubai.com\/es\/wp-json\/wp\/v2\/product_brand?post=20049"},{"taxonomy":"product_cat","embeddable":true,"href":"https:\/\/soldodubai.com\/es\/wp-json\/wp\/v2\/product_cat?post=20049"},{"taxonomy":"product_tag","embeddable":true,"href":"https:\/\/soldodubai.com\/es\/wp-json\/wp\/v2\/product_tag?post=20049"}],"curies":[{"name":"wp","href":"https:\/\/api.w.org\/{rel}","templated":true}]}}