{"id":20050,"date":"2020-12-16T12:21:00","date_gmt":"2020-12-16T11:21:00","guid":{"rendered":"http:\/\/13.36.35.205\/produit\/import-placeholder-for-2016843\/"},"modified":"2024-08-02T16:23:24","modified_gmt":"2024-08-02T15:23:24","slug":"wildwadiparqueaquatico","status":"publish","type":"product","link":"https:\/\/soldodubai.com\/es\/p\/wildwadiparqueaquatico\/","title":{"rendered":"WILD WADI, PARQUE ACU\u00c1TICO, DUBAI"},"content":{"rendered":"<p>Wild Wadi es un parque acu\u00e1tico para adultos y ni\u00f1os situado en el coraz\u00f3n de Dubai, cerca del complejo hotelero de 5* Jumeirah.<br \/>\nEl parque est\u00e1 compuesto por una serie de atracciones, como toboganes, cada uno tan vertiginoso como el siguiente, varias piscinas, un r\u00edo artificial para navegar y una variedad de restaurantes y bares. Algunos de los toboganes del parque pueden disfrutarse en solitario o en pareja, sentados en boyas. Tenga en cuenta que hay m\u00e1s toboganes accesibles para flotadores solitarios.<\/p>\n<p>En la piscina central encontrar\u00e1 la zona dedicada a los m\u00e1s peque\u00f1os, con fuentes, toboganes y chorros de agua. En esta misma piscina se lanzan olas artificiales en varias ocasiones para crear un oleaje marino m\u00e1s grande que la realidad. Hay taquillas disponibles en los vestuarios y se pueden alquilar por d\u00edas en recepci\u00f3n.<\/p>\n<p>- El parque est\u00e1 abierto todos los d\u00edas de 10.00 a 18.00 horas<br \/>\n- Bikini, ba\u00f1ador para hombre y burkini permitido<\/p>\n<p><strong>Qu\u00e9 incluye la tarifa:<\/strong><br \/>\nSu entrada al parque<\/p>\n<p><strong>Ubicaci\u00f3n:<\/strong> Umm Suqeimm, carretera de Jumeirah<\/p>","protected":false},"excerpt":{"rendered":"<p>Wild Wadi es un parque acu\u00e1tico para adultos y ni\u00f1os situado en el coraz\u00f3n de Dubai, cerca del complejo hotelero de 5* Jumeirah. El parque consta de varias atracciones, entre ellas toboganes, cada uno tan vertiginoso como el siguiente, varias piscinas, un r\u00edo artificial...<\/p>","protected":false},"featured_media":19664,"template":"","meta":[],"product_brand":[],"product_cat":[140,150,552],"product_tag":[],"class_list":{"0":"post-20050","1":"product","2":"type-product","3":"status-publish","4":"has-post-thumbnail","6":"product_cat-activites","7":"product_cat-parc-dattractions-aquatiques","8":"product_cat-activite-enfant","10":"first","11":"instock","12":"virtual","13":"purchasable","14":"product-type-simple"},"_links":{"self":[{"href":"https:\/\/soldodubai.com\/es\/wp-json\/wp\/v2\/product\/20050","targetHints":{"allow":["GET"]}}],"collection":[{"href":"https:\/\/soldodubai.com\/es\/wp-json\/wp\/v2\/product"}],"about":[{"href":"https:\/\/soldodubai.com\/es\/wp-json\/wp\/v2\/types\/product"}],"version-history":[{"count":0,"href":"https:\/\/soldodubai.com\/es\/wp-json\/wp\/v2\/product\/20050\/revisions"}],"wp:featuredmedia":[{"embeddable":true,"href":"https:\/\/soldodubai.com\/es\/wp-json\/wp\/v2\/media\/19664"}],"wp:attachment":[{"href":"https:\/\/soldodubai.com\/es\/wp-json\/wp\/v2\/media?parent=20050"}],"wp:term":[{"taxonomy":"product_brand","embeddable":true,"href":"https:\/\/soldodubai.com\/es\/wp-json\/wp\/v2\/product_brand?post=20050"},{"taxonomy":"product_cat","embeddable":true,"href":"https:\/\/soldodubai.com\/es\/wp-json\/wp\/v2\/product_cat?post=20050"},{"taxonomy":"product_tag","embeddable":true,"href":"https:\/\/soldodubai.com\/es\/wp-json\/wp\/v2\/product_tag?post=20050"}],"curies":[{"name":"wp","href":"https:\/\/api.w.org\/{rel}","templated":true}]}}