{"id":20051,"date":"2020-12-16T12:21:00","date_gmt":"2020-12-16T11:21:00","guid":{"rendered":"http:\/\/13.36.35.205\/produit\/import-placeholder-for-2016844\/"},"modified":"2024-08-02T16:21:10","modified_gmt":"2024-08-02T15:21:10","slug":"yaswaterworld","status":"publish","type":"product","link":"https:\/\/soldodubai.com\/es\/p\/yaswaterworld\/","title":{"rendered":"YAS WATERWORLD, PARQUE ACU\u00c1TICO, ABU DHABI"},"content":{"rendered":"<p>Yas Island ha sido designado como el mayor parque acu\u00e1tico del mundo. Se encuentra en Abu Dhabi, en la isla de Yas, donde tambi\u00e9n est\u00e1 Ferrari World. Este parque acu\u00e1tico ofrece a sus ba\u00f1istas varios toboganes y atracciones, a cada cual m\u00e1s loca. Un d\u00eda memorable garantizado.<\/p>\n<p>- Yas Waterworld abre todos los d\u00edas de 10 de la ma\u00f1ana a 7 de la tarde (puede variar seg\u00fan la temporada).<br \/>\n- Bikini, ba\u00f1ador masculino y burkini permitidos<br \/>\n- Gratuito para menores de 3 a\u00f1os<\/p>\n<p><strong>Qu\u00e9 incluye la tarifa:<\/strong><br \/>\nSu entrada al parque acu\u00e1tico<br \/>\nAcceso ilimitado a las atracciones seg\u00fan las normas del parque (peso, altura, etc.)<\/p>\n<p><strong>Ubicaci\u00f3n:<\/strong> Isla de Yas<\/p>","protected":false},"excerpt":{"rendered":"<p>Yas Island ha sido designado como el mayor parque acu\u00e1tico del mundo. Est\u00e1 situado en Abu Dhabi, en la isla de Yas, donde tambi\u00e9n se encuentra Ferrari World. Este parque acu\u00e1tico ofrece a sus ba\u00f1istas varios toboganes y las atracciones m\u00e1s locas...<\/p>","protected":false},"featured_media":2047217,"template":"","meta":[],"product_brand":[],"product_cat":[150,552],"product_tag":[],"class_list":{"0":"post-20051","1":"product","2":"type-product","3":"status-publish","4":"has-post-thumbnail","6":"product_cat-parc-dattractions-aquatiques","7":"product_cat-activite-enfant","9":"first","10":"instock","11":"virtual","12":"purchasable","13":"product-type-simple"},"_links":{"self":[{"href":"https:\/\/soldodubai.com\/es\/wp-json\/wp\/v2\/product\/20051","targetHints":{"allow":["GET"]}}],"collection":[{"href":"https:\/\/soldodubai.com\/es\/wp-json\/wp\/v2\/product"}],"about":[{"href":"https:\/\/soldodubai.com\/es\/wp-json\/wp\/v2\/types\/product"}],"version-history":[{"count":0,"href":"https:\/\/soldodubai.com\/es\/wp-json\/wp\/v2\/product\/20051\/revisions"}],"wp:featuredmedia":[{"embeddable":true,"href":"https:\/\/soldodubai.com\/es\/wp-json\/wp\/v2\/media\/2047217"}],"wp:attachment":[{"href":"https:\/\/soldodubai.com\/es\/wp-json\/wp\/v2\/media?parent=20051"}],"wp:term":[{"taxonomy":"product_brand","embeddable":true,"href":"https:\/\/soldodubai.com\/es\/wp-json\/wp\/v2\/product_brand?post=20051"},{"taxonomy":"product_cat","embeddable":true,"href":"https:\/\/soldodubai.com\/es\/wp-json\/wp\/v2\/product_cat?post=20051"},{"taxonomy":"product_tag","embeddable":true,"href":"https:\/\/soldodubai.com\/es\/wp-json\/wp\/v2\/product_tag?post=20051"}],"curies":[{"name":"wp","href":"https:\/\/api.w.org\/{rel}","templated":true}]}}