{"id":20052,"date":"2020-12-16T12:21:00","date_gmt":"2020-12-16T11:21:00","guid":{"rendered":"http:\/\/13.36.35.205\/produit\/import-placeholder-for-2016845\/"},"modified":"2024-08-02T16:31:20","modified_gmt":"2024-08-02T15:31:20","slug":"ferrariworld","status":"publish","type":"product","link":"https:\/\/soldodubai.com\/es\/p\/ferrariworld\/","title":{"rendered":"FERRARI WORLD, PARQUE TEM\u00c1TICO, ABU DHABI"},"content":{"rendered":"<p>Parque de atracciones dedicado a los amantes de Ferrari y al mundo de Ferrari situado en Abu Dhabi, en la isla de Yas. En este parque podr\u00e1 descubrir la historia de Ferrari, pero tambi\u00e9n participar en atracciones relacionadas con Ferrari, como trenes sensacionales para grandes y peque\u00f1os y una pista de carreras donde podr\u00e1 conducir este potente coche de carreras. Adrenalina garantizada.<\/p>\n<p>- Ferrari World abre todos los d\u00edas de 11.00 a 20.00 horas (puede variar seg\u00fan la temporada)<br \/>\n- Gratuito para menores de 3 a\u00f1os inclusive<\/p>\n<p><strong>Qu\u00e9 incluye la tarifa:<\/strong><br \/>\nEntrada al parque y a las atracciones<\/p>\n<p><strong>Ubicaci\u00f3n:<\/strong> Isla de Yas<\/p>","protected":false},"excerpt":{"rendered":"<p>Parque de atracciones dedicado a los amantes de Ferrari y al mundo de Ferrari situado en Abu Dhabi, en la isla de Yas. En este parque podr\u00e1 descubrir la historia de Ferrari, pero tambi\u00e9n participar en atracciones relacionadas con Ferrari, incluyendo sensacionales trenes para adultos y ni\u00f1os.<\/p>","protected":false},"featured_media":19666,"template":"","meta":[],"product_brand":[],"product_cat":[140,138],"product_tag":[],"class_list":{"0":"post-20052","1":"product","2":"type-product","3":"status-publish","4":"has-post-thumbnail","6":"product_cat-activites","7":"product_cat-activites-en-ville-parcs-dattractions","9":"first","10":"instock","11":"featured","12":"virtual","13":"purchasable","14":"product-type-simple"},"_links":{"self":[{"href":"https:\/\/soldodubai.com\/es\/wp-json\/wp\/v2\/product\/20052","targetHints":{"allow":["GET"]}}],"collection":[{"href":"https:\/\/soldodubai.com\/es\/wp-json\/wp\/v2\/product"}],"about":[{"href":"https:\/\/soldodubai.com\/es\/wp-json\/wp\/v2\/types\/product"}],"version-history":[{"count":0,"href":"https:\/\/soldodubai.com\/es\/wp-json\/wp\/v2\/product\/20052\/revisions"}],"wp:featuredmedia":[{"embeddable":true,"href":"https:\/\/soldodubai.com\/es\/wp-json\/wp\/v2\/media\/19666"}],"wp:attachment":[{"href":"https:\/\/soldodubai.com\/es\/wp-json\/wp\/v2\/media?parent=20052"}],"wp:term":[{"taxonomy":"product_brand","embeddable":true,"href":"https:\/\/soldodubai.com\/es\/wp-json\/wp\/v2\/product_brand?post=20052"},{"taxonomy":"product_cat","embeddable":true,"href":"https:\/\/soldodubai.com\/es\/wp-json\/wp\/v2\/product_cat?post=20052"},{"taxonomy":"product_tag","embeddable":true,"href":"https:\/\/soldodubai.com\/es\/wp-json\/wp\/v2\/product_tag?post=20052"}],"curies":[{"name":"wp","href":"https:\/\/api.w.org\/{rel}","templated":true}]}}