{"id":20053,"date":"2020-12-16T12:21:00","date_gmt":"2020-12-16T11:21:00","guid":{"rendered":"http:\/\/13.36.35.205\/produit\/import-placeholder-for-2016855\/"},"modified":"2024-08-02T16:30:33","modified_gmt":"2024-08-02T15:30:33","slug":"motiongateparque","status":"publish","type":"product","link":"https:\/\/soldodubai.com\/es\/p\/motiongateparque\/","title":{"rendered":"PARQUE TEM\u00c1TICO MOTIONGATE, DUBAI"},"content":{"rendered":"<p>Este enorme parque tem\u00e1tico cuenta con m\u00e1s de 100 sensacionales juegos y trenes. Est\u00e1 dividido en distritos, cada uno con un tema basado en una pel\u00edcula. Hay Juegos del Hambre, Cazafantasmas, Los Pitufos, Hotel Transilvania, Kung Fu Panda y mucho m\u00e1s por descubrir. Forma parte de Dubai Parks, que incluye los otros parques tem\u00e1ticos, Legoland Waterpark y Legoland.<\/p>\n<p>- Horario del parque:<br \/>\nDe s\u00e1bado a mi\u00e9rcoles: de 11.30 a 20.30 h (puede variar seg\u00fan la temporada)<br \/>\nJueves y viernes: de 11.30 a 21.30 h (puede variar seg\u00fan la temporada)<br \/>\n- Gratuito para menores de 3 a\u00f1os<\/p>\n<p><strong>Qu\u00e9 incluye la tarifa:<\/strong><br \/>\nEntrada ilimitada al parque o parques y a las atracciones, sujeta a la normativa del parque (altura, peso, etc.)<\/p>\n<p><strong>Ubicaci\u00f3n:<\/strong> Jebel Ali<\/p>","protected":false},"excerpt":{"rendered":"<p>Este enorme parque tem\u00e1tico cuenta con m\u00e1s de 100 sensacionales juegos y trenes. Est\u00e1 dividido en distritos, cada uno con un tema basado en una pel\u00edcula. Hay atracciones basadas en la saga de Los Juegos del Hambre, Los Cazafantasmas,...<\/p>","protected":false},"featured_media":19667,"template":"","meta":[],"product_brand":[],"product_cat":[138,552],"product_tag":[],"class_list":{"0":"post-20053","1":"product","2":"type-product","3":"status-publish","4":"has-post-thumbnail","6":"product_cat-activites-en-ville-parcs-dattractions","7":"product_cat-activite-enfant","9":"first","10":"instock","11":"virtual","12":"purchasable","13":"product-type-simple"},"_links":{"self":[{"href":"https:\/\/soldodubai.com\/es\/wp-json\/wp\/v2\/product\/20053","targetHints":{"allow":["GET"]}}],"collection":[{"href":"https:\/\/soldodubai.com\/es\/wp-json\/wp\/v2\/product"}],"about":[{"href":"https:\/\/soldodubai.com\/es\/wp-json\/wp\/v2\/types\/product"}],"version-history":[{"count":0,"href":"https:\/\/soldodubai.com\/es\/wp-json\/wp\/v2\/product\/20053\/revisions"}],"wp:featuredmedia":[{"embeddable":true,"href":"https:\/\/soldodubai.com\/es\/wp-json\/wp\/v2\/media\/19667"}],"wp:attachment":[{"href":"https:\/\/soldodubai.com\/es\/wp-json\/wp\/v2\/media?parent=20053"}],"wp:term":[{"taxonomy":"product_brand","embeddable":true,"href":"https:\/\/soldodubai.com\/es\/wp-json\/wp\/v2\/product_brand?post=20053"},{"taxonomy":"product_cat","embeddable":true,"href":"https:\/\/soldodubai.com\/es\/wp-json\/wp\/v2\/product_cat?post=20053"},{"taxonomy":"product_tag","embeddable":true,"href":"https:\/\/soldodubai.com\/es\/wp-json\/wp\/v2\/product_tag?post=20053"}],"curies":[{"name":"wp","href":"https:\/\/api.w.org\/{rel}","templated":true}]}}