{"id":20055,"date":"2020-12-16T12:21:00","date_gmt":"2020-12-16T11:21:00","guid":{"rendered":"http:\/\/13.36.35.205\/produit\/import-placeholder-for-2016869\/"},"modified":"2024-08-02T16:29:52","modified_gmt":"2024-08-02T15:29:52","slug":"legolandparque","status":"publish","type":"product","link":"https:\/\/soldodubai.com\/es\/p\/legolandparque\/","title":{"rendered":"PARQUE LEGOLAND, DUBAI"},"content":{"rendered":"<p>Legoland parc est\u00e1 situado en Jebel Ali, cerca de los otros dos parques tem\u00e1ticos: el parque acu\u00e1tico Legoland y Motion Gate.<br \/>\nEste parque tem\u00e1tico, dedicado principalmente a ni\u00f1os de hasta 12 a\u00f1os, est\u00e1 totalmente inspirado en el mundo de los Legos. Dentro del parque encontrar\u00e1 una serie de atracciones que incluyen sensacionales trenes y atracciones, as\u00ed como varios restaurantes y cafeter\u00edas.<br \/>\n- Gratuito para menores de 3 a\u00f1os<\/p>\n<p>Horario del parque:<br \/>\n- De s\u00e1bado a mi\u00e9rcoles: de 11.30 a 20.30 h (los horarios pueden variar seg\u00fan la temporada)<br \/>\n- Jueves y viernes: de 11.30 a 21.30 horas (los horarios pueden variar seg\u00fan la temporada)<\/p>\n<p><strong>Qu\u00e9 incluye la tarifa:<\/strong><br \/>\nSu entrada al parque o parques y el acceso a los juegos y atracciones de acuerdo con las normas del parque (altura, peso, etc.)<br \/>\n<strong>Ubicaci\u00f3n:<\/strong> Jebel Ali<\/p>","protected":false},"excerpt":{"rendered":"<p>Legoland parc est\u00e1 situado en Jebel Ali, cerca de los otros dos parques tem\u00e1ticos: el parque acu\u00e1tico Legoland y Motion Gate. Este parque de atracciones, dedicado principalmente a ni\u00f1os de hasta 12 a\u00f1os, est\u00e1 totalmente inspirado en el mundo de los legos. Dentro del parque encontrar\u00e1 una gran variedad de...<\/p>","protected":false},"featured_media":2047213,"template":"","meta":[],"product_brand":[],"product_cat":[138,552],"product_tag":[],"class_list":{"0":"post-20055","1":"product","2":"type-product","3":"status-publish","4":"has-post-thumbnail","6":"product_cat-activites-en-ville-parcs-dattractions","7":"product_cat-activite-enfant","9":"first","10":"instock","11":"shipping-taxable","12":"purchasable","13":"product-type-simple"},"_links":{"self":[{"href":"https:\/\/soldodubai.com\/es\/wp-json\/wp\/v2\/product\/20055","targetHints":{"allow":["GET"]}}],"collection":[{"href":"https:\/\/soldodubai.com\/es\/wp-json\/wp\/v2\/product"}],"about":[{"href":"https:\/\/soldodubai.com\/es\/wp-json\/wp\/v2\/types\/product"}],"version-history":[{"count":0,"href":"https:\/\/soldodubai.com\/es\/wp-json\/wp\/v2\/product\/20055\/revisions"}],"wp:featuredmedia":[{"embeddable":true,"href":"https:\/\/soldodubai.com\/es\/wp-json\/wp\/v2\/media\/2047213"}],"wp:attachment":[{"href":"https:\/\/soldodubai.com\/es\/wp-json\/wp\/v2\/media?parent=20055"}],"wp:term":[{"taxonomy":"product_brand","embeddable":true,"href":"https:\/\/soldodubai.com\/es\/wp-json\/wp\/v2\/product_brand?post=20055"},{"taxonomy":"product_cat","embeddable":true,"href":"https:\/\/soldodubai.com\/es\/wp-json\/wp\/v2\/product_cat?post=20055"},{"taxonomy":"product_tag","embeddable":true,"href":"https:\/\/soldodubai.com\/es\/wp-json\/wp\/v2\/product_tag?post=20055"}],"curies":[{"name":"wp","href":"https:\/\/api.w.org\/{rel}","templated":true}]}}