{"id":20056,"date":"2020-12-16T12:21:00","date_gmt":"2020-12-16T11:21:00","guid":{"rendered":"http:\/\/13.36.35.205\/produit\/import-placeholder-for-2016870\/"},"modified":"2025-01-23T11:35:51","modified_gmt":"2025-01-23T10:35:51","slug":"legolandparqueaquatico","status":"publish","type":"product","link":"https:\/\/soldodubai.com\/es\/p\/legolandparqueaquatico\/","title":{"rendered":"PARQUE ACU\u00c1TICO LEGOLAND, DUBAI"},"content":{"rendered":"<p>M\u00e1s de 20 toboganes acu\u00e1ticos y atracciones para disfrute de toda la familia.<br \/>\nEl parque acu\u00e1tico Legoland es el \u00fanico parque acu\u00e1tico de los EAU dise\u00f1ado espec\u00edficamente para ni\u00f1os de 2 a 12 a\u00f1os y sus familias. En este parque acu\u00e1tico \u00fanico, s\u00fabase al Joker Soaker, construya su propia balsa de LEGO, vaya de safari o desl\u00edcese por una de las numerosas atracciones.<\/p>\n<p>- Gratuito para menores de 3 a\u00f1os.<\/p>\n<p>Horario del parque:<br \/>\nAbierto todos los d\u00edas excepto los mi\u00e9rcoles de 10.00 a 17.00 horas (esta informaci\u00f3n puede variar seg\u00fan la temporada)<\/p>\n<p><strong>Qu\u00e9 incluye el precio:<\/strong><br \/>\nSu entrada al parque o parques y el acceso a los juegos y atracciones de acuerdo con las normas del parque (peso, altura, etc.).<\/p>\n<p><strong>Ubicaci\u00f3n:<\/strong> Jebel Ali<\/p>","protected":false},"excerpt":{"rendered":"<p>M\u00e1s de 20 toboganes acu\u00e1ticos y atracciones para disfrute de toda la familia. Legoland Water Park es el \u00fanico parque acu\u00e1tico de los Emiratos \u00c1rabes Unidos dise\u00f1ado espec\u00edficamente para ni\u00f1os de 2 a 12 a\u00f1os y sus familias. En este parque acu\u00e1tico \u00fanico, tome el Joker...<\/p>","protected":false},"featured_media":19679,"template":"","meta":[],"product_brand":[],"product_cat":[140,150,552],"product_tag":[],"class_list":{"0":"post-20056","1":"product","2":"type-product","3":"status-publish","4":"has-post-thumbnail","6":"product_cat-activites","7":"product_cat-parc-dattractions-aquatiques","8":"product_cat-activite-enfant","10":"first","11":"instock","12":"virtual","13":"purchasable","14":"product-type-simple"},"_links":{"self":[{"href":"https:\/\/soldodubai.com\/es\/wp-json\/wp\/v2\/product\/20056","targetHints":{"allow":["GET"]}}],"collection":[{"href":"https:\/\/soldodubai.com\/es\/wp-json\/wp\/v2\/product"}],"about":[{"href":"https:\/\/soldodubai.com\/es\/wp-json\/wp\/v2\/types\/product"}],"version-history":[{"count":0,"href":"https:\/\/soldodubai.com\/es\/wp-json\/wp\/v2\/product\/20056\/revisions"}],"wp:featuredmedia":[{"embeddable":true,"href":"https:\/\/soldodubai.com\/es\/wp-json\/wp\/v2\/media\/19679"}],"wp:attachment":[{"href":"https:\/\/soldodubai.com\/es\/wp-json\/wp\/v2\/media?parent=20056"}],"wp:term":[{"taxonomy":"product_brand","embeddable":true,"href":"https:\/\/soldodubai.com\/es\/wp-json\/wp\/v2\/product_brand?post=20056"},{"taxonomy":"product_cat","embeddable":true,"href":"https:\/\/soldodubai.com\/es\/wp-json\/wp\/v2\/product_cat?post=20056"},{"taxonomy":"product_tag","embeddable":true,"href":"https:\/\/soldodubai.com\/es\/wp-json\/wp\/v2\/product_tag?post=20056"}],"curies":[{"name":"wp","href":"https:\/\/api.w.org\/{rel}","templated":true}]}}