{"id":20057,"date":"2019-12-30T12:21:00","date_gmt":"2019-12-30T11:21:00","guid":{"rendered":"http:\/\/13.36.35.205\/produit\/import-placeholder-for-2016871\/"},"modified":"2024-08-02T16:40:41","modified_gmt":"2024-08-02T15:40:41","slug":"tirolesanamarina","status":"publish","type":"product","link":"https:\/\/soldodubai.com\/es\/p\/tirolesanamarina\/","title":{"rendered":"TIROLINA EN EL PUERTO DEPORTIVO DE DUBAI"},"content":{"rendered":"<p>\u00bfSer\u00eda tan valiente como para lanzarse desde lo alto de una torre y cruzar el puerto deportivo de Dubai a 80 km\/h suspendido por un cable en posici\u00f3n de Superman? Sobrevuele el puerto deportivo y roce los rascacielos a toda velocidad. Una emoci\u00f3n garantizada. La traves\u00eda puede realizarse individualmente o con su mejor compa\u00f1ero de aventuras en un cable paralelo. La tirolina parte de la azotea de uno de los edificios del Jumeirah Beach Residence, en la planta 44. Desde aqu\u00ed, podr\u00e1 admirar la belleza del distrito de Dubai Marina durante unos minutos, as\u00ed como un peque\u00f1o atisbo de su punto de llegada en la distancia.<\/p>\n<p>- Abierto todos los d\u00edas de 9.00 a 17.00 horas (los horarios y d\u00edas de apertura pueden cambiar seg\u00fan la temporada; esto se actualiza en el formulario de reserva).<br \/>\n- No apto para embarazadas<br \/>\n- De 12 a 65 a\u00f1os (se requiere autorizaci\u00f3n paterna para los menores de 18 a\u00f1os)<br \/>\n- Mide m\u00e1s de 130cms<br \/>\n- Pesa entre 50 kg y 100 kg<br \/>\n- Estar en buena condici\u00f3n f\u00edsica<\/p>\n<p><strong>Qu\u00e9 incluye la tarifa:<\/strong><br \/>\nSu descenso en tirolina<br \/>\nSu v\u00eddeo de recuerdo entregado por correo electr\u00f3nico en un plazo de 3 d\u00edas<\/p>\n<p>Es posible que haya acompa\u00f1antes esper\u00e1ndole a la llegada.<br \/>\nPor favor, pregunte por su ubicaci\u00f3n el d\u00eda de la actividad. La recepci\u00f3n para esta actividad es tambi\u00e9n donde est\u00e1 el punto de llegada.<\/p>\n<p><strong>Ubicaci\u00f3n:<\/strong> Puerto deportivo de Dubai<\/p>","protected":false},"excerpt":{"rendered":"<p>\u00bfSer\u00eda tan valiente como para lanzarse desde lo alto de una torre y cruzar el puerto deportivo de Dubai a 80 km\/h suspendido por un cable en posici\u00f3n de Superman? Sobrevuele el puerto deportivo y roce los rascacielos a toda velocidad. Una emoci\u00f3n garantizada. La traves\u00eda puede ser...<\/p>","protected":false},"featured_media":19680,"template":"","meta":[],"product_brand":[],"product_cat":[138],"product_tag":[],"class_list":{"0":"post-20057","1":"product","2":"type-product","3":"status-publish","4":"has-post-thumbnail","6":"product_cat-activites-en-ville-parcs-dattractions","8":"first","9":"instock","10":"virtual","11":"purchasable","12":"product-type-simple"},"_links":{"self":[{"href":"https:\/\/soldodubai.com\/es\/wp-json\/wp\/v2\/product\/20057","targetHints":{"allow":["GET"]}}],"collection":[{"href":"https:\/\/soldodubai.com\/es\/wp-json\/wp\/v2\/product"}],"about":[{"href":"https:\/\/soldodubai.com\/es\/wp-json\/wp\/v2\/types\/product"}],"version-history":[{"count":0,"href":"https:\/\/soldodubai.com\/es\/wp-json\/wp\/v2\/product\/20057\/revisions"}],"wp:featuredmedia":[{"embeddable":true,"href":"https:\/\/soldodubai.com\/es\/wp-json\/wp\/v2\/media\/19680"}],"wp:attachment":[{"href":"https:\/\/soldodubai.com\/es\/wp-json\/wp\/v2\/media?parent=20057"}],"wp:term":[{"taxonomy":"product_brand","embeddable":true,"href":"https:\/\/soldodubai.com\/es\/wp-json\/wp\/v2\/product_brand?post=20057"},{"taxonomy":"product_cat","embeddable":true,"href":"https:\/\/soldodubai.com\/es\/wp-json\/wp\/v2\/product_cat?post=20057"},{"taxonomy":"product_tag","embeddable":true,"href":"https:\/\/soldodubai.com\/es\/wp-json\/wp\/v2\/product_tag?post=20057"}],"curies":[{"name":"wp","href":"https:\/\/api.w.org\/{rel}","templated":true}]}}