{"id":20058,"date":"2020-12-16T12:21:00","date_gmt":"2020-12-16T11:21:00","guid":{"rendered":"http:\/\/13.36.35.205\/produit\/import-placeholder-for-2016872\/"},"modified":"2025-01-23T11:22:08","modified_gmt":"2025-01-23T10:22:08","slug":"greenplanet","status":"publish","type":"product","link":"https:\/\/soldodubai.com\/es\/p\/greenplanet\/","title":{"rendered":"EL PLANETA VERDE - JARD\u00cdN TROPICAL"},"content":{"rendered":"<p>\u00bfQu\u00e9 le parecer\u00eda sumergirse en la atm\u00f3sfera tropical del bosque Green Planet? Esta c\u00fapula es una reproducci\u00f3n de un ecosistema, que re\u00fane todos los elementos de la flora y la fauna en un ambiente tropical.<br \/>\nDescubra, ac\u00e9rquese y toque reptiles, insectos y varios tipos de aves, as\u00ed como un perezoso que se pasea por las ramas del bosque. La gran cascada que desciende hasta el acuario le sumergir\u00e1 en la naturaleza tropical.<\/p>\n<p>Durante este viaje a la cima, se encontrar\u00e1 con m\u00e1s de 3.000 plantas y animales, as\u00ed como con el \u00e1rbol de interior m\u00e1s grande del mundo hecho por el hombre, que sustenta la vida. Su visita ser\u00e1 guiada por personal de Green Planet.<br \/>\nSituado en City Walk, este centro educativo y recreativo es ideal para toda la familia. Su excursi\u00f3n no tiene l\u00edmite de tiempo.<\/p>\n<p>- Abierto todos los d\u00edas de 10.00 a 19.00 horas<br \/>\n- Gratuito para menores de 3 a\u00f1os<\/p>\n<p><strong>Qu\u00e9 incluye la tarifa:<\/strong><br \/>\nTu entrada al jard\u00edn Planeta Verde<br \/>\nTiempo ilimitado durante el d\u00eda de su visita<\/p>\n<p><strong>Ubicaci\u00f3n:<\/strong> Paseo por la ciudad<\/p>","protected":false},"excerpt":{"rendered":"<p>\u00bfQu\u00e9 le parecer\u00eda sumergirse en la atm\u00f3sfera tropical del bosque Green Planet? Esta c\u00fapula es una reproducci\u00f3n de un ecosistema que re\u00fane todos los elementos de la flora y la fauna en un ambiente tropical. Descubra, ac\u00e9rquese y toque reptiles, insectos, varios tipos de...<\/p>","protected":false},"featured_media":19681,"template":"","meta":[],"product_brand":[],"product_cat":[138,552],"product_tag":[],"class_list":{"0":"post-20058","1":"product","2":"type-product","3":"status-publish","4":"has-post-thumbnail","6":"product_cat-activites-en-ville-parcs-dattractions","7":"product_cat-activite-enfant","9":"first","10":"instock","11":"shipping-taxable","12":"purchasable","13":"product-type-simple"},"_links":{"self":[{"href":"https:\/\/soldodubai.com\/es\/wp-json\/wp\/v2\/product\/20058","targetHints":{"allow":["GET"]}}],"collection":[{"href":"https:\/\/soldodubai.com\/es\/wp-json\/wp\/v2\/product"}],"about":[{"href":"https:\/\/soldodubai.com\/es\/wp-json\/wp\/v2\/types\/product"}],"version-history":[{"count":0,"href":"https:\/\/soldodubai.com\/es\/wp-json\/wp\/v2\/product\/20058\/revisions"}],"wp:featuredmedia":[{"embeddable":true,"href":"https:\/\/soldodubai.com\/es\/wp-json\/wp\/v2\/media\/19681"}],"wp:attachment":[{"href":"https:\/\/soldodubai.com\/es\/wp-json\/wp\/v2\/media?parent=20058"}],"wp:term":[{"taxonomy":"product_brand","embeddable":true,"href":"https:\/\/soldodubai.com\/es\/wp-json\/wp\/v2\/product_brand?post=20058"},{"taxonomy":"product_cat","embeddable":true,"href":"https:\/\/soldodubai.com\/es\/wp-json\/wp\/v2\/product_cat?post=20058"},{"taxonomy":"product_tag","embeddable":true,"href":"https:\/\/soldodubai.com\/es\/wp-json\/wp\/v2\/product_tag?post=20058"}],"curies":[{"name":"wp","href":"https:\/\/api.w.org\/{rel}","templated":true}]}}