{"id":20059,"date":"2020-12-16T12:21:00","date_gmt":"2020-12-16T11:21:00","guid":{"rendered":"http:\/\/13.36.35.205\/produit\/import-placeholder-for-2016873\/"},"modified":"2025-01-23T11:22:53","modified_gmt":"2025-01-23T10:22:53","slug":"aquariodubaimallunderwaterzoo","status":"publish","type":"product","link":"https:\/\/soldodubai.com\/es\/p\/aquariodubaimallunderwaterzoo\/","title":{"rendered":"AQUARIUM DUBAI MALL O COMBO EN LA CIMA BURJ KHALIFA &amp; AQUARIUM"},"content":{"rendered":"<p>Situado en el coraz\u00f3n de uno de los mayores centros comerciales del mundo, el magn\u00edfico acuario del centro comercial de Dubai es el mayor del mundo y alberga m\u00e1s de 140 especies marinas. Hay 300 peces y mam\u00edferos para que los contemple, desde tiburones hasta rayas. T\u00f3mese su tiempo para pasear por este acuario solo, en familia o con amigos, y admirar la naturaleza de cerca. El tiempo se detiene por un momento, para que pueda tomar todas las fotos y v\u00eddeos que desee.<\/p>\n<p>- Abierto todos los d\u00edas de 10 a 22 h (\u00faltima entrada a las 21 h)<br \/>\n- Gratuito para menores de 3 a\u00f1os<\/p>\n<p><strong>Qu\u00e9 incluye la tarifa:<\/strong><br \/>\nEntrada ilimitada al acuario<br \/>\nSu entrada al Observatorio 124 y 125 del Burj Khalifa, si lo elige<\/p>\n<p><strong>Ubicaci\u00f3n:<\/strong> Centro de Dubai<\/p>","protected":false},"excerpt":{"rendered":"<p>Situado en el coraz\u00f3n de uno de los mayores centros comerciales del mundo, el magn\u00edfico acuario del centro comercial de Dubai es el mayor del mundo y alberga m\u00e1s de 140 especies marinas. Hay 300 peces y mam\u00edferos que podr\u00e1 admirar, desde tiburones a rayas...<\/p>","protected":false},"featured_media":19682,"template":"","meta":[],"product_brand":[],"product_cat":[138,552],"product_tag":[],"class_list":{"0":"post-20059","1":"product","2":"type-product","3":"status-publish","4":"has-post-thumbnail","6":"product_cat-activites-en-ville-parcs-dattractions","7":"product_cat-activite-enfant","9":"first","10":"instock","11":"shipping-taxable","12":"purchasable","13":"product-type-simple"},"_links":{"self":[{"href":"https:\/\/soldodubai.com\/es\/wp-json\/wp\/v2\/product\/20059","targetHints":{"allow":["GET"]}}],"collection":[{"href":"https:\/\/soldodubai.com\/es\/wp-json\/wp\/v2\/product"}],"about":[{"href":"https:\/\/soldodubai.com\/es\/wp-json\/wp\/v2\/types\/product"}],"version-history":[{"count":0,"href":"https:\/\/soldodubai.com\/es\/wp-json\/wp\/v2\/product\/20059\/revisions"}],"wp:featuredmedia":[{"embeddable":true,"href":"https:\/\/soldodubai.com\/es\/wp-json\/wp\/v2\/media\/19682"}],"wp:attachment":[{"href":"https:\/\/soldodubai.com\/es\/wp-json\/wp\/v2\/media?parent=20059"}],"wp:term":[{"taxonomy":"product_brand","embeddable":true,"href":"https:\/\/soldodubai.com\/es\/wp-json\/wp\/v2\/product_brand?post=20059"},{"taxonomy":"product_cat","embeddable":true,"href":"https:\/\/soldodubai.com\/es\/wp-json\/wp\/v2\/product_cat?post=20059"},{"taxonomy":"product_tag","embeddable":true,"href":"https:\/\/soldodubai.com\/es\/wp-json\/wp\/v2\/product_tag?post=20059"}],"curies":[{"name":"wp","href":"https:\/\/api.w.org\/{rel}","templated":true}]}}