{"id":20061,"date":"2020-12-16T12:21:00","date_gmt":"2020-12-16T11:21:00","guid":{"rendered":"http:\/\/13.36.35.205\/produit\/import-placeholder-for-2016876\/"},"modified":"2024-08-02T16:37:55","modified_gmt":"2024-08-02T15:37:55","slug":"nadarcomgolfinhosdelfinario","status":"publish","type":"product","link":"https:\/\/soldodubai.com\/es\/p\/nadarcomgolfinhosdelfinario\/","title":{"rendered":"NADAR CON DELFINES A BAJO PRECIO, DUBAI"},"content":{"rendered":"<p>Aproveche la oportunidad de compartir un momento inolvidable con estos mam\u00edferos marinos. La experiencia de veinte minutos tiene lugar en una piscina cubierta donde varios delfines le dan la bienvenida.<br \/>\nUn amable personal le guiar\u00e1 hasta los vestuarios masculino y femenino. Se le proporcionar\u00e1 un traje de neopreno, as\u00ed como chanclas de pl\u00e1stico si lo desea. Tambi\u00e9n se proporciona una m\u00e1scara de nataci\u00f3n para que no se pierda ni un segundo de su ba\u00f1o submarino con los delfines.<\/p>\n<p>Un equipo especializado y apasionado le acompa\u00f1ar\u00e1 durante toda la actividad. Compartir\u00e1n con usted sus conocimientos sobre este incre\u00edble mam\u00edfero. Al tratarse de una actividad en interior, Sol do Dubai recomienda este lugar para los amantes de la actividad que se centran \u00fanicamente en la experiencia y no en el decorado. Esta particularidad tambi\u00e9n le permite ahorrar un poco.<\/p>\n<p><strong>Nadadores a partir de 8 a\u00f1os.<\/strong> Todos los ni\u00f1os de entre 8 y 12 a\u00f1os deben ir acompa\u00f1ados de un adulto en la piscina, cuya plaza tambi\u00e9n est\u00e1 sujeta a pago.<br \/>\n<strong>Para que los ni\u00f1os a partir de 5 a\u00f1os interact\u00faen<\/strong>. Todos los ni\u00f1os de entre 5 y 8 a\u00f1os deben ir acompa\u00f1ados de un adulto en la piscina, cuyo lugar en la piscina tambi\u00e9n est\u00e1 sujeto a un cargo.<\/p>\n<p>- Puedes hacer fotos y v\u00eddeos con tu propia c\u00e1mara<br \/>\n- <span class=\"woocommerce-Price-amount amount\"><bdi>7.00&nbsp;<span class=\"woocommerce-Price-currencySymbol\">$<\/span><\/bdi><\/span>\/persona entrada al parque municipal donde se desarrolla la actividad<\/p>\n<p><strong>Qu\u00e9 incluye el precio:<\/strong><br \/>\nSu traje de neopreno<br \/>\nAcceso al espect\u00e1culo de delfines<br \/>\n1 foto y 1 v\u00eddeo de recuerdo<br \/>\n1 bebida<br \/>\nSu interacci\u00f3n o sesi\u00f3n de nataci\u00f3n con el delf\u00edn<\/p>\n<p>&nbsp;<\/p>\n<p><strong>Ubicaci\u00f3n:<\/strong> Arroyo de Dubai<\/p>","protected":false},"excerpt":{"rendered":"<p>Aproveche la oportunidad de compartir un momento inolvidable con estos mam\u00edferos marinos. La experiencia de veinte minutos tiene lugar en una piscina cubierta donde varios delfines le dan la bienvenida. Un amable personal le guiar\u00e1 hasta los vestuarios, donde hombres y mujeres est\u00e1n separados. Un traje de neopreno es...<\/p>","protected":false},"featured_media":19685,"template":"","meta":[],"product_brand":[],"product_cat":[140,150],"product_tag":[],"class_list":{"0":"post-20061","1":"product","2":"type-product","3":"status-publish","4":"has-post-thumbnail","6":"product_cat-activites","7":"product_cat-parc-dattractions-aquatiques","9":"first","10":"instock","11":"shipping-taxable","12":"purchasable","13":"product-type-simple"},"_links":{"self":[{"href":"https:\/\/soldodubai.com\/es\/wp-json\/wp\/v2\/product\/20061","targetHints":{"allow":["GET"]}}],"collection":[{"href":"https:\/\/soldodubai.com\/es\/wp-json\/wp\/v2\/product"}],"about":[{"href":"https:\/\/soldodubai.com\/es\/wp-json\/wp\/v2\/types\/product"}],"version-history":[{"count":0,"href":"https:\/\/soldodubai.com\/es\/wp-json\/wp\/v2\/product\/20061\/revisions"}],"wp:featuredmedia":[{"embeddable":true,"href":"https:\/\/soldodubai.com\/es\/wp-json\/wp\/v2\/media\/19685"}],"wp:attachment":[{"href":"https:\/\/soldodubai.com\/es\/wp-json\/wp\/v2\/media?parent=20061"}],"wp:term":[{"taxonomy":"product_brand","embeddable":true,"href":"https:\/\/soldodubai.com\/es\/wp-json\/wp\/v2\/product_brand?post=20061"},{"taxonomy":"product_cat","embeddable":true,"href":"https:\/\/soldodubai.com\/es\/wp-json\/wp\/v2\/product_cat?post=20061"},{"taxonomy":"product_tag","embeddable":true,"href":"https:\/\/soldodubai.com\/es\/wp-json\/wp\/v2\/product_tag?post=20061"}],"curies":[{"name":"wp","href":"https:\/\/api.w.org\/{rel}","templated":true}]}}