{"id":20063,"date":"2020-12-16T12:21:00","date_gmt":"2020-12-16T11:21:00","guid":{"rendered":"http:\/\/13.36.35.205\/produit\/import-placeholder-for-2016879\/"},"modified":"2024-08-02T16:36:17","modified_gmt":"2024-08-02T15:36:17","slug":"mergulho","status":"publish","type":"product","link":"https:\/\/soldodubai.com\/es\/p\/mergulho\/","title":{"rendered":"SUBMARINISMO, FUJAIRAH"},"content":{"rendered":"<p>Explore las profundidades de los Emiratos \u00c1rabes Unidos, a 2 horas en coche de Dubai, en el emirato vecino de Fujairah. El mejor momento para bucear es por la ma\u00f1ana, cuando el organizador de la actividad le recoger\u00e1 en su hotel al amanecer.<\/p>\n<p>Tras 2 horas de trayecto, embarcar\u00e1 en una lancha especialmente dise\u00f1ada para el buceo, una lancha r\u00e1pida que le llevar\u00e1 a los mejores puntos de inmersi\u00f3n.<br \/>\nTanto los buceadores certificados como los principiantes van acompa\u00f1ados de un buceador profesional y apasionado que les informar\u00e1 en ingl\u00e9s (pero hay v\u00eddeos disponibles en todos los dem\u00e1s idiomas) y les mostrar\u00e1 el camino a seguir en las profundidades oce\u00e1nicas.<br \/>\nTambi\u00e9n se encargar\u00e1n de tu sesi\u00f3n de fotos subacu\u00e1ticas, que te enviar\u00e1n por el medio que elijas (correo electr\u00f3nico o tel\u00e9fono) m\u00e1s tarde ese mismo d\u00eda.<\/p>\n<p>Los buceadores certificados bucean m\u00e1s tiempo y a mayor profundidad que los principiantes. De 40 a 50 minutos frente a 30 o 40 minutos. Tendr\u00e1s todo el equipo que necesites in situ, e incluso tubos para mantenerte a flote.<\/p>\n<p>Durante esta inmersi\u00f3n, es posible que encuentre peces peque\u00f1os, as\u00ed como rayas, tortugas marinas y peque\u00f1os tiburones inofensivos. Como esta actividad se realiza en mar abierto, no podemos garantizar que los tiburones est\u00e9n presentes ese d\u00eda.<br \/>\nLa visita dura unas 6 horas.<\/p>\n<p>- No apto para embarazadas<br \/>\n- No apto para personas con antecedentes m\u00e9dicos o propensas a sentirse mal<br \/>\n- No volar 18 horas despu\u00e9s de la actividad<br \/>\n- Traiga su pasaporte original y un malet\u00edn<br \/>\n- A partir de 12 a\u00f1os<br \/>\n- No planifique ninguna actividad para el mismo d\u00eda<\/p>\n<p><strong>Qu\u00e9 incluye la tarifa:<\/strong><br \/>\nTransporte de ida y vuelta al hotel<br \/>\nSu inmersi\u00f3n acompa\u00f1ada por un gu\u00eda<br \/>\nEl equipamiento<br \/>\nFotos submarinas<\/p>\n<p><strong>Ubicaci\u00f3n:<\/strong> Fujairah<\/p>","protected":false},"excerpt":{"rendered":"<p>Explore las profundidades de los Emiratos \u00c1rabes Unidos, a 2 horas en coche de Dubai, en el vecino emirato de Fujairah... El mejor momento para bucear es por la ma\u00f1ana, cuando el organizador de la actividad le recoger\u00e1 en su punto de inmersi\u00f3n al amanecer.<\/p>","protected":false},"featured_media":19687,"template":"","meta":[],"product_brand":[],"product_cat":[150,553],"product_tag":[],"class_list":{"0":"post-20063","1":"product","2":"type-product","3":"status-publish","4":"has-post-thumbnail","6":"product_cat-parc-dattractions-aquatiques","7":"product_cat-activite-couple","9":"first","10":"instock","11":"shipping-taxable","12":"purchasable","13":"product-type-simple"},"_links":{"self":[{"href":"https:\/\/soldodubai.com\/es\/wp-json\/wp\/v2\/product\/20063","targetHints":{"allow":["GET"]}}],"collection":[{"href":"https:\/\/soldodubai.com\/es\/wp-json\/wp\/v2\/product"}],"about":[{"href":"https:\/\/soldodubai.com\/es\/wp-json\/wp\/v2\/types\/product"}],"version-history":[{"count":0,"href":"https:\/\/soldodubai.com\/es\/wp-json\/wp\/v2\/product\/20063\/revisions"}],"wp:featuredmedia":[{"embeddable":true,"href":"https:\/\/soldodubai.com\/es\/wp-json\/wp\/v2\/media\/19687"}],"wp:attachment":[{"href":"https:\/\/soldodubai.com\/es\/wp-json\/wp\/v2\/media?parent=20063"}],"wp:term":[{"taxonomy":"product_brand","embeddable":true,"href":"https:\/\/soldodubai.com\/es\/wp-json\/wp\/v2\/product_brand?post=20063"},{"taxonomy":"product_cat","embeddable":true,"href":"https:\/\/soldodubai.com\/es\/wp-json\/wp\/v2\/product_cat?post=20063"},{"taxonomy":"product_tag","embeddable":true,"href":"https:\/\/soldodubai.com\/es\/wp-json\/wp\/v2\/product_tag?post=20063"}],"curies":[{"name":"wp","href":"https:\/\/api.w.org\/{rel}","templated":true}]}}