{"id":20065,"date":"2020-12-16T12:21:00","date_gmt":"2020-12-16T11:21:00","guid":{"rendered":"http:\/\/13.36.35.205\/produit\/import-placeholder-for-2016881\/"},"modified":"2024-08-02T16:33:36","modified_gmt":"2024-08-02T15:33:36","slug":"passeiodelancharapida","status":"publish","type":"product","link":"https:\/\/soldodubai.com\/es\/p\/passeiodelancharapida\/","title":{"rendered":"SPEED BOAT TOUR, DUBAI"},"content":{"rendered":"<p>El Speed Boat Tour es un crucero de 90 minutos por el mar del Golfo que recorre los distritos de Marina, Jumeirah Beach Residence y Palm Jumeirah, as\u00ed como los majestuosos hoteles Atlantis y Burj Al Arab.<br \/>\nLa belleza arquitect\u00f3nica de la ciudad le dejar\u00e1 boquiabierto, tanto si est\u00e1 con amigos, en familia o s\u00f3lo en pareja.<br \/>\nLa velocidad de navegaci\u00f3n es bastante alta, lo que aumenta la diversi\u00f3n de la actividad, y al patr\u00f3n tambi\u00e9n le gusta hacer algunos trucos con la embarcaci\u00f3n para mayor emoci\u00f3n.<br \/>\nEste paseo incluye tres paradas fotogr\u00e1ficas: la primera frente a los rascacielos de Marina, la segunda a los pies de Atlantis y la \u00faltima frente al Burj Al Arab.<\/p>\n<p>De regreso, el barco se acerca a la costa, ofreci\u00e9ndole una hermosa vista de los palacios de 5 estrellas de la Palmera y de la isla privada de la familia real de Dubai.<br \/>\n- Salidas cada hora de 9 a 17 horas.<br \/>\n- Si se marea, ser\u00e1 mejor que haga una excursi\u00f3n por la ma\u00f1ana. El mar est\u00e1 mucho m\u00e1s tranquilo.<br \/>\n- No apto para ni\u00f1os menores de 4 a\u00f1os.<\/p>\n<p><strong>Qu\u00e9 incluye la tarifa<\/strong><br \/>\nSu visita guiada de 90 minutos con la tripulaci\u00f3n<\/p>\n<p><strong>Ubicaci\u00f3n:<\/strong> Puerto deportivo de Dubai<\/p>","protected":false},"excerpt":{"rendered":"<p>&nbsp;<\/p>\n<div id=\"ypm-extension\" class=\"ypm-extension\"><\/div>","protected":false},"featured_media":2026847,"template":"","meta":[],"product_brand":[],"product_cat":[140,150],"product_tag":[],"class_list":{"0":"post-20065","1":"product","2":"type-product","3":"status-publish","4":"has-post-thumbnail","6":"product_cat-activites","7":"product_cat-parc-dattractions-aquatiques","9":"first","10":"instock","11":"virtual","12":"purchasable","13":"product-type-simple"},"_links":{"self":[{"href":"https:\/\/soldodubai.com\/es\/wp-json\/wp\/v2\/product\/20065","targetHints":{"allow":["GET"]}}],"collection":[{"href":"https:\/\/soldodubai.com\/es\/wp-json\/wp\/v2\/product"}],"about":[{"href":"https:\/\/soldodubai.com\/es\/wp-json\/wp\/v2\/types\/product"}],"version-history":[{"count":0,"href":"https:\/\/soldodubai.com\/es\/wp-json\/wp\/v2\/product\/20065\/revisions"}],"wp:featuredmedia":[{"embeddable":true,"href":"https:\/\/soldodubai.com\/es\/wp-json\/wp\/v2\/media\/2026847"}],"wp:attachment":[{"href":"https:\/\/soldodubai.com\/es\/wp-json\/wp\/v2\/media?parent=20065"}],"wp:term":[{"taxonomy":"product_brand","embeddable":true,"href":"https:\/\/soldodubai.com\/es\/wp-json\/wp\/v2\/product_brand?post=20065"},{"taxonomy":"product_cat","embeddable":true,"href":"https:\/\/soldodubai.com\/es\/wp-json\/wp\/v2\/product_cat?post=20065"},{"taxonomy":"product_tag","embeddable":true,"href":"https:\/\/soldodubai.com\/es\/wp-json\/wp\/v2\/product_tag?post=20065"}],"curies":[{"name":"wp","href":"https:\/\/api.w.org\/{rel}","templated":true}]}}