{"id":20097,"date":"2020-12-16T12:21:00","date_gmt":"2020-12-16T11:21:00","guid":{"rendered":"http:\/\/13.36.35.205\/produit\/import-placeholder-for-2016884\/"},"modified":"2024-08-02T16:32:04","modified_gmt":"2024-08-02T15:32:04","slug":"flyboardjetpackjetovator","status":"publish","type":"product","link":"https:\/\/soldodubai.com\/es\/p\/flyboardjetpackjetovator\/","title":{"rendered":"FLYBOARD, JETPACK, JETOVATOR, DUBAI"},"content":{"rendered":"<div>\n<p style=\"text-align: justify;\">Hasta entonces, volar era un sue\u00f1o y un don concedido a los p\u00e1jaros. Entonces Dios cre\u00f3 al Sr. Zapata. Creaciones futuristas, cada una m\u00e1s elaborada que la anterior, todas disponibles de la mano de nuestro socio de confianza, campe\u00f3n mundial de estos deportes. Situado en el famoso distrito de Palm Jumeirah, le ofrecemos experiencias incre\u00edbles a los mandos de los nuevos equipos de deportes acu\u00e1ticos.<\/p>\n<p style=\"text-align: justify;\">Consulte la gama m\u00e1s abajo:<\/p>\n<p style=\"text-align: justify;\"><strong>JETPACK<\/strong><br \/>\nEl Jet Pack comparte el mismo principio que el Flyboard, salvo que el reactor se encuentra en la parte trasera. Esta m\u00e1quina le permite despegar desde una altura de varios metros, d\u00e1ndole la impresi\u00f3n de estar volando. Sus brazos le dirigen en la direcci\u00f3n del Jetpack.<br \/>\nCondiciones de uso: Pesar menos de 90 kg; Tener al menos 17 a\u00f1os; No haberse sometido a ninguna operaci\u00f3n en los \u00faltimos 6 meses.<\/p>\n<p style=\"text-align: justify;\"><strong>JETOVATOR<\/strong><br \/>\nEl Jetovator es la primera bicicleta voladora propulsada por agua. Le costar\u00e1 un poco acostumbrarse a este nuevo aparato, pero una vez que le haya cogido el truco, el instructor le ayudar\u00e1 a aprender nuevas t\u00e9cnicas como moverse a izquierda y derecha mientras hace olas, as\u00ed como la voltereta lateral.<br \/>\nCondiciones de uso: Pesar menos de 90 kg; Tener al menos 17 a\u00f1os; No haberse sometido a ninguna operaci\u00f3n en los \u00faltimos 6 meses.<\/p>\n<p><strong>Qu\u00e9 incluye la tarifa:<\/strong><br \/>\nLa sesi\u00f3n de la actividad elegida<\/p>\n<p><strong>Ubicaci\u00f3n:<\/strong> Palm Jumeirah<\/p>\n<\/div>\n<div id=\"ypm-extension\" class=\"ypm-extension\"><\/div>","protected":false},"excerpt":{"rendered":"<p>Hasta entonces, volar era un sue\u00f1o y un don concedido a los p\u00e1jaros. Entonces Dios cre\u00f3 al Sr. Zapata. Creaciones futuristas, cada una m\u00e1s elaborada que la anterior, todas disponibles de la mano de nuestro socio de confianza, un campe\u00f3n mundial en estos deportes. Situado en el famoso...<\/p>","protected":false},"featured_media":19703,"template":"","meta":[],"product_brand":[],"product_cat":[140,150],"product_tag":[],"class_list":{"0":"post-20097","1":"product","2":"type-product","3":"status-publish","4":"has-post-thumbnail","6":"product_cat-activites","7":"product_cat-parc-dattractions-aquatiques","9":"first","10":"instock","11":"virtual","12":"purchasable","13":"product-type-simple"},"_links":{"self":[{"href":"https:\/\/soldodubai.com\/es\/wp-json\/wp\/v2\/product\/20097","targetHints":{"allow":["GET"]}}],"collection":[{"href":"https:\/\/soldodubai.com\/es\/wp-json\/wp\/v2\/product"}],"about":[{"href":"https:\/\/soldodubai.com\/es\/wp-json\/wp\/v2\/types\/product"}],"version-history":[{"count":0,"href":"https:\/\/soldodubai.com\/es\/wp-json\/wp\/v2\/product\/20097\/revisions"}],"wp:featuredmedia":[{"embeddable":true,"href":"https:\/\/soldodubai.com\/es\/wp-json\/wp\/v2\/media\/19703"}],"wp:attachment":[{"href":"https:\/\/soldodubai.com\/es\/wp-json\/wp\/v2\/media?parent=20097"}],"wp:term":[{"taxonomy":"product_brand","embeddable":true,"href":"https:\/\/soldodubai.com\/es\/wp-json\/wp\/v2\/product_brand?post=20097"},{"taxonomy":"product_cat","embeddable":true,"href":"https:\/\/soldodubai.com\/es\/wp-json\/wp\/v2\/product_cat?post=20097"},{"taxonomy":"product_tag","embeddable":true,"href":"https:\/\/soldodubai.com\/es\/wp-json\/wp\/v2\/product_tag?post=20097"}],"curies":[{"name":"wp","href":"https:\/\/api.w.org\/{rel}","templated":true}]}}