{"id":20100,"date":"2020-12-16T12:21:00","date_gmt":"2020-12-16T11:21:00","guid":{"rendered":"http:\/\/13.36.35.205\/produit\/import-placeholder-for-2016895\/"},"modified":"2025-01-27T03:39:20","modified_gmt":"2025-01-27T02:39:20","slug":"moto4ebuggycomjantarbeduino","status":"publish","type":"product","link":"https:\/\/soldodubai.com\/es\/p\/moto4ebuggycomjantarbeduino\/","title":{"rendered":"QUAD Y\/O BUGGY CON CENA BEDUINA"},"content":{"rendered":"<p>Acompa\u00f1ado por un gu\u00eda, disfrute de su sesi\u00f3n de quad y\/o buggy en pleno desierto, a trav\u00e9s de las dunas, en un grupo reducido y a bordo de una m\u00e1quina autom\u00e1tica (quad Grizzly de 350cc o buggy Polaris de 1000cc y Can-Am turbo de 900cc) o manual (quad Yamaha Raptor de 700cc).<br \/>\nDescienda las dunas del desierto a su propio ritmo, adaptando el recorrido a su medida. A continuaci\u00f3n, le llevar\u00e1n al campamento beduino, donde le esperan la cena, las bebidas y un espect\u00e1culo.<br \/>\nA la entrada, le recibir\u00e1 un reba\u00f1o de camellos, a los que podr\u00e1 montar para dar un corto paseo como regalo de bienvenida.<\/p>\n<p style=\"text-align: justify;\">La cena termina a primera hora de la noche, por lo que el regreso al hotel est\u00e1 previsto sobre las 20.00 o las 22.00 horas, seg\u00fan la temporada.<\/p>\n<p>- Actividad apta para embarazadas por consejo de su m\u00e9dico (quad\/buggy)<br \/>\n- Adecuado para ni\u00f1os peque\u00f1os (a partir de 1 a\u00f1o) s\u00f3lo en la silla de paseo coloc\u00e1ndolos en su regazo<br \/>\n- Duraci\u00f3n de la actividad con todo incluido, aprox. 6 horas<br \/>\n- Sin necesidad de permiso<\/p>\n<p><strong>Composici\u00f3n de la cena:<\/strong><br \/>\nFattoush y Tabbouleh Ensaladas libanesas<br \/>\nCrema de hummus y berenjena<br \/>\nFalafel con salsa de tahini<br \/>\nPollo, cordero y ternera a la parrilla<br \/>\nArroz con especias<br \/>\nFideos<br \/>\nVerduras en salsa<br \/>\nFruta<br \/>\nBu\u00f1uelos emirat\u00edes<br \/>\nAgua, refrescos, t\u00e9<\/p>\n<p><strong>En un coche combinado, que est\u00e1 incluido en el precio:<\/strong> (De 15.00\/16.00 a 20.30\/22.00, seg\u00fan la temporada, 5 horas en total, incluido el trayecto)<br \/>\nViaje de ida y vuelta desde su hotel en un 4X4 con aire acondicionado<br \/>\nPaseo guiado en quad\/buggy por el coraz\u00f3n del desierto<br \/>\nCena buffet libre y refrescos, agua (las bebidas alcoh\u00f3licas se cobrar\u00e1n aparte, dependiendo de la bebida)<br \/>\nEl espect\u00e1culo oriental y el tragafuegos<br \/>\nEl corto paseo en camello, que puede repetir tantas veces como quiera (gratuito)<br \/>\nChicha con sabor a manzana gratis en el sal\u00f3n exclusivo (se ofrece)<br \/>\nTatuaje de henna (gratis)<\/p>\n<p><strong>Ubicaci\u00f3n:<\/strong> Desert Al Madam<\/p>\n<div id=\"ypm-extension\" class=\"ypm-extension\"><\/div>","protected":false},"excerpt":{"rendered":"<p>Acompa\u00f1ado por un gu\u00eda, disfrute de su sesi\u00f3n de quad y\/o buggy en pleno desierto, a trav\u00e9s de las dunas, en un grupo reducido y a bordo de una m\u00e1quina autom\u00e1tica (quad Grizzly de 350cc o buggy Polaris de 1000cc y Can-Am turbo de 900cc) o manual (quad Yamaha Raptor de 700cc). Descienda a...<\/p>","protected":false},"featured_media":2047220,"template":"","meta":[],"product_brand":[],"product_cat":[437],"product_tag":[],"class_list":{"0":"post-20100","1":"product","2":"type-product","3":"status-publish","4":"has-post-thumbnail","6":"product_cat-activites-dans-le-desert-activites","8":"first","9":"instock","10":"virtual","11":"purchasable","12":"product-type-simple"},"_links":{"self":[{"href":"https:\/\/soldodubai.com\/es\/wp-json\/wp\/v2\/product\/20100","targetHints":{"allow":["GET"]}}],"collection":[{"href":"https:\/\/soldodubai.com\/es\/wp-json\/wp\/v2\/product"}],"about":[{"href":"https:\/\/soldodubai.com\/es\/wp-json\/wp\/v2\/types\/product"}],"version-history":[{"count":0,"href":"https:\/\/soldodubai.com\/es\/wp-json\/wp\/v2\/product\/20100\/revisions"}],"wp:featuredmedia":[{"embeddable":true,"href":"https:\/\/soldodubai.com\/es\/wp-json\/wp\/v2\/media\/2047220"}],"wp:attachment":[{"href":"https:\/\/soldodubai.com\/es\/wp-json\/wp\/v2\/media?parent=20100"}],"wp:term":[{"taxonomy":"product_brand","embeddable":true,"href":"https:\/\/soldodubai.com\/es\/wp-json\/wp\/v2\/product_brand?post=20100"},{"taxonomy":"product_cat","embeddable":true,"href":"https:\/\/soldodubai.com\/es\/wp-json\/wp\/v2\/product_cat?post=20100"},{"taxonomy":"product_tag","embeddable":true,"href":"https:\/\/soldodubai.com\/es\/wp-json\/wp\/v2\/product_tag?post=20100"}],"curies":[{"name":"wp","href":"https:\/\/api.w.org\/{rel}","templated":true}]}}