{"id":20101,"date":"2020-12-16T12:21:00","date_gmt":"2020-12-16T11:21:00","guid":{"rendered":"http:\/\/13.36.35.205\/produit\/import-placeholder-for-2016898\/"},"modified":"2024-08-02T16:25:26","modified_gmt":"2024-08-02T15:25:26","slug":"passeiodehelicoptero","status":"publish","type":"product","link":"https:\/\/soldodubai.com\/es\/p\/passeiodehelicoptero\/","title":{"rendered":"EXCURSI\u00d3N EN HELIC\u00d3PTERO, DUBAI"},"content":{"rendered":"<p>Una excursi\u00f3n en helic\u00f3ptero le brinda la oportunidad de descubrir Dubai desde un \u00e1ngulo totalmente nuevo, mientras disfruta de la incre\u00edble sensaci\u00f3n de volar.  Todas las obras maestras de la ciudad le esperan en un vuelo que quedar\u00e1 grabado en su memoria para siempre. Tendr\u00e1 la oportunidad de sobrevolar The Palm Jumeirah, el hotel de 7 estrellas Burj Al Arab, la gigantesca torre Burj Khalifa y el incre\u00edble archipi\u00e9lago The World, que, como su nombre indica, es una representaci\u00f3n real del mapamundi.<\/p>\n<p>Cuando llegue, le recibir\u00e1 un equipo de profesionales que le explicar\u00e1 todas las instrucciones de seguridad. Los helic\u00f3pteros tienen capacidad para 6 personas. Antes de colocarle en los helic\u00f3pteros, se le pesar\u00e1 para que sepamos c\u00f3mo colocarle en la aeronave. Una vez instalado en el helic\u00f3ptero, el piloto le explicar\u00e1 la teor\u00eda del vuelo. Visto desde arriba, comprender\u00e1 r\u00e1pidamente por qu\u00e9 Dubai es uno de los destinos tur\u00edsticos m\u00e1s populares del mundo. Le sorprender\u00e1 la arquitectura, que su piloto le explicar\u00e1. C\u00f3modamente sentado en la cabina, s\u00f3lo tendr\u00e1 que contemplar este panorama excepcional.<\/p>\n<p>Autorizado para embarazadas menores de 32 a\u00f1os<br \/>\nA partir de 2 a\u00f1os<\/p>\n<p>Las torres:<br \/>\nRecorrido de 12 minutos: Atlantis + Burj Al Arab+ La Isla del Mundo + Burj Khalifa (a lo lejos)<br \/>\nVisita de 15 minutos: Atlantis + Burj Al Arab + La Isla del Mundo + Burj Khalifa<br \/>\nRecorrido de 25 minutos: Atlantis + Burj Al Arab + The World Island + Burj Khalifa + Old Dubai<\/p>\n<p><strong>Qu\u00e9 incluye la tarifa:<\/strong><\/p>\n<p>Su vuelo en helic\u00f3ptero durante el tiempo que elija<\/p>\n<p><strong>Ubicaci\u00f3n:<\/strong> Palm Jumeirah<\/p>","protected":false},"excerpt":{"rendered":"<p>Una excursi\u00f3n en helic\u00f3ptero le brinda la oportunidad de descubrir Dubai desde un \u00e1ngulo totalmente nuevo, mientras disfruta de la incre\u00edble sensaci\u00f3n de volar.  Todas las obras maestras de la ciudad le esperan en un vuelo que quedar\u00e1 grabado en sus recuerdos para siempre. Tendr\u00e1 la oportunidad de sobrevolar La...<\/p>","protected":false},"featured_media":19709,"template":"","meta":[],"product_brand":[],"product_cat":[138,553],"product_tag":[],"class_list":{"0":"post-20101","1":"product","2":"type-product","3":"status-publish","4":"has-post-thumbnail","6":"product_cat-activites-en-ville-parcs-dattractions","7":"product_cat-activite-couple","9":"first","10":"instock","11":"shipping-taxable","12":"purchasable","13":"product-type-simple"},"_links":{"self":[{"href":"https:\/\/soldodubai.com\/es\/wp-json\/wp\/v2\/product\/20101","targetHints":{"allow":["GET"]}}],"collection":[{"href":"https:\/\/soldodubai.com\/es\/wp-json\/wp\/v2\/product"}],"about":[{"href":"https:\/\/soldodubai.com\/es\/wp-json\/wp\/v2\/types\/product"}],"version-history":[{"count":0,"href":"https:\/\/soldodubai.com\/es\/wp-json\/wp\/v2\/product\/20101\/revisions"}],"wp:featuredmedia":[{"embeddable":true,"href":"https:\/\/soldodubai.com\/es\/wp-json\/wp\/v2\/media\/19709"}],"wp:attachment":[{"href":"https:\/\/soldodubai.com\/es\/wp-json\/wp\/v2\/media?parent=20101"}],"wp:term":[{"taxonomy":"product_brand","embeddable":true,"href":"https:\/\/soldodubai.com\/es\/wp-json\/wp\/v2\/product_brand?post=20101"},{"taxonomy":"product_cat","embeddable":true,"href":"https:\/\/soldodubai.com\/es\/wp-json\/wp\/v2\/product_cat?post=20101"},{"taxonomy":"product_tag","embeddable":true,"href":"https:\/\/soldodubai.com\/es\/wp-json\/wp\/v2\/product_tag?post=20101"}],"curies":[{"name":"wp","href":"https:\/\/api.w.org\/{rel}","templated":true}]}}