{"id":20103,"date":"2019-12-23T12:21:00","date_gmt":"2019-12-23T11:21:00","guid":{"rendered":"http:\/\/13.36.35.205\/produit\/import-placeholder-for-2016900\/"},"modified":"2025-01-23T11:48:25","modified_gmt":"2025-01-23T10:48:25","slug":"sessaoprivadadequadriciclobuggymotocross","status":"publish","type":"product","link":"https:\/\/soldodubai.com\/es\/p\/sessaoprivadadequadriciclobuggymotocross\/","title":{"rendered":"QUAD \/ BUGGY \/ MOTOCROSS SESION PRIVADA, OPCION SURF EN LA ARENA, DUBAI"},"content":{"rendered":"<div class=\"elementor-element elementor-element-e3869be elementor-widget elementor-widget-wl-single-product-description\" data-id=\"e3869be\" data-element_type=\"widget\" data-widget_type=\"wl-single-product-description.default\">\n<div class=\"elementor-widget-container\">\n<div class=\"woocommerce_product_description\">\n<div>Bienvenido a la aventura definitiva en el coraz\u00f3n del desierto de Dubai, donde la emoci\u00f3n y el descubrimiento le esperan a cada paso. Nuestros paseos en quad y buggy ofrecen una experiencia inolvidable, con la opci\u00f3n de que un gu\u00eda de habla inglesa le acompa\u00f1e a lo largo del camino.<\/div>\n<div>La actividad se desarrolla en las altas dunas del famoso Desierto Rojo de Dubai, a unos 50 minutos del centro de la ciudad.<\/div>\n<div>A su llegada, un amable equipo le dar\u00e1 la bienvenida y le ayudar\u00e1 a familiarizarse con las medidas de seguridad.<\/div>\n<div><\/div>\n<div>\n<p>Adem\u00e1s de la emocionante aventura, el recinto ofrece una serie de actividades para todas las edades. Hay campo de f\u00fatbol, billar, ping-pong, cine y PlayStation en pantalla grande. Tambi\u00e9n hay duchas y aseos para refrescarse. Todas estas instalaciones son gratuitas.<\/p>\n<p>Si quiere alargar el d\u00eda despu\u00e9s del paseo, tiene a su disposici\u00f3n una piscina climatizada y una villa que puede alquilar para una escapada de un d\u00eda o una noche, con opciones de cena durante todo el d\u00eda. El sal\u00f3n tambi\u00e9n puede alquilarse a los hu\u00e9spedes de la villa a partir de las 23.00 horas.<i><br \/>\n<\/i><\/p>\n<\/div>\n<div>\n<p>Por \u00faltimo, para vivir una aventura extraordinaria, opte por las excursiones al amanecer o nocturnas hasta las 2 de la madrugada. Para una experiencia a\u00fan m\u00e1s memorable, explore nuestros paquetes de barbacoa en el desierto, a\u00f1adiendo un toque culinario a su inolvidable aventura.<\/p>\n<div>\n<p>Quads para ni\u00f1os en terreno llano<br \/>\nQuad en el desierto a partir de 12 a\u00f1os para conducir y 10 para ser pasajero<br \/>\nPaseos en buggy a partir de 14 a\u00f1os para conducir y 5 a\u00f1os para ser pasajero (silla infantil disponible)<br \/>\nSesiones de motocross para pilotos a partir de 16 a\u00f1os y s\u00f3lo para pilotos experimentados<br \/>\nBuggy con Bluetooth para conectar tu m\u00fasica.<\/p>\n<\/div>\n<div><\/div>\n<div><strong>Quad 1 y 2 plazas con respaldo:<\/strong><br \/>\nConducir a partir de los 12 a\u00f1os<br \/>\nGu\u00eda franc\u00f3fono disponible previa petici\u00f3n<br \/>\nPasajeros menores de 10 a\u00f1os<br \/>\nQuad infantil disponible para terreno llano<\/div>\n<div>Sin necesidad de permiso<\/div>\n<div><\/div>\n<div><strong>Buggies de 2 y 4 plazas:<\/strong><br \/>\nConducir a partir de los 14 a\u00f1os.<\/div>\n<div>\u00a0Equipo Bluetooth<br \/>\nSilla de beb\u00e9 disponible a partir de 5 a\u00f1os<\/div>\n<div>Sin necesidad de permiso<\/div>\n<p><strong>Motocross 1 puesto, YZF 450, 4 TIEMPOS:<\/strong><br \/>\nConducir a partir de los 16 a\u00f1os, s\u00f3lo para conductores experimentados<br \/>\nSin necesidad de permiso<br \/>\nGu\u00eda franc\u00f3fono disponible previa petici\u00f3n<br \/>\nEquipo proporcionado (mono, guantes, casco con visera, protecci\u00f3n del torso, hombros y codos)<\/p>\n<div><strong>In situ:<\/strong><\/div>\n<div>Campo de f\u00fatbol 5<br \/>\nMesa de billar<br \/>\nTenis de mesa.<br \/>\nCine y PlayStation.<br \/>\nDucha y aseo.<\/div>\n<div>Zona de juegos supervisada para ni\u00f1os a partir de 6 a\u00f1os.<br \/>\nPiscina climatizada (suplemento)<\/div>\n<div>\u00a0Villa privada con piscina climatizada (suplemento)<\/div>\n<div>F\u00f3rmula con barbacoa disponible (suplemento)<\/div>\n<div>Excursi\u00f3n al amanecer y por la noche hasta las 2 de la madrugada.<\/div>\n<p><strong>Qu\u00e9 incluye la tarifa:<\/strong><br \/>\nSu excursi\u00f3n privada en quad y\/o buggy y\/o la opci\u00f3n elegida en el formulario de reserva<br \/>\nSu gu\u00eda designado<br \/>\nAcceso al cine, sala de videojuegos, ping-pong, billar - sujeto a disponibilidad.<\/p>\n<p><strong>Ubicaci\u00f3n:<\/strong> Al Madam Desert<\/p>\n<\/div>\n<\/div>\n<\/div>\n<\/div>","protected":false},"excerpt":{"rendered":"<p>Bienvenido a la aventura definitiva en el coraz\u00f3n del desierto de Dubai, donde la emoci\u00f3n y el descubrimiento le esperan a cada paso. Nuestros paseos en quad y buggy le ofrecen una experiencia inolvidable, con la opci\u00f3n de que un gu\u00eda de habla inglesa le acompa\u00f1e durante todo...<\/p>","protected":false},"featured_media":19711,"template":"","meta":[],"product_brand":[],"product_cat":[437,553,552],"product_tag":[],"class_list":{"0":"post-20103","1":"product","2":"type-product","3":"status-publish","4":"has-post-thumbnail","6":"product_cat-activites-dans-le-desert-activites","7":"product_cat-activite-couple","8":"product_cat-activite-enfant","10":"first","11":"instock","12":"shipping-taxable","13":"purchasable","14":"product-type-simple"},"_links":{"self":[{"href":"https:\/\/soldodubai.com\/es\/wp-json\/wp\/v2\/product\/20103","targetHints":{"allow":["GET"]}}],"collection":[{"href":"https:\/\/soldodubai.com\/es\/wp-json\/wp\/v2\/product"}],"about":[{"href":"https:\/\/soldodubai.com\/es\/wp-json\/wp\/v2\/types\/product"}],"version-history":[{"count":0,"href":"https:\/\/soldodubai.com\/es\/wp-json\/wp\/v2\/product\/20103\/revisions"}],"wp:featuredmedia":[{"embeddable":true,"href":"https:\/\/soldodubai.com\/es\/wp-json\/wp\/v2\/media\/19711"}],"wp:attachment":[{"href":"https:\/\/soldodubai.com\/es\/wp-json\/wp\/v2\/media?parent=20103"}],"wp:term":[{"taxonomy":"product_brand","embeddable":true,"href":"https:\/\/soldodubai.com\/es\/wp-json\/wp\/v2\/product_brand?post=20103"},{"taxonomy":"product_cat","embeddable":true,"href":"https:\/\/soldodubai.com\/es\/wp-json\/wp\/v2\/product_cat?post=20103"},{"taxonomy":"product_tag","embeddable":true,"href":"https:\/\/soldodubai.com\/es\/wp-json\/wp\/v2\/product_tag?post=20103"}],"curies":[{"name":"wp","href":"https:\/\/api.w.org\/{rel}","templated":true}]}}