{"id":20104,"date":"2020-12-16T12:21:00","date_gmt":"2020-12-16T11:21:00","guid":{"rendered":"http:\/\/13.36.35.205\/produit\/import-placeholder-for-2016901\/"},"modified":"2024-08-02T16:24:43","modified_gmt":"2024-08-02T15:24:43","slug":"skidubai","status":"publish","type":"product","link":"https:\/\/soldodubai.com\/es\/p\/skidubai\/","title":{"rendered":"ESQUIAR EN DUBAI Y\/O CONOCER A LOS PING\u00dcINOS"},"content":{"rendered":"<p>Situado en la primera estaci\u00f3n de esqu\u00ed cubierta de Oriente Medio, Ski Dubai es un magn\u00edfico para\u00edso de nieve de 3.000 metros cuadrados. P\u00f3ngase las botas de nieve y venga a descubrir las pistas de bobsleigh Twin Track, una cueva de nieve llena de experiencias interactivas y las colinas de toboganes. Dir\u00edgete a la estaci\u00f3n de nivelaci\u00f3n para disfrutar de un emocionante paseo o s\u00fabete al telesilla para llegar al punto m\u00e1s alto de la estaci\u00f3n artificial. Divertido para toda la familia, el mayor parque de nieve cubierto del mundo tambi\u00e9n alberga ping\u00fcinos a los que se puede conocer.<\/p>\n<p>- Abierto todos los d\u00edas de 10.00 a 23.00 horas<br \/>\n- Prohibido para menores de 3 a\u00f1os<br \/>\n- Debes saber esquiar, de lo contrario la direcci\u00f3n de Ski Dubai podr\u00e1 denegarte el acceso y no se te reembolsar\u00e1 la reserva.<br \/>\n- A partir de 21 a\u00f1os, no acompa\u00f1ados<\/p>\n<p><strong>Qu\u00e9 incluye la tarifa:<\/strong><br \/>\nSu sesi\u00f3n de Ski Dubai y\/o la actividad elegida<br \/>\nSu equipo adecuado (traje de neopreno, esqu\u00eds, apr\u00e8s ski, guantes)<\/p>\n<p><strong>Ubicaci\u00f3n:<\/strong> Centro comercial Mall of Emirates, Al Barsha<\/p>","protected":false},"excerpt":{"rendered":"<p>Situado en la primera estaci\u00f3n de esqu\u00ed cubierta de Oriente Pr\u00f3ximo, Ski Dubai es un magn\u00edfico para\u00edso de nieve de 3.000 metros cuadrados. P\u00f3ngase las botas de nieve y venga a descubrir las pistas de bobsleigh Twin Track, una cueva de nieve llena de experiencias interactivas y...<\/p>","protected":false},"featured_media":19724,"template":"","meta":[],"product_brand":[],"product_cat":[138,552],"product_tag":[],"class_list":{"0":"post-20104","1":"product","2":"type-product","3":"status-publish","4":"has-post-thumbnail","6":"product_cat-activites-en-ville-parcs-dattractions","7":"product_cat-activite-enfant","9":"first","10":"instock","11":"shipping-taxable","12":"purchasable","13":"product-type-simple"},"_links":{"self":[{"href":"https:\/\/soldodubai.com\/es\/wp-json\/wp\/v2\/product\/20104","targetHints":{"allow":["GET"]}}],"collection":[{"href":"https:\/\/soldodubai.com\/es\/wp-json\/wp\/v2\/product"}],"about":[{"href":"https:\/\/soldodubai.com\/es\/wp-json\/wp\/v2\/types\/product"}],"version-history":[{"count":0,"href":"https:\/\/soldodubai.com\/es\/wp-json\/wp\/v2\/product\/20104\/revisions"}],"wp:featuredmedia":[{"embeddable":true,"href":"https:\/\/soldodubai.com\/es\/wp-json\/wp\/v2\/media\/19724"}],"wp:attachment":[{"href":"https:\/\/soldodubai.com\/es\/wp-json\/wp\/v2\/media?parent=20104"}],"wp:term":[{"taxonomy":"product_brand","embeddable":true,"href":"https:\/\/soldodubai.com\/es\/wp-json\/wp\/v2\/product_brand?post=20104"},{"taxonomy":"product_cat","embeddable":true,"href":"https:\/\/soldodubai.com\/es\/wp-json\/wp\/v2\/product_cat?post=20104"},{"taxonomy":"product_tag","embeddable":true,"href":"https:\/\/soldodubai.com\/es\/wp-json\/wp\/v2\/product_tag?post=20104"}],"curies":[{"name":"wp","href":"https:\/\/api.w.org\/{rel}","templated":true}]}}