{"id":20107,"date":"2020-12-16T12:21:00","date_gmt":"2020-12-16T11:21:00","guid":{"rendered":"http:\/\/13.36.35.205\/produit\/import-placeholder-for-2016905\/"},"modified":"2024-08-02T16:24:04","modified_gmt":"2024-08-02T15:24:04","slug":"dinner-in-the-sky","status":"publish","type":"product","link":"https:\/\/soldodubai.com\/es\/p\/dinner-in-the-sky\/","title":{"rendered":"ALMUERZO O CENA EN EL AIRE, DUBAI"},"content":{"rendered":"<p>Se trata de un concepto excepcional que puede verse en las mayores ciudades del mundo. Se trata de un restaurante encaramado en el aire a 50 metros del suelo, el equivalente a un edificio de 8 plantas. Durante esta actividad, se sentar\u00e1 alrededor de una table d'h\u00f4te que puede acoger a una docena de comensales durante aproximadamente 1h30.<\/p>\n<p>Este restaurante al aire abre dos veces al d\u00eda para el almuerzo y la cena.<\/p>\n<p>Se encuentra a la entrada del puerto deportivo de Dubai.<\/p>\n<p>- A partir de 135 cms<br \/>\n- Los ni\u00f1os deben ir acompa\u00f1ados de un adulto, que tambi\u00e9n dispondr\u00e1 de su propio asiento.<br \/>\n- No apto para embarazadas<\/p>\n<p><strong>Qu\u00e9 incluye la tarifa:<\/strong><br \/>\nSu comida de 90 minutos en el aire<br \/>\nSu comida con entrante - plato principal - postre y bebidas + agua<\/p>\n<p><strong>Ubicaci\u00f3n:<\/strong> Puerto deportivo de Dubai<\/p>","protected":false},"excerpt":{"rendered":"<p>Se trata de un concepto excepcional que puede verse en las mayores ciudades del mundo. Se trata de un restaurante encaramado en el aire a 50 metros del suelo, el equivalente a un edificio de 8 plantas. Durante esta actividad, se sentar\u00e1 alrededor de una mesa...<\/p>","protected":false},"featured_media":19727,"template":"","meta":[],"product_brand":[],"product_cat":[140,138,553],"product_tag":[],"class_list":{"0":"post-20107","1":"product","2":"type-product","3":"status-publish","4":"has-post-thumbnail","6":"product_cat-activites","7":"product_cat-activites-en-ville-parcs-dattractions","8":"product_cat-activite-couple","10":"first","11":"instock","12":"shipping-taxable","13":"purchasable","14":"product-type-simple"},"_links":{"self":[{"href":"https:\/\/soldodubai.com\/es\/wp-json\/wp\/v2\/product\/20107","targetHints":{"allow":["GET"]}}],"collection":[{"href":"https:\/\/soldodubai.com\/es\/wp-json\/wp\/v2\/product"}],"about":[{"href":"https:\/\/soldodubai.com\/es\/wp-json\/wp\/v2\/types\/product"}],"version-history":[{"count":0,"href":"https:\/\/soldodubai.com\/es\/wp-json\/wp\/v2\/product\/20107\/revisions"}],"wp:featuredmedia":[{"embeddable":true,"href":"https:\/\/soldodubai.com\/es\/wp-json\/wp\/v2\/media\/19727"}],"wp:attachment":[{"href":"https:\/\/soldodubai.com\/es\/wp-json\/wp\/v2\/media?parent=20107"}],"wp:term":[{"taxonomy":"product_brand","embeddable":true,"href":"https:\/\/soldodubai.com\/es\/wp-json\/wp\/v2\/product_brand?post=20107"},{"taxonomy":"product_cat","embeddable":true,"href":"https:\/\/soldodubai.com\/es\/wp-json\/wp\/v2\/product_cat?post=20107"},{"taxonomy":"product_tag","embeddable":true,"href":"https:\/\/soldodubai.com\/es\/wp-json\/wp\/v2\/product_tag?post=20107"}],"curies":[{"name":"wp","href":"https:\/\/api.w.org\/{rel}","templated":true}]}}