{"id":20113,"date":"2020-12-16T12:21:00","date_gmt":"2020-12-16T11:21:00","guid":{"rendered":"http:\/\/13.36.35.205\/produit\/import-placeholder-for-2017633\/"},"modified":"2024-08-02T16:21:47","modified_gmt":"2024-08-02T15:21:47","slug":"warner-bros","status":"publish","type":"product","link":"https:\/\/soldodubai.com\/es\/p\/warner-bros\/","title":{"rendered":"WARNER BROS"},"content":{"rendered":"<p>Warners Bros es un parque tem\u00e1tico cubierto situado en Abu Dhabi, a una hora y media en coche de Dubai.<br \/>\nEste parque tem\u00e1tico ofrece sensacionales juegos y trenes basados en las creaciones de la producci\u00f3n de la Warner.<br \/>\nEncontrar\u00e1s juegos inspirados en las series Superman, Batman, Wonder Woman, Piol\u00edn y muchas m\u00e1s.<br \/>\nTambi\u00e9n hay varios restaurantes y cafeter\u00edas.<\/p>\n<p>- Parque abierto todos los d\u00edas - los horarios var\u00edan seg\u00fan la temporada entre las 10.00 h\/11.00 h y las 18.00 h\/7.00 h<br \/>\n- Gratuito para menores de 3 a\u00f1os<\/p>\n<p><strong>Qu\u00e9 incluye la tarifa :<\/strong><br \/>\nTu entrada al parque y acceso a todos los juegos seg\u00fan sus normas (tama\u00f1o, peso, etc.)<\/p>\n<p><strong>Ubicaci\u00f3n:<\/strong> Isla de Yas<\/p>","protected":false},"excerpt":{"rendered":"<p>Warner Bros es un parque tem\u00e1tico cubierto situado en Abu Dhabi, a una hora y media en coche de Dubai. Este parque tem\u00e1tico abarca sensacionales juegos y trenes construidos en torno al tema de las creaciones de la producci\u00f3n Warners. Encontrar\u00e1 juegos inspirados en...<\/p>","protected":false},"featured_media":19742,"template":"","meta":[],"product_brand":[],"product_cat":[138],"product_tag":[],"class_list":{"0":"post-20113","1":"product","2":"type-product","3":"status-publish","4":"has-post-thumbnail","6":"product_cat-activites-en-ville-parcs-dattractions","8":"first","9":"instock","10":"virtual","11":"purchasable","12":"product-type-simple"},"_links":{"self":[{"href":"https:\/\/soldodubai.com\/es\/wp-json\/wp\/v2\/product\/20113","targetHints":{"allow":["GET"]}}],"collection":[{"href":"https:\/\/soldodubai.com\/es\/wp-json\/wp\/v2\/product"}],"about":[{"href":"https:\/\/soldodubai.com\/es\/wp-json\/wp\/v2\/types\/product"}],"version-history":[{"count":0,"href":"https:\/\/soldodubai.com\/es\/wp-json\/wp\/v2\/product\/20113\/revisions"}],"wp:featuredmedia":[{"embeddable":true,"href":"https:\/\/soldodubai.com\/es\/wp-json\/wp\/v2\/media\/19742"}],"wp:attachment":[{"href":"https:\/\/soldodubai.com\/es\/wp-json\/wp\/v2\/media?parent=20113"}],"wp:term":[{"taxonomy":"product_brand","embeddable":true,"href":"https:\/\/soldodubai.com\/es\/wp-json\/wp\/v2\/product_brand?post=20113"},{"taxonomy":"product_cat","embeddable":true,"href":"https:\/\/soldodubai.com\/es\/wp-json\/wp\/v2\/product_cat?post=20113"},{"taxonomy":"product_tag","embeddable":true,"href":"https:\/\/soldodubai.com\/es\/wp-json\/wp\/v2\/product_tag?post=20113"}],"curies":[{"name":"wp","href":"https:\/\/api.w.org\/{rel}","templated":true}]}}