{"id":20225,"date":"2020-12-16T12:22:00","date_gmt":"2020-12-16T11:22:00","guid":{"rendered":"http:\/\/13.36.35.205\/produit\/import-placeholder-for-2020600\/"},"modified":"2024-08-02T16:16:56","modified_gmt":"2024-08-02T15:16:56","slug":"museodolouvre","status":"publish","type":"product","link":"https:\/\/soldodubai.com\/es\/p\/museodolouvre\/","title":{"rendered":"MUSEO LOUVRE Y VISITA A ABU DHABI"},"content":{"rendered":"<p>Descubra los lugares m\u00e1s bellos de Abu Dhabi y aproveche esta excursi\u00f3n para visitar la segunda sucursal del museo parisino, el Louvre. Este museo altamente sofisticado, futurista y meticulosamente decorado alberga algunas de las mejores piezas de la historia del arte prestadas por el museo parisino, pero tambi\u00e9n muestra otros artistas a\u00fan poco conocidos por el gran p\u00fablico o por los de la regi\u00f3n de Oriente Pr\u00f3ximo. Una rotaci\u00f3n perpetua de exposiciones ofrece a los visitantes una nueva raz\u00f3n para volver.<br \/>\nEn este recorrido, su ch\u00f3fer privado tambi\u00e9n podr\u00e1 llevarle al Palacio de los Emiratos, la Gran Mezquita Sheikh Zayed, las Torres Etihad y todos los dem\u00e1s lugares que desee visitar. Podr\u00e1 cumplir su programa a medida si nos hace saber en un comentario, antes de validar su pedido, los lugares de Abu Dhabi que le gustar\u00eda visitar.<\/p>\n<p>- Museo gratuito para menores de 13 a\u00f1os<br \/>\n- Museo cerrado los lunes<br \/>\n- Museo abierto de martes a domingo de 10.00 a 20.00 horas<br \/>\n- Gran mezquita abierta todos los d\u00edas de 9:00 a 21:30<br \/>\n- Cuando visite el Emirates Palace, le rogamos que vista adecuadamente, ya que el hotel se reserva el derecho de negarle la entrada si viste de forma inapropiada.<br \/>\n- Para ir a la mezquita, las mujeres deben llevar ropa holgada que las cubra. Los hombres deben llevar bermudas, pantalones y una camiseta o jersey. Por lo dem\u00e1s, la ropa tradicional se vende in situ.<\/p>\n<p><strong>Qu\u00e9 incluye la tarifa:<\/strong><br \/>\nVisita ilimitada al Museo del Louvre<br \/>\nUna visita ilimitada al palacio presidencial si as\u00ed lo desea<br \/>\nVisita gratuita a la mezquita, si lo desea<br \/>\nPuesta a disposici\u00f3n de un ch\u00f3fer privado durante 10 horas, si se elige<\/p>\n<p><strong>Ubicaci\u00f3n del Louvre:<\/strong> Isla de Yas<\/p>","protected":false},"excerpt":{"rendered":"<p>Descubra los lugares m\u00e1s bellos de Abu Dhabi y aproveche esta excursi\u00f3n para visitar la segunda sucursal del museo parisino, el Louvre. Este museo altamente sofisticado, futurista y meticulosamente decorado alberga algunas de las mejores piezas de la historia del arte prestadas por el Louvre....<\/p>","protected":false},"featured_media":19793,"template":"","meta":[],"product_brand":[],"product_cat":[138],"product_tag":[],"class_list":{"0":"post-20225","1":"product","2":"type-product","3":"status-publish","4":"has-post-thumbnail","6":"product_cat-activites-en-ville-parcs-dattractions","8":"first","9":"instock","10":"shipping-taxable","11":"purchasable","12":"product-type-simple"},"_links":{"self":[{"href":"https:\/\/soldodubai.com\/es\/wp-json\/wp\/v2\/product\/20225","targetHints":{"allow":["GET"]}}],"collection":[{"href":"https:\/\/soldodubai.com\/es\/wp-json\/wp\/v2\/product"}],"about":[{"href":"https:\/\/soldodubai.com\/es\/wp-json\/wp\/v2\/types\/product"}],"version-history":[{"count":0,"href":"https:\/\/soldodubai.com\/es\/wp-json\/wp\/v2\/product\/20225\/revisions"}],"wp:featuredmedia":[{"embeddable":true,"href":"https:\/\/soldodubai.com\/es\/wp-json\/wp\/v2\/media\/19793"}],"wp:attachment":[{"href":"https:\/\/soldodubai.com\/es\/wp-json\/wp\/v2\/media?parent=20225"}],"wp:term":[{"taxonomy":"product_brand","embeddable":true,"href":"https:\/\/soldodubai.com\/es\/wp-json\/wp\/v2\/product_brand?post=20225"},{"taxonomy":"product_cat","embeddable":true,"href":"https:\/\/soldodubai.com\/es\/wp-json\/wp\/v2\/product_cat?post=20225"},{"taxonomy":"product_tag","embeddable":true,"href":"https:\/\/soldodubai.com\/es\/wp-json\/wp\/v2\/product_tag?post=20225"}],"curies":[{"name":"wp","href":"https:\/\/api.w.org\/{rel}","templated":true}]}}