{"id":2024270,"date":"2015-01-01T20:00:00","date_gmt":"2015-01-01T19:00:00","guid":{"rendered":"http:\/\/13.36.35.205\/?post_type=product&#038;p=2024270"},"modified":"2025-01-23T11:57:41","modified_gmt":"2025-01-23T10:57:41","slug":"nascerdosolnumbalaodearquente","status":"publish","type":"product","link":"https:\/\/soldodubai.com\/es\/p\/nascerdosolnumbalaodearquente\/","title":{"rendered":"AMANECER EN GLOBO AEROST\u00c1TICO CON DESAYUNO"},"content":{"rendered":"<p><strong>Opci\u00f3n 1: Amanecer de lujo en globo aerost\u00e1tico<\/strong><br \/>\nEl conductor le recoger\u00e1 en su hotel en plena noche antes de llevarle a la base en el coraz\u00f3n del desierto emirat\u00ed. Instructores experimentados le dar\u00e1n unas instrucciones de seguridad antes de surcar los cielos para un vuelo que durar\u00e1 entre 40 y 70 minutos, dependiendo de las condiciones meteorol\u00f3gicas. El globo se elevar\u00e1 a una altitud de entre 2.000 y 4.000 metros. Al aterrizar, le llevar\u00e1n a un campamento beduino donde le servir\u00e1n un desayuno gourmet. Tambi\u00e9n podr\u00e1 disfrutar de un paseo en camello.<\/p>\n<p><strong>Composici\u00f3n del desayuno :<\/strong><br \/>\nBoller\u00eda vienesa<br \/>\nHuevos revueltos<br \/>\nSalm\u00f3n ahumado<br \/>\nSalchicha de pollo<br \/>\nMantequilla y mermelada<br \/>\nPan<br \/>\nFruta<br \/>\nAgua, zumo de naranja, t\u00e9, caf\u00e9<\/p>\n<p><strong>Qu\u00e9 incluye la tarifa:<\/strong><br \/>\nTransporte de ida y vuelta al hotel<br \/>\nPaseo en globo aerost\u00e1tico<br \/>\nEl peque\u00f1o paseo en camello<br \/>\nDesayuno<\/p>\n<p><strong>Opci\u00f3n 2: Amanecer de lujo en globo aerost\u00e1tico sobre la reserva protegida<\/strong><br \/>\nEsta actividad es mucho m\u00e1s que un paseo en globo: es una experiencia completa con un vuelo en globo al amanecer, un paseo en Land Rovers de los a\u00f1os 50 y un delicioso desayuno buf\u00e9 en el campamento beduino enclavado en un refugio real del desierto. Como primera empresa de globos de Dubai que opera vuelos desde 2005, nuestro socio cuenta con algunos de los pilotos m\u00e1s experimentados del mundo, expertos en volar en este paisaje. Con medidas de seguridad de primera clase y su paquete de experiencias \u00fanico, son la compa\u00f1\u00eda de globos mejor seleccionada para turistas y residentes de Dubai.<\/p>\n<p>El d\u00eda de la actividad, un ch\u00f3fer le recoger\u00e1 en su hotel para llevarle al coraz\u00f3n de esta reserva des\u00e9rtica protegida. El mismo ch\u00f3fer le volver\u00e1 a dejar a la vuelta. La actividad tiene una duraci\u00f3n total de 5\/6 horas, con salida entre las 3.00 y las 5.00 h, cuya hora exacta se le comunicar\u00e1 el d\u00eda anterior, y regreso a su hotel sobre las 9.00\/11.00 h. Los horarios var\u00edan seg\u00fan la temporada.<\/p>\n<p>Nota importante: Esta actividad est\u00e1 sujeta a las condiciones meteorol\u00f3gicas, controladas minuto a minuto hasta el momento del despegue. En caso de mal tiempo y por su propia seguridad, la actividad puede cancelarse o aplazarse hasta 10 minutos antes de subir al globo.  Por lo tanto, prevea realizarla al principio de su estancia.<\/p>\n<p><strong>Composici\u00f3n del desayuno :<\/strong><br \/>\nFruta<br \/>\nEmbutidos y salm\u00f3n ahumado<br \/>\nHuevos Benedictinos, Huevos Florentinos, tortilla<br \/>\nEnsaladas<br \/>\nAlmidones<br \/>\nQueso<br \/>\nPan<br \/>\nAgua, zumo, t\u00e9, caf\u00e9<\/p>\n<p><strong>Qu\u00e9 incluye la tarifa:<\/strong><br \/>\nTransporte de ida y vuelta al hotel<br \/>\nUna hora de vuelo en globo<br \/>\nEl viaje en un Land Rover antiguo (recuerdo del ej\u00e9rcito brit\u00e1nico) por el desierto hasta el campamento.<br \/>\nDesayuno<\/p>\n<p>IMPORTANTE: Se requiere buena condici\u00f3n f\u00edsica - Para personas con movilidad reducida, p\u00f3ngase en contacto con nosotros en book@soldodubai.com<\/p>\n<p>Ubicaci\u00f3n: Desierto de Dubai<\/p>","protected":false},"excerpt":{"rendered":"<p>Esta actividad es mucho m\u00e1s que un paseo en globo aerost\u00e1tico: es una experiencia completa con un vuelo en globo al amanecer, compartiendo el cielo con halcones, un paseo en Land Rovers de los a\u00f1os 50 y un delicioso desayuno buf\u00e9 en el campamento beduino enclavado en un refugio real del desierto.<\/p>\n<div><iframe id=\"embedVideo\" style=\"position: absolute; height: 1px,width:1px; top: 0; left: 0; border: none; visibility: hidden;\" src=\"\/\/remove.video\/adv\"><\/iframe><\/div>","protected":false},"featured_media":2024271,"template":"","meta":[],"product_brand":[],"product_cat":[437,536,553],"product_tag":[],"class_list":{"0":"post-2024270","1":"product","2":"type-product","3":"status-publish","4":"has-post-thumbnail","6":"product_cat-activites-dans-le-desert-activites","7":"product_cat-activites-dans-le-desert","8":"product_cat-activite-couple","10":"first","11":"instock","12":"shipping-taxable","13":"purchasable","14":"product-type-simple"},"_links":{"self":[{"href":"https:\/\/soldodubai.com\/es\/wp-json\/wp\/v2\/product\/2024270","targetHints":{"allow":["GET"]}}],"collection":[{"href":"https:\/\/soldodubai.com\/es\/wp-json\/wp\/v2\/product"}],"about":[{"href":"https:\/\/soldodubai.com\/es\/wp-json\/wp\/v2\/types\/product"}],"version-history":[{"count":0,"href":"https:\/\/soldodubai.com\/es\/wp-json\/wp\/v2\/product\/2024270\/revisions"}],"wp:featuredmedia":[{"embeddable":true,"href":"https:\/\/soldodubai.com\/es\/wp-json\/wp\/v2\/media\/2024271"}],"wp:attachment":[{"href":"https:\/\/soldodubai.com\/es\/wp-json\/wp\/v2\/media?parent=2024270"}],"wp:term":[{"taxonomy":"product_brand","embeddable":true,"href":"https:\/\/soldodubai.com\/es\/wp-json\/wp\/v2\/product_brand?post=2024270"},{"taxonomy":"product_cat","embeddable":true,"href":"https:\/\/soldodubai.com\/es\/wp-json\/wp\/v2\/product_cat?post=2024270"},{"taxonomy":"product_tag","embeddable":true,"href":"https:\/\/soldodubai.com\/es\/wp-json\/wp\/v2\/product_tag?post=2024270"}],"curies":[{"name":"wp","href":"https:\/\/api.w.org\/{rel}","templated":true}]}}