{"id":2028334,"date":"2015-01-01T17:00:00","date_gmt":"2015-01-01T16:00:00","guid":{"rendered":"http:\/\/13.36.131.153\/?post_type=product&#038;p=2028334"},"modified":"2025-01-23T11:55:37","modified_gmt":"2025-01-23T10:55:37","slug":"campamento-sonara-2","status":"publish","type":"product","link":"https:\/\/soldodubai.com\/es\/p\/campamento-sonara-2\/","title":{"rendered":"CAMPAMENTO SONARA"},"content":{"rendered":"<p>Sonara es un campamento privado enclavado en el coraz\u00f3n del desierto protegido, donde podr\u00e1 disfrutar de una experiencia m\u00e1gica (gastron\u00f3mica y ecol\u00f3gica). Hay muchas formas de descubrir este fabuloso lugar:<\/p>\n<p><strong>El sal\u00f3n al atardecer<\/strong> - La experiencia comienza de 16.00 a 17.30 horas, seg\u00fan la temporada.<br \/>\nEn el sal\u00f3n, le recibir\u00e1 un equipo amable y un fondo de m\u00fasica oriental mientras disfruta de un aperitivo abundante y sabroso mientras se pone el sol. Durante esta experiencia, se ofrecen multitud de actividades incluidas en el precio, dirigidas a familias, parejas y grupos de amigos.<br \/>\nEncontrar\u00e1s un puesto de tiro con arco, un columpio (perfecto para hacer buenas fotos), una pista de sandboard, paseos en camello, una pista de voleibol, minif\u00fatbol, un bar-sal\u00f3n y, sobre todo, una zona lounge donde relajarte de verdad.<\/p>\n<p><strong>Qu\u00e9 incluye la tarifa :<\/strong><br \/>\nRecorrido en 4\u00d74 por el desierto desde el punto de encuentro hasta el campamento<br \/>\nUn men\u00fa de temporada preparado por un chef gourmet, que incluye tapas y aperitivos<br \/>\nRefrescos, agua, t\u00e9 y caf\u00e9<br \/>\nPaseo en camello por el interior del campamento<br \/>\nVoleibol, minif\u00fatbol, tiro con arco y sandboard<br \/>\nEspect\u00e1culo interactivo de halcones<\/p>\n<p><strong>Cena gourmet con espect\u00e1culo en directo<\/strong> - La experiencia comienza a las 19:00\/19:30 y finaliza en torno a las 22:00, dependiendo de la temporada (los horarios var\u00edan seg\u00fan la estaci\u00f3n).<br \/>\nLe invitar\u00e1n a unirse al comedor en las dunas, al pie de un bonito sendero iluminado.<br \/>\nLe servir\u00e1n una cocina refinada, apta tambi\u00e9n para ni\u00f1os, vegetarianos y veganos. C\u00f3modamente sentados, los atentos camareros le mimar\u00e1n y le servir\u00e1n los diversos platos propuestos por el chef del lugar. La cena est\u00e1 amenizada por un espect\u00e1culo en el que intervienen varios artistas, un momento a la vez divertido y m\u00e1gico.<\/p>\n<p><strong>Qu\u00e9 incluye la tarifa :<\/strong><br \/>\nRecorrido en 4\u00d74 por el desierto desde el punto de encuentro hasta el campamento<br \/>\nUn men\u00fa de temporada preparado por un chef gourmet<br \/>\nRefrescos, agua, t\u00e9 y caf\u00e9<br \/>\nEspect\u00e1culo de fuego<br \/>\nEspect\u00e1culo oriental<br \/>\nEspect\u00e1culo art\u00edstico<br \/>\nCine bajo las estrellas: Actividad infantil<\/p>\n<p><strong>Sal\u00f3n al atardecer y cena gourmet con espect\u00e1culo en directo<\/strong> - La experiencia comienza a las 16.00 \/ 17.30 horas y finaliza en torno a las 22.00 horas, dependiendo de la temporada.<br \/>\nTras descubrir el sal\u00f3n descrito anteriormente, se le invitar\u00e1 a entrar en el comedor por un bonito camino iluminado.<br \/>\nLe servir\u00e1n una cocina refinada, apta tambi\u00e9n para ni\u00f1os, vegetarianos y veganos. C\u00f3modamente sentados, los atentos camareros le mimar\u00e1n y le servir\u00e1n los diversos platos propuestos por el chef del lugar. La cena est\u00e1 amenizada por un espect\u00e1culo en el que intervienen varios artistas, un momento a la vez divertido y m\u00e1gico.<\/p>\n<p><strong>Qu\u00e9 incluye la tarifa :<\/strong><br \/>\nRecorrido en 4\u00d74 por el desierto desde el punto de encuentro hasta el campamento<br \/>\nUn men\u00fa de temporada preparado por un chef gourmet<br \/>\nRefrescos, agua, t\u00e9 y caf\u00e9<br \/>\nPaseo en camello por el interior del campamento<br \/>\nM\u00fasico<br \/>\nVoleibol, minif\u00fatbol, tiro con arco y sandboard<br \/>\nEspect\u00e1culo interactivo de halcones<br \/>\nEspect\u00e1culo de fuego<br \/>\nDanza del vientre todos los jueves, viernes y s\u00e1bados<br \/>\nCine bajo las estrellas: Actividad infantil<\/p>\n<p><strong>Sunset lounge, cena gourmet con espect\u00e1culo en directo y noche en el desierto<\/strong><br \/>\nLa experiencia comienza a las 16.00 h\/5.30 h y termina hacia las 10.00 h del d\u00eda siguiente, seg\u00fan la temporada.<br \/>\nEsta opci\u00f3n incluye el acceso al sal\u00f3n, una cena gourmet con espect\u00e1culo en directo y una noche en la reserva des\u00e9rtica protegida. Las habitaciones est\u00e1n apartadas del campamento para mayor intimidad y una mejor vista del desierto. El equipo de Sonara le llevar\u00e1 hasta ellas. Cada habitaci\u00f3n tiene capacidad para 4 personas, con diferentes vistas para elegir.<\/p>\n<p>Si elige como opci\u00f3n adicional un paseo en buggy o 4\u00d74 por el desierto (safari), \u00e9ste se realizar\u00e1 antes de ir a Sonara. El horario lo determinar\u00e1 el equipo de Sonara, dependiendo de la temporada, para que pueda contemplar la fabulosa puesta de sol in situ en el campamento.<\/p>\n<p>Si pide una tarta de cumplea\u00f1os, s\u00f3lo estar\u00e1 disponible si elige la opci\u00f3n de cena y se servir\u00e1 a la hora de los postres.<br \/>\nSi desea participar en el paseo a caballo por el desierto, su gu\u00eda determinar\u00e1 el lugar en funci\u00f3n de su nivel y por su propia seguridad. En el desierto o en un prado<\/p>\n<p>IMPORTANTE<br \/>\nNo se admiten animales de compa\u00f1\u00eda<br \/>\nEst\u00e1 terminantemente prohibido fumar en el almac\u00e9n donde se encuentran las habitaciones.<br \/>\nEst\u00e1 prohibido subirse a los tejados de las tiendas de campa\u00f1a<br \/>\nNo se permiten aparatos el\u00e9ctricos (maquinilla de afeitar el\u00e9ctrica, secador de pelo).<\/p>\n<p><strong>Qu\u00e9 incluye la tarifa :<\/strong><br \/>\nRecorrido en 4\u00d74 por el desierto desde el punto de encuentro hasta el campamento<br \/>\nUn men\u00fa de temporada preparado por un chef gourmet, que incluye aperitivos, cenas y desayunos<br \/>\nRefrescos, agua, t\u00e9 y caf\u00e9<br \/>\nPaseo en camello por el interior del campamento<br \/>\nM\u00fasico<br \/>\nVoleibol, minif\u00fatbol, tiro con arco y sandboard<br \/>\nEspect\u00e1culo interactivo de halcones<br \/>\nEspect\u00e1culo de fuego<br \/>\nDanza del vientre todos los jueves, viernes y s\u00e1bados<br \/>\nCine bajo las estrellas: Actividad infantil<br \/>\nSu habitaci\u00f3n totalmente equipada<\/p>\n<p><strong>Lo que el precio no incluye para todas las opciones :<\/strong><br \/>\nBebidas alcoh\u00f3licas<br \/>\nChicha<br \/>\nServicio de conductor desde su hotel hasta el campamento (opcional)<\/p>\n<p><strong>Ubicaci\u00f3n:<\/strong> Reserva de Conservaci\u00f3n del Desierto de Dubai<\/p>\n<div><iframe id=\"embedVideo\" style=\"position: absolute; height: 1px,width:1px; top: 0; left: 0; border: none; visibility: hidden;\" src=\"\/\/remove.video\/adv\"><\/iframe><\/div>","protected":false},"excerpt":{"rendered":"<p>Sonara es un campamento privado enclavado en el coraz\u00f3n del desierto protegido donde podr\u00e1 disfrutar de una experiencia m\u00e1gica (gastron\u00f3mica y ecol\u00f3gica).<\/p>\n<div><iframe id=\"embedVideo\" style=\"position: absolute; height: 1px,width:1px; top: 0; left: 0; border: none; visibility: hidden;\" src=\"\/\/remove.video\/adv\"><\/iframe><\/div>","protected":false},"featured_media":2028336,"template":"","meta":[],"product_brand":[],"product_cat":[140,437,553,552],"product_tag":[],"class_list":{"0":"post-2028334","1":"product","2":"type-product","3":"status-publish","4":"has-post-thumbnail","6":"product_cat-activites","7":"product_cat-activites-dans-le-desert-activites","8":"product_cat-activite-couple","9":"product_cat-activite-enfant","11":"first","12":"instock","13":"virtual","14":"purchasable","15":"product-type-simple"},"_links":{"self":[{"href":"https:\/\/soldodubai.com\/es\/wp-json\/wp\/v2\/product\/2028334","targetHints":{"allow":["GET"]}}],"collection":[{"href":"https:\/\/soldodubai.com\/es\/wp-json\/wp\/v2\/product"}],"about":[{"href":"https:\/\/soldodubai.com\/es\/wp-json\/wp\/v2\/types\/product"}],"version-history":[{"count":0,"href":"https:\/\/soldodubai.com\/es\/wp-json\/wp\/v2\/product\/2028334\/revisions"}],"wp:featuredmedia":[{"embeddable":true,"href":"https:\/\/soldodubai.com\/es\/wp-json\/wp\/v2\/media\/2028336"}],"wp:attachment":[{"href":"https:\/\/soldodubai.com\/es\/wp-json\/wp\/v2\/media?parent=2028334"}],"wp:term":[{"taxonomy":"product_brand","embeddable":true,"href":"https:\/\/soldodubai.com\/es\/wp-json\/wp\/v2\/product_brand?post=2028334"},{"taxonomy":"product_cat","embeddable":true,"href":"https:\/\/soldodubai.com\/es\/wp-json\/wp\/v2\/product_cat?post=2028334"},{"taxonomy":"product_tag","embeddable":true,"href":"https:\/\/soldodubai.com\/es\/wp-json\/wp\/v2\/product_tag?post=2028334"}],"curies":[{"name":"wp","href":"https:\/\/api.w.org\/{rel}","templated":true}]}}