{"id":2030449,"date":"2021-10-28T18:17:00","date_gmt":"2021-10-28T17:17:00","guid":{"rendered":"http:\/\/13.36.131.153\/p\/ain-dubai-copy\/"},"modified":"2025-01-27T03:40:53","modified_gmt":"2025-01-27T02:40:53","slug":"sessaofotograficaemdubai","status":"publish","type":"product","link":"https:\/\/soldodubai.com\/es\/p\/sessaofotograficaemdubai\/","title":{"rendered":"SESI\u00d3N DE FOTOS EN DUBAI"},"content":{"rendered":"<p>Inmortalice su estancia en Dubai con un fot\u00f3grafo profesional.<br \/>\nPose en solitario, en pareja, con la familia o los amigos en el lugar de su elecci\u00f3n. Cree un recuerdo imborrable durante esta sesi\u00f3n fotogr\u00e1fica.<\/p>\n<p><strong>Qu\u00e9 incluye el precio del paquete est\u00e1ndar:<\/strong><br \/>\nToda la sesi\u00f3n de fotos en formato digital para uso en la web e impresi\u00f3n<br \/>\n10 fotos que ser\u00e1n seleccionadas y retocadas por el fot\u00f3grafo<br \/>\nSesi\u00f3n de fotos de 1 hora<br \/>\nSi desea hacerlo en nuestra parte del desierto llamada Al Badayer (desierto naranja\/rojo), el buggy que le llevar\u00e1 a la duna tambi\u00e9n est\u00e1 incluido.<br \/>\n+ cualquier opci\u00f3n adicional que a\u00f1ada<\/p>\n<p>Info: Por razones de propiedad privada o de derechos de imagen, el fot\u00f3grafo necesitar\u00e1 una autorizaci\u00f3n que usted deber\u00e1 obtener de antemano para poder realizar esta sesi\u00f3n de fotos. Por ejemplo, si desea realizar la sesi\u00f3n de fotos en su hotel o en un hotel en particular, si desea realizar la sesi\u00f3n de fotos cerca del Burj Khalifa (muy dif\u00edcil de obtener para esto \u00faltimo).<br \/>\nSin embargo, algunos lugares no requieren autorizaci\u00f3n, por ejemplo: el desierto, la media luna de palmeras de Jumeirah, el puerto deportivo de Dubai y el Skydive de Dubai.<\/p>","protected":false},"excerpt":{"rendered":"<p>Pose en solitario, en pareja, con la familia o los amigos en el lugar de su elecci\u00f3n. Cree un recuerdo imperecedero durante esta sesi\u00f3n fotogr\u00e1fica.<\/p>","protected":false},"featured_media":2032439,"template":"","meta":[],"product_brand":[],"product_cat":[437,150,138],"product_tag":[],"class_list":{"0":"post-2030449","1":"product","2":"type-product","3":"status-publish","4":"has-post-thumbnail","6":"product_cat-activites-dans-le-desert-activites","7":"product_cat-parc-dattractions-aquatiques","8":"product_cat-activites-en-ville-parcs-dattractions","10":"first","11":"instock","12":"virtual","13":"purchasable","14":"product-type-simple"},"_links":{"self":[{"href":"https:\/\/soldodubai.com\/es\/wp-json\/wp\/v2\/product\/2030449","targetHints":{"allow":["GET"]}}],"collection":[{"href":"https:\/\/soldodubai.com\/es\/wp-json\/wp\/v2\/product"}],"about":[{"href":"https:\/\/soldodubai.com\/es\/wp-json\/wp\/v2\/types\/product"}],"version-history":[{"count":0,"href":"https:\/\/soldodubai.com\/es\/wp-json\/wp\/v2\/product\/2030449\/revisions"}],"wp:featuredmedia":[{"embeddable":true,"href":"https:\/\/soldodubai.com\/es\/wp-json\/wp\/v2\/media\/2032439"}],"wp:attachment":[{"href":"https:\/\/soldodubai.com\/es\/wp-json\/wp\/v2\/media?parent=2030449"}],"wp:term":[{"taxonomy":"product_brand","embeddable":true,"href":"https:\/\/soldodubai.com\/es\/wp-json\/wp\/v2\/product_brand?post=2030449"},{"taxonomy":"product_cat","embeddable":true,"href":"https:\/\/soldodubai.com\/es\/wp-json\/wp\/v2\/product_cat?post=2030449"},{"taxonomy":"product_tag","embeddable":true,"href":"https:\/\/soldodubai.com\/es\/wp-json\/wp\/v2\/product_tag?post=2030449"}],"curies":[{"name":"wp","href":"https:\/\/api.w.org\/{rel}","templated":true}]}}