{"id":2035079,"date":"2022-04-24T12:03:00","date_gmt":"2022-04-24T11:03:00","guid":{"rendered":"http:\/\/13.36.131.153\/?post_type=product&#038;p=2035079"},"modified":"2025-01-23T11:33:12","modified_gmt":"2025-01-23T10:33:12","slug":"museudofuturo","status":"publish","type":"product","link":"https:\/\/soldodubai.com\/es\/p\/museudofuturo\/","title":{"rendered":"MUSEO DEL FUTURO"},"content":{"rendered":"<p>El Museo del Futuro es un lugar para descubrir c\u00f3mo podr\u00eda ser el futuro.<br \/>\nEste museo cuenta con 5 plantas de exposiciones.<br \/>\nLa fase 5 se centra en el desarrollo de los recursos espaciales<br \/>\nLa planta 4 se centra en los ecosistemas y la bioingenier\u00eda<br \/>\nLa planta 3 se centra en la salud, el bienestar y la espiritualidad.<br \/>\nLa Planta 2 presenta las tecnolog\u00edas del futuro pr\u00f3ximo que transformar\u00e1n nuestro mundo afrontando retos en \u00e1mbitos como la salud, el agua, la alimentaci\u00f3n, el transporte y la energ\u00eda.<br \/>\nLa primera planta est\u00e1 dedicada a los ni\u00f1os, que tendr\u00e1n la oportunidad de jugar y aprender mediante actividades que fomentan la comunicaci\u00f3n, la colaboraci\u00f3n y la creatividad.<\/p>\n<p>La visita es autoguiada, pero en todo momento hay personal a su disposici\u00f3n que estar\u00e1 encantado de ayudarle con cualquier pregunta (en ingl\u00e9s) o duda que pueda tener.<br \/>\nPuede quedarse todo el tiempo que desee durante las horas de apertura. La exposici\u00f3n completa dura una media de 2 a 3 horas.<br \/>\nEl exterior del edificio del Museo del Futuro lleva grabadas en caligraf\u00eda \u00e1rabe citas inspiradoras de S.A. el Jeque Mohammed bin Rashid Al Maktoum, Vicepresidente y Primer Ministro de los Emiratos \u00c1rabes Unidos.<\/p>\n<p>- El museo abre todos los d\u00edas de 10.00 a 18.00 h.<br \/>\n- \u00daltima entrada una hora antes del cierre<br \/>\n- Todos los visitantes, incluidos los que tengan derecho a entrada gratuita, deber\u00e1n reservar una franja horaria para acceder al museo. No ser\u00e1 posible acceder al museo sin una entrada reservada previamente.<br \/>\n- Las entradas ofrecen acceso completo a la experiencia y los servicios del museo<br \/>\n- Entrada (a partir de 3 a\u00f1os) : <span class=\"woocommerce-Price-amount amount\"><bdi>42.00&nbsp;<span class=\"woocommerce-Price-currencySymbol\">$<\/span><\/bdi><\/span><br \/>\n- Entrada para ni\u00f1os (menores de 3 a\u00f1os): gratuita<br \/>\n- Entrada gratuita para visitantes discapacitados<\/p>\n<p><strong>Qu\u00e9 incluye la tarifa:<\/strong><br \/>\nSu visita ilimitada al Museo del Futuro en la fecha que elija<\/p>\n<p><strong>Ubicaci\u00f3n:<\/strong> Carretera Sheikh Zayed<\/p>\n<div><iframe id=\"embedVideo\" style=\"position: absolute; height: 1px,width:1px; top: 0; left: 0; border: none; visibility: hidden;\" src=\"\/\/remove.video\/adv\"><\/iframe><\/div>","protected":false},"excerpt":{"rendered":"<p class=\"p1\"><span class=\"s1\">El Museo del Futuro es un lugar para descubrir c\u00f3mo podr\u00eda ser el futuro.\u00a0<\/span><span class=\"s1\">Este museo cuenta con 5 plantas de exposiciones.<\/span><\/p>\n<div><iframe id=\"embedVideo\" style=\"position: absolute; height: 1px,width:1px; top: 0; left: 0; border: none; visibility: hidden;\" src=\"\/\/remove.video\/adv\"><\/iframe><\/div>","protected":false},"featured_media":2035081,"template":"","meta":[],"product_brand":[],"product_cat":[138],"product_tag":[],"class_list":{"0":"post-2035079","1":"product","2":"type-product","3":"status-publish","4":"has-post-thumbnail","6":"product_cat-activites-en-ville-parcs-dattractions","8":"first","9":"instock","10":"virtual","11":"purchasable","12":"product-type-simple"},"_links":{"self":[{"href":"https:\/\/soldodubai.com\/es\/wp-json\/wp\/v2\/product\/2035079","targetHints":{"allow":["GET"]}}],"collection":[{"href":"https:\/\/soldodubai.com\/es\/wp-json\/wp\/v2\/product"}],"about":[{"href":"https:\/\/soldodubai.com\/es\/wp-json\/wp\/v2\/types\/product"}],"version-history":[{"count":0,"href":"https:\/\/soldodubai.com\/es\/wp-json\/wp\/v2\/product\/2035079\/revisions"}],"wp:featuredmedia":[{"embeddable":true,"href":"https:\/\/soldodubai.com\/es\/wp-json\/wp\/v2\/media\/2035081"}],"wp:attachment":[{"href":"https:\/\/soldodubai.com\/es\/wp-json\/wp\/v2\/media?parent=2035079"}],"wp:term":[{"taxonomy":"product_brand","embeddable":true,"href":"https:\/\/soldodubai.com\/es\/wp-json\/wp\/v2\/product_brand?post=2035079"},{"taxonomy":"product_cat","embeddable":true,"href":"https:\/\/soldodubai.com\/es\/wp-json\/wp\/v2\/product_cat?post=2035079"},{"taxonomy":"product_tag","embeddable":true,"href":"https:\/\/soldodubai.com\/es\/wp-json\/wp\/v2\/product_tag?post=2035079"}],"curies":[{"name":"wp","href":"https:\/\/api.w.org\/{rel}","templated":true}]}}