{"id":2036460,"date":"2022-07-27T12:46:00","date_gmt":"2022-07-27T11:46:00","guid":{"rendered":"http:\/\/13.36.131.153\/?post_type=product&#038;p=2036460"},"modified":"2024-08-02T16:14:29","modified_gmt":"2024-08-02T15:14:29","slug":"descobertadastradicoesbeduinas","status":"publish","type":"product","link":"https:\/\/soldodubai.com\/es\/p\/descobertadastradicoesbeduinas\/","title":{"rendered":"DESCUBRIMIENTO DE LAS TRADICIONES BEDUINAS CON DESAYUNO"},"content":{"rendered":"<p>Atraviese la reserva des\u00e9rtica protegida a lomos de un camello como un aut\u00e9ntico n\u00f3mada, donde tendr\u00e1 la oportunidad de conocer a sus habitantes (gacela, oryx). El camello fue el principal medio de locomoci\u00f3n en la Pen\u00ednsula Ar\u00e1biga durante muchos siglos y hasta los a\u00f1os 50 en Oriente Pr\u00f3ximo.<br \/>\nEsta traves\u00eda estar\u00e1 marcada por una pausa durante la cual descubrir\u00e1 al fiel compa\u00f1ero de caza del hombre emirat\u00ed de la \u00e9poca, el galgo afgano, conocido como Slogy, as\u00ed como el emblema nacional de los Emiratos \u00c1rabes Unidos, el halc\u00f3n. Habr\u00e1 una demostraci\u00f3n de caza con halc\u00f3n, y podr\u00e1 admirar y medir su impresionante velocidad punta.<br \/>\nLa excursi\u00f3n contin\u00faa adentr\u00e1ndose en el coraz\u00f3n del desierto hasta un t\u00edpico campamento beduino, r\u00e9plica perfecta de las tribus de anta\u00f1o.<br \/>\nLe recibir\u00e1n c\u00e1lidos anfitriones emirat\u00edes que estar\u00e1n encantados de ense\u00f1arle a preparar un desayuno de platos t\u00edpicos emirat\u00edes, as\u00ed como a hornear pan.<br \/>\nEn torno a una mesa y asientos en el suelo, descubrir\u00e1 sabores emirat\u00edes acompa\u00f1ado por sus anfitriones emirat\u00edes, que amenizar\u00e1n este c\u00e1lido momento con bailes y canciones tradicionales.<br \/>\nTras este momento de convivencia, continuar\u00e1 la excursi\u00f3n con un safari en un land rover de \u00e9poca para explorar m\u00e1s a fondo la reserva des\u00e9rtica antes de regresar a la ciudad.<\/p>\n<p>-Excursi\u00f3n para ni\u00f1os a partir de 5 a\u00f1os<br \/>\n-No autorizado para ni\u00f1os menores de 5 a\u00f1os y mujeres embarazadas<br \/>\n-Salida entre las 5.30 h y las 7.00 h seg\u00fan la temporada<br \/>\n-Vuelta entre las 10.30 y las 12.00 seg\u00fan la temporada<\/p>\n<p><strong>Composici\u00f3n del desayuno<\/strong> :<br \/>\nCabello de \u00e1ngel con cardamomo<br \/>\nJud\u00edas con aceite de oliva y lim\u00f3n<br \/>\nQueso de leche de vaca fermentada con d\u00e1til<br \/>\nTortita con sirope de d\u00e1tiles y miel<br \/>\nPan tradicional con leche y miel<br \/>\nAgua, t\u00e9 y caf\u00e9<\/p>\n<p><strong>Qu\u00e9 incluye la tarifa :<\/strong><br \/>\nTraslados de ida y vuelta al hotel<br \/>\nPaseo en camello ( 20 minutos )<br \/>\nDemostraci\u00f3n de caza de halcones<br \/>\nPresentaci\u00f3n de su compa\u00f1ero de caza (slogy)<br \/>\nDesayuno t\u00edpico emirat\u00ed<br \/>\nSafari en un Land Rover de \u00e9poca ( 60 minutos)<\/p>\n<p>De cortes\u00eda:<br \/>\nBufanda<br \/>\nFrasco<br \/>\nTatuaje de henna<br \/>\nBolsa de paja<\/p>\n<p><strong>Ubicaci\u00f3n:<\/strong> Reserva de conservaci\u00f3n del desierto de Dubai<\/p>","protected":false},"excerpt":{"rendered":"<p>Atraviese la reserva des\u00e9rtica protegida como un aut\u00e9ntico n\u00f3mada a lomos de un camello, donde tendr\u00e1 la oportunidad de conocer a sus habitantes (gacela, oryx). El camello fue el principal medio de locomoci\u00f3n en la Pen\u00ednsula Ar\u00e1biga durante muchos siglos, y hasta...<\/p>","protected":false},"featured_media":2036462,"template":"","meta":[],"product_brand":[],"product_cat":[140,437,553],"product_tag":[],"class_list":{"0":"post-2036460","1":"product","2":"type-product","3":"status-publish","4":"has-post-thumbnail","6":"product_cat-activites","7":"product_cat-activites-dans-le-desert-activites","8":"product_cat-activite-couple","10":"first","11":"instock","12":"virtual","13":"purchasable","14":"product-type-simple"},"_links":{"self":[{"href":"https:\/\/soldodubai.com\/es\/wp-json\/wp\/v2\/product\/2036460","targetHints":{"allow":["GET"]}}],"collection":[{"href":"https:\/\/soldodubai.com\/es\/wp-json\/wp\/v2\/product"}],"about":[{"href":"https:\/\/soldodubai.com\/es\/wp-json\/wp\/v2\/types\/product"}],"version-history":[{"count":0,"href":"https:\/\/soldodubai.com\/es\/wp-json\/wp\/v2\/product\/2036460\/revisions"}],"wp:featuredmedia":[{"embeddable":true,"href":"https:\/\/soldodubai.com\/es\/wp-json\/wp\/v2\/media\/2036462"}],"wp:attachment":[{"href":"https:\/\/soldodubai.com\/es\/wp-json\/wp\/v2\/media?parent=2036460"}],"wp:term":[{"taxonomy":"product_brand","embeddable":true,"href":"https:\/\/soldodubai.com\/es\/wp-json\/wp\/v2\/product_brand?post=2036460"},{"taxonomy":"product_cat","embeddable":true,"href":"https:\/\/soldodubai.com\/es\/wp-json\/wp\/v2\/product_cat?post=2036460"},{"taxonomy":"product_tag","embeddable":true,"href":"https:\/\/soldodubai.com\/es\/wp-json\/wp\/v2\/product_tag?post=2036460"}],"curies":[{"name":"wp","href":"https:\/\/api.w.org\/{rel}","templated":true}]}}