{"id":2036589,"date":"2022-08-08T08:37:00","date_gmt":"2022-08-08T07:37:00","guid":{"rendered":"http:\/\/13.36.131.153\/p\/musee-du-futur-copy-2\/"},"modified":"2024-08-02T16:13:48","modified_gmt":"2024-08-02T15:13:48","slug":"observatorioskyviews","status":"publish","type":"product","link":"https:\/\/soldodubai.com\/es\/p\/observatorioskyviews\/","title":{"rendered":"OBSERVATORIO SKYVIEWS"},"content":{"rendered":"<p><strong>Observatorio Skyviews:<\/strong><br \/>\nSituado en las plantas 52 y 53 del hotel Address Sky View, el observatorio ofrece una experiencia inolvidable a los residentes y visitantes de Dubai. El ascensor panor\u00e1mico de cristal le elevar\u00e1 m\u00e1s de 219,5 metros para llegar a la actividad.<br \/>\nEn la planta 52, descubrir\u00e1 una pasarela acristalada de 46 metros rodeada de grandes ventanales que ofrecen unas vistas espectaculares del fabuloso horizonte y la resplandeciente ciudad de Dubai.<br \/>\nM\u00e1s que una simple plataforma de observaci\u00f3n, el observatorio Sky Views es una atracci\u00f3n \u00fanica.<\/p>\n<p>- Abierto todos los d\u00edas de 10 a 22 horas<br \/>\n- \u00daltima entrada una hora antes del cierre<br \/>\n- Prohibido llevar tacones, chanclas o chanclas<\/p>\n<p><strong>Qu\u00e9 incluye la tarifa:<\/strong><br \/>\nSu visita ilimitada al Observatorio Skyviews en la fecha que elija<br \/>\nAcceso a la pasarela acristalada sobre el vac\u00edo<\/p>\n<p><strong>Observatorio Skyviews y Paseo Vertiginoso<\/strong><br \/>\nAdem\u00e1s de la visita al observatorio descrita anteriormente, podr\u00e1 disfrutar de una vista de p\u00e1jaro de la ciudad y del Burj Khalifa.<br \/>\nEl Paseo Vertiginoso es una de las atracciones m\u00e1s emocionantes de Dubai y la primera de este tipo en la regi\u00f3n. Se trata del paseo m\u00e1s alto de la ciudad, sobre una cornisa que rodea la parte superior de la g\u00f3ndola principal de la torre, a m\u00e1s de 219,5 metros sobre el suelo, sin ventanas ni otras barreras de protecci\u00f3n, pero asegurado por un arn\u00e9s.<\/p>\n<p>- Autorizado para personas de entre 12 y 65 a\u00f1os<br \/>\n- Se requiere una buena condici\u00f3n f\u00edsica<br \/>\n- Formadores obligatorios<br \/>\n- No apto para embarazadas<br \/>\n- No apto para personas propensas al malestar<br \/>\n- Pesa entre 30 y 120 kg<br \/>\n- Mide entre 135cms y 200cms<br \/>\n- Esta actividad est\u00e1 sujeta a las condiciones meteorol\u00f3gicas y puede cancelarse o aplazarse en caso de mal tiempo.<br \/>\n- Actividad disponible de 12.00 a 20.30<\/p>\n<p><strong>Qu\u00e9 incluye la tarifa:<\/strong><br \/>\nSu visita ilimitada al Observatorio Skyviews en la fecha que elija<br \/>\nAcceso a la pasarela acristalada sobre el vac\u00edo<br \/>\nEl paseo en g\u00f3ndola acompa\u00f1ado por un instructor, aprox. 20 minutos<br \/>\nSu equipo de seguridad<br \/>\nAparcamiento gratuito<\/p>\n<p><strong>Observatorio Skyviews y Burj Khalifa En la cima\u00a0<\/strong><br \/>\nPara esta combinaci\u00f3n, Skyview se visitar\u00e1 despu\u00e9s de En la cima Burj Khalifa.<br \/>\nSi desea una descripci\u00f3n de la visita a los observatorios del Burj Khalifa (plantas 124, 125 y 148), consulte <a href=\"https:\/\/soldodubai.com\/es\/p\/at-the-top-burj-khalifa-combo-aquarium-underwater-zoo\/\">haciendo clic aqu\u00ed<\/a><\/p>\n<p><strong>Ubicaci\u00f3n:<\/strong> Direcci\u00f3n Skyview Hotel<br \/>\nSe puede acceder a esta actividad a trav\u00e9s de la estaci\u00f3n de metro del centro comercial Dubai mall, el centro comercial Dubai mall y la parte de la residencia del hotel Skyview (entrada de la residencia, no entrada del hotel).<\/p>","protected":false},"excerpt":{"rendered":"<p class=\"p1\"><span class=\"s1\">Una magn\u00edfica panor\u00e1mica del centro de Dubai desde el observatorio Skyviews.\u00a0<\/span><\/p>","protected":false},"featured_media":2036591,"template":"","meta":[],"product_brand":[],"product_cat":[140,138],"product_tag":[],"class_list":{"0":"post-2036589","1":"product","2":"type-product","3":"status-publish","4":"has-post-thumbnail","6":"product_cat-activites","7":"product_cat-activites-en-ville-parcs-dattractions","9":"first","10":"instock","11":"virtual","12":"purchasable","13":"product-type-simple"},"_links":{"self":[{"href":"https:\/\/soldodubai.com\/es\/wp-json\/wp\/v2\/product\/2036589","targetHints":{"allow":["GET"]}}],"collection":[{"href":"https:\/\/soldodubai.com\/es\/wp-json\/wp\/v2\/product"}],"about":[{"href":"https:\/\/soldodubai.com\/es\/wp-json\/wp\/v2\/types\/product"}],"version-history":[{"count":0,"href":"https:\/\/soldodubai.com\/es\/wp-json\/wp\/v2\/product\/2036589\/revisions"}],"wp:featuredmedia":[{"embeddable":true,"href":"https:\/\/soldodubai.com\/es\/wp-json\/wp\/v2\/media\/2036591"}],"wp:attachment":[{"href":"https:\/\/soldodubai.com\/es\/wp-json\/wp\/v2\/media?parent=2036589"}],"wp:term":[{"taxonomy":"product_brand","embeddable":true,"href":"https:\/\/soldodubai.com\/es\/wp-json\/wp\/v2\/product_brand?post=2036589"},{"taxonomy":"product_cat","embeddable":true,"href":"https:\/\/soldodubai.com\/es\/wp-json\/wp\/v2\/product_cat?post=2036589"},{"taxonomy":"product_tag","embeddable":true,"href":"https:\/\/soldodubai.com\/es\/wp-json\/wp\/v2\/product_tag?post=2036589"}],"curies":[{"name":"wp","href":"https:\/\/api.w.org\/{rel}","templated":true}]}}