{"id":2036749,"date":"2022-08-17T15:16:00","date_gmt":"2022-08-17T14:16:00","guid":{"rendered":"http:\/\/13.36.131.153\/p\/observatoire-skyviews-copy\/"},"modified":"2024-08-02T16:12:10","modified_gmt":"2024-08-02T15:12:10","slug":"visiteaoburjalarab","status":"publish","type":"product","link":"https:\/\/soldodubai.com\/es\/p\/visiteaoburjalarab\/","title":{"rendered":"VISITA AL BURJ AL ARAB"},"content":{"rendered":"<p>Realice un recorrido inmersivo por este lugar emblem\u00e1tico de Dubai.<br \/>\nUna vez que llegue al punto de encuentro cerca del hotel de la playa de Jumeirah, un amable equipo le dar\u00e1 la bienvenida en un sal\u00f3n antes de dirigirle a un carrito de golf que le llevar\u00e1 hasta las puertas del Burj Al Arab.<\/p>\n<p>De camino a esta maravilla arquitect\u00f3nica, puede hacer una pausa para hacerse unas fotos con el Burj Al Arab de fondo.<br \/>\nCuanto m\u00e1s conduzca hacia este hotel, m\u00e1s se dar\u00e1 cuenta de su impresionante tama\u00f1o.<br \/>\nUna vez que llegue a la recepci\u00f3n para esta visita, le guiar\u00e1n por el vest\u00edbulo de recepci\u00f3n, pasar\u00e1 por delante del acuario antes de llegar al ascensor de cristal que le llevar\u00e1 casi hasta la cima, en la planta 25.<\/p>\n<p>En la primera sala podr\u00e1 descubrir todos los secretos del Burj Al Arab, su historia y los acontecimientos relacionados con este establecimiento.<br \/>\nSe ofrecer\u00e1 una divertida sesi\u00f3n fotogr\u00e1fica y podr\u00e1 comprar estas originales fotos por un suplemento.<\/p>\n<p>El recorrido contin\u00faa con una visita a la fabulosa y lujosa suite presidencial aut\u00e9ntica, donde se han alojado Nelson Mandela, Cristiano Ronaldo, David Beckham y Justin Bieber, por citar s\u00f3lo algunos.<br \/>\nLas caracter\u00edsticas distintivas de esta suite son los elementos decorativos, el televisor y el cuarto de ba\u00f1o, todos ellos de oro de 24 quilates. Disfrutar\u00e1 de lo \u00faltimo en lujo, con sal\u00f3n, sala de reuniones, vestidor, comedor, dormitorio Queen con jacuzzi de m\u00e1rmol y dormitorio principal con cama giratoria.<\/p>\n<p>Puede completar su visita con una opci\u00f3n que le permitir\u00e1 disfrutar del sal\u00f3n y tomar una bebida caliente (incluido el famoso caf\u00e9 con oro) o fr\u00eda; o como segunda opci\u00f3n, cenar en el restaurante.<\/p>\n<p>Duraci\u00f3n de la visita 90 minutos<br \/>\nC\u00f3digo de vestimenta: no se permiten pantalones cortos ni ropa de playa<br \/>\nLas visitas son para grupos de 12 personas como m\u00e1ximo<br \/>\nGratuito para menores de 4 a\u00f1os<\/p>\n<p><strong>Qu\u00e9 incluyen las tarifas :<br \/>\nVisita al Burj Al Arab<\/strong><br \/>\nVisita guiada al Burj Al Arab<br \/>\nAcceso a la suite presidencial<\/p>\n<p><strong>Visita al Burj Al Arab y bebida<\/strong><br \/>\nVisita guiada al Burj Al Arab<br \/>\nAcceso a la suite presidencial<br \/>\nAcceso a la sala VIP Uma<br \/>\n1 refresco o caf\u00e9<\/p>\n<p><strong>Visite el Burj Al Arab y el Capuchino de Oro\u00a0<\/strong><br \/>\nVisita guiada al Burj Al Arab<br \/>\nAcceso a la suite presidencial<br \/>\nAcceso a la sala VIP Uma<br \/>\n1 Capuchino dorado<\/p>\n<p><strong>Visita al Burj Al Arab y cena<\/strong><br \/>\nVisita guiada al Burj Al Arab<br \/>\nAcceso a la suite presidencial<br \/>\nAcceso al restaurante Al Iwan abierto de 19.00 a 24.00 horas<br \/>\nCena - entrante y plato principal o plato principal y postre<\/p>\n<p><strong>Ubicaci\u00f3n:<\/strong> Hotel Burj Al Arab<\/p>","protected":false},"excerpt":{"rendered":"<p class=\"p1\"><span class=\"s1\">Descubra el punto de referencia de Dubai, el hotel de 7 estrellas, el famoso Burj Al Arab.\u00a0<\/span><\/p>","protected":false},"featured_media":2036751,"template":"","meta":[],"product_brand":[],"product_cat":[140,138],"product_tag":[],"class_list":{"0":"post-2036749","1":"product","2":"type-product","3":"status-publish","4":"has-post-thumbnail","6":"product_cat-activites","7":"product_cat-activites-en-ville-parcs-dattractions","9":"first","10":"instock","11":"virtual","12":"purchasable","13":"product-type-simple"},"_links":{"self":[{"href":"https:\/\/soldodubai.com\/es\/wp-json\/wp\/v2\/product\/2036749","targetHints":{"allow":["GET"]}}],"collection":[{"href":"https:\/\/soldodubai.com\/es\/wp-json\/wp\/v2\/product"}],"about":[{"href":"https:\/\/soldodubai.com\/es\/wp-json\/wp\/v2\/types\/product"}],"version-history":[{"count":0,"href":"https:\/\/soldodubai.com\/es\/wp-json\/wp\/v2\/product\/2036749\/revisions"}],"wp:featuredmedia":[{"embeddable":true,"href":"https:\/\/soldodubai.com\/es\/wp-json\/wp\/v2\/media\/2036751"}],"wp:attachment":[{"href":"https:\/\/soldodubai.com\/es\/wp-json\/wp\/v2\/media?parent=2036749"}],"wp:term":[{"taxonomy":"product_brand","embeddable":true,"href":"https:\/\/soldodubai.com\/es\/wp-json\/wp\/v2\/product_brand?post=2036749"},{"taxonomy":"product_cat","embeddable":true,"href":"https:\/\/soldodubai.com\/es\/wp-json\/wp\/v2\/product_cat?post=2036749"},{"taxonomy":"product_tag","embeddable":true,"href":"https:\/\/soldodubai.com\/es\/wp-json\/wp\/v2\/product_tag?post=2036749"}],"curies":[{"name":"wp","href":"https:\/\/api.w.org\/{rel}","templated":true}]}}