{"id":2036763,"date":"2022-08-18T17:29:00","date_gmt":"2022-08-18T16:29:00","guid":{"rendered":"http:\/\/13.36.131.153\/?post_type=product&#038;p=2036763"},"modified":"2025-01-22T16:35:51","modified_gmt":"2025-01-22T15:35:51","slug":"vistodeturista","status":"publish","type":"product","link":"https:\/\/soldodubai.com\/es\/p\/vistodeturista\/","title":{"rendered":"VISADO DE TURISTA PARA LOS EMIRATOS"},"content":{"rendered":"<p>Este servicio est\u00e1 disponible para los viajeros que necesitan un visado de turista para entrar en los Emiratos \u00c1rabes Unidos.<br \/>\nEl visado de entrada \u00fanica es para los viajeros que deseen permanecer \u00fanicamente en los Emiratos \u00c1rabes Unidos (Dubai, Abu Dhabi, Sharjah, Ras Al Khaimah, Fujairah, Umm Al Quwaim).<\/p>\n<p>El visado de entrada m\u00faltiple est\u00e1 destinado a los viajeros que tienen la intenci\u00f3n de realizar excursiones fuera de los Emiratos pero que necesitan regresar a los Emiratos al final de su viaje, por ejemplo en un crucero a Om\u00e1n.<\/p>\n<p>Entrega con visado en 2 d\u00edas laborables<br \/>\nEl documento debe imprimirse y presentarse en el embarque.<\/p>\n<p>Requisitos de visado :<br \/>\nTener un pasaporte v\u00e1lido durante al menos 6 meses<br \/>\nUna foto de pasaporte en color (fondo blanco, hombros cubiertos, sin escote, sin gafas de sol, sin sombreros ni gorras, cara despejada, sin sonre\u00edr)<br \/>\nDisponer de un documento de identidad, tarjeta de residente o recibo<br \/>\nLos menores tambi\u00e9n deben enviar el pasaporte de uno de sus progenitores.<br \/>\nEl visado es v\u00e1lido a partir de la fecha de inicio que haya indicado y expira al final del periodo que haya elegido.<br \/>\nLas autoridades emirat\u00edes pueden denegarle el visado por cualquier motivo o si tiene antecedentes con la justicia emirat\u00ed.<br \/>\nEl visado est\u00e1 sujeto a la aceptaci\u00f3n de las autoridades competentes.<br \/>\nLos titulares de documentos de viaje para refugiados o de pasaportes diplom\u00e1ticos no pueden solicitar un visado para Dubai.<br \/>\n<strong>IMPORTANTE<\/strong> Si se deniega el visado, no se reembolsar\u00e1n los gastos ocasionados.<\/p>","protected":false},"excerpt":{"rendered":"<p class=\"p1\"><span class=\"s1\">Descubra Dubai con el servicio de visados Sol do Dubai.\u00a0<\/span><\/p>","protected":false},"featured_media":2036766,"template":"","meta":[],"product_brand":[],"product_cat":[140,437,150,138],"product_tag":[],"class_list":{"0":"post-2036763","1":"product","2":"type-product","3":"status-publish","4":"has-post-thumbnail","6":"product_cat-activites","7":"product_cat-activites-dans-le-desert-activites","8":"product_cat-parc-dattractions-aquatiques","9":"product_cat-activites-en-ville-parcs-dattractions","11":"first","12":"instock","13":"virtual","14":"purchasable","15":"product-type-simple"},"_links":{"self":[{"href":"https:\/\/soldodubai.com\/es\/wp-json\/wp\/v2\/product\/2036763","targetHints":{"allow":["GET"]}}],"collection":[{"href":"https:\/\/soldodubai.com\/es\/wp-json\/wp\/v2\/product"}],"about":[{"href":"https:\/\/soldodubai.com\/es\/wp-json\/wp\/v2\/types\/product"}],"version-history":[{"count":0,"href":"https:\/\/soldodubai.com\/es\/wp-json\/wp\/v2\/product\/2036763\/revisions"}],"wp:featuredmedia":[{"embeddable":true,"href":"https:\/\/soldodubai.com\/es\/wp-json\/wp\/v2\/media\/2036766"}],"wp:attachment":[{"href":"https:\/\/soldodubai.com\/es\/wp-json\/wp\/v2\/media?parent=2036763"}],"wp:term":[{"taxonomy":"product_brand","embeddable":true,"href":"https:\/\/soldodubai.com\/es\/wp-json\/wp\/v2\/product_brand?post=2036763"},{"taxonomy":"product_cat","embeddable":true,"href":"https:\/\/soldodubai.com\/es\/wp-json\/wp\/v2\/product_cat?post=2036763"},{"taxonomy":"product_tag","embeddable":true,"href":"https:\/\/soldodubai.com\/es\/wp-json\/wp\/v2\/product_tag?post=2036763"}],"curies":[{"name":"wp","href":"https:\/\/api.w.org\/{rel}","templated":true}]}}